{"id":187,"date":"2017-02-15T20:21:41","date_gmt":"2017-02-15T20:21:41","guid":{"rendered":"https:\/\/tmp.cienciapolitica.org.br\/seja-associado\/"},"modified":"2026-01-20T19:03:17","modified_gmt":"2026-01-20T19:03:17","slug":"seja-associado","status":"publish","type":"page","link":"https:\/\/cienciapolitica.org.br\/web\/institucional\/seja-associado\/","title":{"rendered":"Seja um associado"},"content":{"rendered":"\t\t<div data-elementor-type=\"wp-page\" data-elementor-id=\"187\" class=\"elementor elementor-187\">\n\t\t\t\t<div class=\"elementor-element elementor-element-2079799e e-flex e-con-boxed wpr-particle-no wpr-jarallax-no wpr-parallax-no wpr-sticky-section-no wpr-equal-height-no e-con e-parent\" data-id=\"2079799e\" data-element_type=\"container\" data-e-type=\"container\">\n\t\t\t\t\t<div class=\"e-con-inner\">\n\t\t\t\t<div class=\"elementor-element elementor-element-67b4891c elementor-widget elementor-widget-text-editor\" data-id=\"67b4891c\" data-element_type=\"widget\" data-e-type=\"widget\" data-widget_type=\"text-editor.default\">\n\t\t\t\t<div class=\"elementor-widget-container\">\n\t\t\t\t\t\t\t\t\t<p><strong>A afilia\u00e7\u00e3o \u00e0 ABCP \u00e9 individual<\/strong>.<\/p>\n<p>Veja a seguir as tr\u00eas modalidades de associa\u00e7\u00e3o previstas pela ABCP, bem como os respectivos valores de anuidade vigentes:<\/p>\n<table border=\"0\" cellspacing=\"0\" cellpadding=\"0\">\n<thead>\n<tr>\n<th scope=\"col\">Modalidade<\/th>\n<th style=\"width: 501px;\" scope=\"col\">Descri\u00e7\u00e3o<\/th>\n<th style=\"width: 147px;\" scope=\"col\"><strong>Anuidade<\/strong><\/th>\n<\/tr>\n<\/thead>\n<tbody>\n<tr>\n<td><strong>S\u00f3cios Efetivos<\/strong><\/td>\n<td style=\"width: 501px;\">\n<ul>\n<li>Doutoras\/es ou possuidoras\/es de titula\u00e7\u00e3o equivalente ou mais elevada em Ci\u00eancia Pol\u00edtica;<\/li>\n<li>Doutorandas\/os regularmente matriculadas\/os em Programa de P\u00f3s-gradua\u00e7\u00e3o em Ci\u00eancia Pol\u00edtica (com comprovante atualizado de matr\u00edcula);<\/li>\n<li>As\/os professoras\/es de Ci\u00eancia Pol\u00edtica, com titula\u00e7\u00e3o de, pelo menos, mestra\/e em Ci\u00eancia Pol\u00edtica, mediante requerimento justificado e aprova\u00e7\u00e3o da Diretoria em at\u00e9 sessenta dias.<\/li>\n<\/ul>\n<\/td>\n<td style=\"width: 147px;\">&nbsp; &nbsp; &nbsp; &nbsp; &nbsp;R$ 275,00<\/td>\n<\/tr>\n<tr>\n<td><strong>S\u00f3cios Profissionais<\/strong><\/td>\n<td style=\"width: 501px;\">\n<ul>\n<li>graduadas\/os em Ci\u00eancia Pol\u00edtica ou que, em virtude de suas atividades profissionais, manifestarem interesse pelas atividades da Associa\u00e7\u00e3o, mediante requerimento justificado e aprova\u00e7\u00e3o da Diretoria em at\u00e9 sessenta dias.<\/li>\n<\/ul>\n<\/td>\n<td style=\"width: 147px;\">&nbsp; &nbsp; &nbsp; &nbsp; &nbsp;R$ 260,00<\/td>\n<\/tr>\n<tr>\n<td><strong>S\u00f3cios Estudantes<\/strong><\/td>\n<td style=\"width: 501px;\">\n<ul>\n<li>discentes regularmente matriculadas\/os em cursos de gradua\u00e7\u00e3o ou p\u00f3s-gradua\u00e7\u00e3o <em>stricto sensu<\/em> na \u00e1rea de Ci\u00eancia Pol\u00edtica ou, quando em \u00e1reas afins,&nbsp;mediante requerimento justificado e aprova\u00e7\u00e3o da Diretoria em at\u00e9 sessenta dias.<\/li>\n<\/ul>\n<div>&nbsp;<\/div>\n<div><b>*\u00c9 necess\u00e1rio anexar uma<\/b> <b>declara\u00e7\u00e3o ou comprovante de matr\u00edcula&nbsp;<\/b><span style=\"font-size: 15.3px; font-weight: bold;\">emitido pela institui\u00e7\u00e3o de ensino do semestre atual, ou no m\u00e1ximo do segundo semestre de 2025.<\/span><\/div>\n<\/td>\n<td style=\"width: 147px;\">\n<p style=\"text-align: center;\">&nbsp; &nbsp; &nbsp;R$ 80,00&nbsp; &nbsp; &nbsp; &nbsp; &nbsp; &nbsp; &nbsp;(Graduanda\/o)<\/p>\n<p style=\"text-align: center;\">&nbsp; &nbsp; &nbsp; R$ 110,00&nbsp; &nbsp; &nbsp; &nbsp; &nbsp; (Mestranda\/o)<\/p>\n<p style=\"text-align: center;\">R$ 140,00 (Doutoranda\/o)<\/p>\n<\/td>\n<\/tr>\n<\/tbody>\n<\/table>\n<p>Para tornar-se s\u00f3cio, primeiramente \u00e9 necess\u00e1rio preencher um cadastro.<\/p>\n<p><a href=\"https:\/\/membros.cienciapolitica.org.br\/\" target=\"_blank\" rel=\"noopener\">Acesse o formul\u00e1rio de cadastro<\/a> para criar uma conta no portal da ABCP. Uma vez criada a sua conta, \u00e9 hora de realizar o pagamento&nbsp;da anuidade correspondente \u00e0 sua modalidade de inscri\u00e7\u00e3o. Para isso, siga as instru\u00e7\u00f5es na sua p\u00e1gina de usu\u00e1rio.<\/p>\t\t\t\t\t\t\t\t<\/div>\n\t\t\t\t<\/div>\n\t\t\t\t\t<\/div>\n\t\t\t\t<\/div>\n\t\t\t\t<\/div>\n\t\t","protected":false},"excerpt":{"rendered":"<p>A afilia\u00e7\u00e3o \u00e0 ABCP \u00e9 individual. Veja a seguir as tr\u00eas modalidades de associa\u00e7\u00e3o previstas pela ABCP, bem como os respectivos valores de anuidade vigentes: Modalidade Descri\u00e7\u00e3o Anuidade S\u00f3cios Efetivos Doutoras\/es ou possuidoras\/es de titula\u00e7\u00e3o equivalente ou mais elevada em Ci\u00eancia Pol\u00edtica; Doutorandas\/os regularmente matriculadas\/os em Programa de P\u00f3s-gradua\u00e7\u00e3o em Ci\u00eancia Pol\u00edtica (com comprovante atualizado de matr\u00edcula); As\/os professoras\/es de Ci\u00eancia Pol\u00edtica, com titula\u00e7\u00e3o de, pelo menos, mestra\/e em Ci\u00eancia Pol\u00edtica, mediante requerimento justificado e aprova\u00e7\u00e3o da Diretoria em at\u00e9 sessenta dias. &nbsp; &nbsp; &nbsp; &nbsp; &nbsp;R$ 275,00 S\u00f3cios Profissionais graduadas\/os em Ci\u00eancia Pol\u00edtica ou que, em virtude de suas atividades profissionais, manifestarem interesse pelas atividades da Associa\u00e7\u00e3o, mediante requerimento justificado e aprova\u00e7\u00e3o da Diretoria em at\u00e9 sessenta dias. &nbsp; &nbsp; &nbsp; &nbsp; &nbsp;R$ 260,00 S\u00f3cios Estudantes discentes regularmente matriculadas\/os em cursos de gradua\u00e7\u00e3o ou p\u00f3s-gradua\u00e7\u00e3o stricto sensu na \u00e1rea de Ci\u00eancia Pol\u00edtica ou, quando em \u00e1reas afins,&nbsp;mediante requerimento justificado e aprova\u00e7\u00e3o da Diretoria em at\u00e9 sessenta dias. &nbsp; *\u00c9 necess\u00e1rio anexar uma declara\u00e7\u00e3o ou comprovante de matr\u00edcula&nbsp;emitido pela institui\u00e7\u00e3o de ensino do semestre atual, ou no m\u00e1ximo do segundo semestre de 2025. &nbsp; &nbsp; &nbsp;R$ 80,00&nbsp; &nbsp; &nbsp; &nbsp; &nbsp; &nbsp; &nbsp;(Graduanda\/o) &nbsp; &nbsp; &nbsp; R$ 110,00&nbsp; &nbsp; &nbsp; &nbsp; &nbsp; (Mestranda\/o) R$ 140,00 (Doutoranda\/o) Para tornar-se s\u00f3cio, primeiramente \u00e9 necess\u00e1rio preencher um cadastro. Acesse o formul\u00e1rio de cadastro para criar uma conta no portal da ABCP. Uma vez criada a sua conta, \u00e9 hora de realizar o pagamento&nbsp;da anuidade correspondente \u00e0 sua modalidade de inscri\u00e7\u00e3o. Para isso, siga as instru\u00e7\u00f5es na sua p\u00e1gina de usu\u00e1rio.<\/p>\n","protected":false},"author":3,"featured_media":0,"parent":70,"menu_order":0,"comment_status":"closed","ping_status":"closed","template":"","meta":{"footnotes":""},"class_list":["post-187","page","type-page","status-publish","hentry"],"_links":{"self":[{"href":"https:\/\/cienciapolitica.org.br\/web\/wp-json\/wp\/v2\/pages\/187","targetHints":{"allow":["GET"]}}],"collection":[{"href":"https:\/\/cienciapolitica.org.br\/web\/wp-json\/wp\/v2\/pages"}],"about":[{"href":"https:\/\/cienciapolitica.org.br\/web\/wp-json\/wp\/v2\/types\/page"}],"author":[{"embeddable":true,"href":"https:\/\/cienciapolitica.org.br\/web\/wp-json\/wp\/v2\/users\/3"}],"replies":[{"embeddable":true,"href":"https:\/\/cienciapolitica.org.br\/web\/wp-json\/wp\/v2\/comments?post=187"}],"version-history":[{"count":10,"href":"https:\/\/cienciapolitica.org.br\/web\/wp-json\/wp\/v2\/pages\/187\/revisions"}],"predecessor-version":[{"id":3632,"href":"https:\/\/cienciapolitica.org.br\/web\/wp-json\/wp\/v2\/pages\/187\/revisions\/3632"}],"up":[{"embeddable":true,"href":"https:\/\/cienciapolitica.org.br\/web\/wp-json\/wp\/v2\/pages\/70"}],"wp:attachment":[{"href":"https:\/\/cienciapolitica.org.br\/web\/wp-json\/wp\/v2\/media?parent=187"}],"curies":[{"name":"wp","href":"https:\/\/api.w.org\/{rel}","templated":true}]}}