{"id":191,"date":"2017-08-18T03:10:51","date_gmt":"2017-08-18T03:10:51","guid":{"rendered":"https:\/\/tmp.cienciapolitica.org.br\/dialogos-regionais-centro-norte\/"},"modified":"2017-08-18T03:10:51","modified_gmt":"2017-08-18T03:10:51","slug":"dialogos-regionais-centro-norte","status":"publish","type":"page","link":"https:\/\/cienciapolitica.org.br\/web\/dialogos-regionais-centro-norte\/","title":{"rendered":"Di\u00e1logos Regionais &#8211; Centro Norte"},"content":{"rendered":"<h2>Apresenta\u00e7\u00e3o<\/h2>\n<p>A Associa\u00e7\u00e3o Brasileira de Ci\u00eancia Pol\u00edtica promove, por meio das suas diretorias regionais, o projeto &#8216;Di\u00e1logos Regionais&#8217; que incentiva a realiza\u00e7\u00e3o de encontros regionais buscando potencializar as redes locais de interc\u00e2mbio acad\u00eamico da \u00e1rea. O evento tamb\u00e9m serve de incubadora para o projeto &#8216;Escola Livre de Ci\u00eancia Pol\u00edtica&#8217; que oferece minicursos voltados para a capacita\u00e7\u00e3o de estudantes de gradua\u00e7\u00e3o e p\u00f3s-gradua\u00e7\u00e3o.<\/p>\n<p>A Diretoria Regional Centro-Norte realizar\u00e1 seu I Encontro entre os dias 12 e 15 de setembro de 2017, no Instituto de Ci\u00eancia Pol\u00edtica da Universidade de Bras\u00edlia (IPOL-UnB).<\/p>\n<p>O evento conta com o patroc\u00ednio da <a href=\"https:\/\/www.itaipu.gov.br\/\"><strong>Itaipu Binacional<\/strong><\/a> em ambos&nbsp;os projetos.<\/p>\n<h2><strong>Inscri\u00e7\u00f5es<\/strong><\/h2>\n<p>O evento requer inscri\u00e7\u00e3o pr\u00e9via.&nbsp;<\/p>\n<p>&nbsp;<\/p>\n<p>As mesas redondas dos dias 12 e 13 de setembro s\u00e3o gratuitas. Os minicursos da Escola Livre promovidos nos dias 14 e 15 tem taxa de inscri\u00e7\u00e3o no valor de R$ 40,00. Os minicursos ser\u00e3o realizados simultaneamente, os interessados dever\u00e3o optar por apenas um dos dois.<\/p>\n<h3>Pagamento da Taxa de Inscri\u00e7\u00e3o (Minicursos)<\/h3>\n<p>Realize inscri\u00e7\u00e3o no formul\u00e1rio acima e, ap\u00f3s confirma\u00e7\u00e3o de envio, <strong>realize o pagamento clicando no bot\u00e3o abaixo<\/strong>:&nbsp;<\/p>\n<p><a href=\"https:\/\/f2link.f2b.com.br\/pedido\/FP.asp?id=0002992972\"><img decoding=\"async\" alt=\"Botao de pagamento minicursos \" data-entity-type=\"file\" data-entity-uuid=\"dcd7ddde-c0eb-474d-b0c2-a155f032e9d7\" height=\"30\" src=\"\/sites\/default\/files\/imagens\/wysiwyg\/Botao_minicursos.png\" width=\"172\" \/><\/a><\/p>\n<h3>Bolsa &amp; Monitoria&nbsp;<\/h3>\n<ul>\n<li>A Diretoria Regional Centro-Norte oferecer\u00e1 1 (uma) bolsa que contemplar\u00e1 passagem a\u00e9rea, estadia e isen\u00e7\u00e3o na taxa de inscri\u00e7\u00e3o para 1 (um\/a) aluno\/a de gradua\u00e7\u00e3o de fora do Distrito Federal e entorno. Os candidatos \u00e0 bolsa tem at\u00e9 o dia 23 de agosto para enviar os documentos para a sele\u00e7\u00e3o.&nbsp;Confira o link do<strong> edital para bolsistas <\/strong>no final desta p\u00e1gina.<\/li>\n<\/ul>\n<p>Resultado da sele\u00e7\u00e3o para bolsistas:&nbsp;<\/p>\n<p><em>1. Mayara Feitosa Teodoro (Selecionada)<\/em><\/p>\n<p><em>2. Rog\u00e9rio de Paula Vieira Marques J\u00fanior (Classificado)<\/em><\/p>\n<p><em>3.&nbsp;Beatriz Eschiabel (Classificada)<\/em><\/p>\n<p><em>4.&nbsp;<\/em><em>Sabrina Aparecida Pereira Bernardes (Classificada)<\/em><\/p>\n<p>&nbsp;<\/p>\n<ul>\n<li>Ser\u00e3o oferecidas 4 (quatro) vagas para monitores da Escola Livre de Ci\u00eancia Pol\u00edtica. Os monitores tamb\u00e9m receber\u00e3o isen\u00e7\u00e3o de inscri\u00e7\u00e3o para os minicursos. Os candidatos tem at\u00e9 o dia 25 de agosto para encaminhar os documentos necess\u00e1rios para a sele\u00e7\u00e3o. Confira o link do <strong>edital para monitores<\/strong> no final desta p\u00e1gina.<\/li>\n<\/ul>\n<p>&nbsp;<\/p>\n<h2>Programa\u00e7\u00e3o &#8211; Mesas Redondas<\/h2>\n<h3><strong>12 de Setembro &#8211; Ter\u00e7a-feira<\/strong><\/h3>\n<p><strong>9h30-12h <\/strong><\/p>\n<p><strong>Abertura &amp; Mesa de Conjuntura Pol\u00edtica <\/strong><\/p>\n<p><em>Coordena\u00e7\u00e3o: Danusa Marques \u2013 IPOL\/UnB<\/em><\/p>\n<p>Fl\u00e1via Biroli &#8211; IPOL-UnB<\/p>\n<p>Lucio Renn\u00f3 &#8211; IPOL-UnB<\/p>\n<p><strong>14h-17h <\/strong><\/p>\n<p><strong>Crises Pol\u00edticas na Am\u00e9rica Latina <\/strong><\/p>\n<p><em>Coordena\u00e7\u00e3o: Roberto Goulart Menezes \u2013 IREL\/UnB<\/em><\/p>\n<p>Camila Risso Sales &#8211; UNIFAP<\/p>\n<p>Fidel Irving P\u00e9rez Flores &#8211; IREL\/UnB<\/p>\n<p>Jo\u00e3o Botelho &#8211; UFG<\/p>\n<p><strong>17h30-20h30 <\/strong><\/p>\n<p><strong>As institui\u00e7\u00f5es est\u00e3o funcionando?<\/strong><\/p>\n<p><em>Coordena\u00e7\u00e3o: Jo\u00e3o Paulo Viana \u2013&nbsp; UNIR<\/em><\/p>\n<p>Camila Romero &#8211; UFG<\/p>\n<p>Malena Rehbein &#8211; CEFOR<\/p>\n<p>Roberto Ramos &#8211; UFRR<\/p>\n<h3><strong>13 de Setembro &#8211; Quarta-feira<\/strong><\/h3>\n<p><strong>9h-12h <\/strong><\/p>\n<p><strong>Participa\u00e7\u00e3o Pol\u00edtica e A\u00e7\u00e3o Coletiva no Brasil contempor\u00e2neo <\/strong><\/p>\n<p><em>Coordena\u00e7\u00e3o: <\/em><em>Francisco Mata Machado Tavares \u2013 UFG<\/em><\/p>\n<p>Marisa von B\u00fclow- &nbsp;IPOL\/UnB<\/p>\n<p>Thiago TrindadeI &#8211; IPOL\/UnB<\/p>\n<p>Victor Garcia Miranda &#8211; UFMS<\/p>\n<p><strong>14h-17h <\/strong><\/p>\n<p><strong>A Nova Rep\u00fablica chegou ao limite? <\/strong><\/p>\n<p><em>Coordena\u00e7\u00e3o: Marilde Loiola de Menezes \u2013&nbsp; IPOL\/UnB<\/em><\/p>\n<p>Luis Felipe Miguel &#8211; IPOL\/UnB<\/p>\n<p>Maria Dolores Lima da Silva &#8211; UFPA<\/p>\n<p>Robert Bonif\u00e1cio &#8211; UFG<\/p>\n<p><strong>17h-18h30 Plen\u00e1ria Regional Centro-Norte<\/strong><\/p>\n<h2><strong>Escola&nbsp;Livre de Ci\u00eancia Pol\u00edtica &#8211; Minicursos<\/strong><\/h2>\n<h3><strong>14 de setembro &#8211; Quinta-feira<\/strong><\/h3>\n<p><strong>8h-9h<\/strong> &nbsp;<\/p>\n<p><strong>Escola Livre de Ci\u00eancia Pol\u00edtica: Abertura &#8211; Desafios de Pesquisa <\/strong><\/p>\n<p>Francisco Mata Machado Tavares &#8211; UFG<\/p>\n<p>Jo\u00e3o Paulo Viana &#8211; UNIR<\/p>\n<p><strong>9h \u00e0s 12h e das&nbsp;14h \u00e0s 18h <\/strong><\/p>\n<p><strong>Minicurso 1: Viol\u00eancia, direitos humanos e fronteiras<\/strong><\/p>\n<p>Marcelo da Silveira Campos &#8211; UFGD<\/p>\n<p><strong>Minicurso 2: Metodologia de Pesquisa &#8211; abordagens qualitativas<\/strong><\/p>\n<p>Carolina de Paula IESP-UERJ<\/p>\n<h3><strong>15&nbsp;de setembro &#8211; Sexta-feira<\/strong><\/h3>\n<p><strong>8h \u00e0s 12h e das&nbsp;14h \u00e0s 18h<\/strong><\/p>\n<p><strong>Minicurso 1: Viol\u00eancia, direitos humanos e fronteiras<\/strong><\/p>\n<p>Marcelo da Silveira Campos &#8211; UFGD<\/p>\n<p><strong>Minicurso 2: Metodologia de Pesquisa &#8211; abordagens qualitativas<\/strong><\/p>\n<p>Carolina de Paula IESP-UERJ<\/p>\n","protected":false},"excerpt":{"rendered":"<p>Apresenta\u00e7\u00e3o A Associa\u00e7\u00e3o Brasileira de Ci\u00eancia Pol\u00edtica promove, por meio das suas diretorias regionais, o projeto &#8216;Di\u00e1logos Regionais&#8217; que incentiva a realiza\u00e7\u00e3o de encontros regionais buscando potencializar as redes locais de interc\u00e2mbio acad\u00eamico da \u00e1rea. O evento tamb\u00e9m serve de incubadora para o projeto &#8216;Escola Livre de Ci\u00eancia Pol\u00edtica&#8217; que oferece minicursos voltados para a capacita\u00e7\u00e3o de estudantes de gradua\u00e7\u00e3o e p\u00f3s-gradua\u00e7\u00e3o. A Diretoria Regional Centro-Norte realizar\u00e1 seu I Encontro entre os dias 12 e 15 de setembro de 2017, no Instituto de Ci\u00eancia Pol\u00edtica da Universidade de Bras\u00edlia (IPOL-UnB). O evento conta com o patroc\u00ednio da Itaipu Binacional em ambos&nbsp;os projetos. Inscri\u00e7\u00f5es O evento requer inscri\u00e7\u00e3o pr\u00e9via.&nbsp; &nbsp; As mesas redondas dos dias 12 e 13 de setembro s\u00e3o gratuitas. Os minicursos da Escola Livre promovidos nos dias 14 e 15 tem taxa de inscri\u00e7\u00e3o no valor de R$ 40,00. Os minicursos ser\u00e3o realizados simultaneamente, os interessados dever\u00e3o optar por apenas um dos dois. Pagamento da Taxa de Inscri\u00e7\u00e3o (Minicursos) Realize inscri\u00e7\u00e3o no formul\u00e1rio acima e, ap\u00f3s confirma\u00e7\u00e3o de envio, realize o pagamento clicando no bot\u00e3o abaixo:&nbsp; Bolsa &amp; Monitoria&nbsp; A Diretoria Regional Centro-Norte oferecer\u00e1 1 (uma) bolsa que contemplar\u00e1 passagem a\u00e9rea, estadia e isen\u00e7\u00e3o na taxa de inscri\u00e7\u00e3o para 1 (um\/a) aluno\/a de gradua\u00e7\u00e3o de fora do Distrito Federal e entorno. Os candidatos \u00e0 bolsa tem at\u00e9 o dia 23 de agosto para enviar os documentos para a sele\u00e7\u00e3o.&nbsp;Confira o link do edital para bolsistas no final desta p\u00e1gina. Resultado da sele\u00e7\u00e3o para bolsistas:&nbsp; 1. Mayara Feitosa Teodoro (Selecionada) 2. Rog\u00e9rio de Paula Vieira Marques J\u00fanior (Classificado) 3.&nbsp;Beatriz Eschiabel (Classificada) 4.&nbsp;Sabrina Aparecida Pereira Bernardes (Classificada) &nbsp; Ser\u00e3o oferecidas 4 (quatro) vagas para monitores da Escola Livre de Ci\u00eancia Pol\u00edtica. Os monitores tamb\u00e9m receber\u00e3o isen\u00e7\u00e3o de inscri\u00e7\u00e3o para os minicursos. Os candidatos tem at\u00e9 o dia 25 de agosto para encaminhar os documentos necess\u00e1rios para a sele\u00e7\u00e3o. Confira o link do edital para monitores no final desta p\u00e1gina. &nbsp; Programa\u00e7\u00e3o &#8211; Mesas Redondas 12 de Setembro &#8211; Ter\u00e7a-feira 9h30-12h Abertura &amp; Mesa de Conjuntura Pol\u00edtica Coordena\u00e7\u00e3o: Danusa Marques \u2013 IPOL\/UnB Fl\u00e1via Biroli &#8211; IPOL-UnB Lucio Renn\u00f3 &#8211; IPOL-UnB 14h-17h Crises Pol\u00edticas na Am\u00e9rica Latina Coordena\u00e7\u00e3o: Roberto Goulart Menezes \u2013 IREL\/UnB Camila Risso Sales &#8211; UNIFAP Fidel Irving P\u00e9rez Flores &#8211; IREL\/UnB Jo\u00e3o Botelho &#8211; UFG 17h30-20h30 As institui\u00e7\u00f5es est\u00e3o funcionando? Coordena\u00e7\u00e3o: Jo\u00e3o Paulo Viana \u2013&nbsp; UNIR Camila Romero &#8211; UFG Malena Rehbein &#8211; CEFOR Roberto Ramos &#8211; UFRR 13 de Setembro &#8211; Quarta-feira 9h-12h Participa\u00e7\u00e3o Pol\u00edtica e A\u00e7\u00e3o Coletiva no Brasil contempor\u00e2neo Coordena\u00e7\u00e3o: Francisco Mata Machado Tavares \u2013 UFG Marisa von B\u00fclow- &nbsp;IPOL\/UnB Thiago TrindadeI &#8211; IPOL\/UnB Victor Garcia Miranda &#8211; UFMS 14h-17h A Nova Rep\u00fablica chegou ao limite? Coordena\u00e7\u00e3o: Marilde Loiola de Menezes \u2013&nbsp; IPOL\/UnB Luis Felipe Miguel &#8211; IPOL\/UnB Maria Dolores Lima da Silva &#8211; UFPA Robert Bonif\u00e1cio &#8211; UFG 17h-18h30 Plen\u00e1ria Regional Centro-Norte Escola&nbsp;Livre de Ci\u00eancia Pol\u00edtica &#8211; Minicursos 14 de setembro &#8211; Quinta-feira 8h-9h &nbsp; Escola Livre de Ci\u00eancia Pol\u00edtica: Abertura &#8211; Desafios de Pesquisa Francisco Mata Machado Tavares &#8211; UFG Jo\u00e3o Paulo Viana &#8211; UNIR 9h \u00e0s 12h e das&nbsp;14h \u00e0s 18h Minicurso 1: Viol\u00eancia, direitos humanos e fronteiras Marcelo da Silveira Campos &#8211; UFGD Minicurso 2: Metodologia de Pesquisa &#8211; abordagens qualitativas Carolina de Paula IESP-UERJ 15&nbsp;de setembro &#8211; Sexta-feira 8h \u00e0s 12h e das&nbsp;14h \u00e0s 18h Minicurso 1: Viol\u00eancia, direitos humanos e fronteiras Marcelo da Silveira Campos &#8211; UFGD Minicurso 2: Metodologia de Pesquisa &#8211; abordagens qualitativas Carolina de Paula IESP-UERJ<\/p>\n","protected":false},"author":3,"featured_media":0,"parent":0,"menu_order":0,"comment_status":"closed","ping_status":"closed","template":"","meta":{"footnotes":""},"class_list":["post-191","page","type-page","status-publish","hentry"],"_links":{"self":[{"href":"https:\/\/cienciapolitica.org.br\/web\/wp-json\/wp\/v2\/pages\/191","targetHints":{"allow":["GET"]}}],"collection":[{"href":"https:\/\/cienciapolitica.org.br\/web\/wp-json\/wp\/v2\/pages"}],"about":[{"href":"https:\/\/cienciapolitica.org.br\/web\/wp-json\/wp\/v2\/types\/page"}],"author":[{"embeddable":true,"href":"https:\/\/cienciapolitica.org.br\/web\/wp-json\/wp\/v2\/users\/3"}],"replies":[{"embeddable":true,"href":"https:\/\/cienciapolitica.org.br\/web\/wp-json\/wp\/v2\/comments?post=191"}],"version-history":[{"count":0,"href":"https:\/\/cienciapolitica.org.br\/web\/wp-json\/wp\/v2\/pages\/191\/revisions"}],"wp:attachment":[{"href":"https:\/\/cienciapolitica.org.br\/web\/wp-json\/wp\/v2\/media?parent=191"}],"curies":[{"name":"wp","href":"https:\/\/api.w.org\/{rel}","templated":true}]}}