{"id":195,"date":"2017-10-23T04:41:50","date_gmt":"2017-10-23T04:41:50","guid":{"rendered":"https:\/\/tmp.cienciapolitica.org.br\/balanco-financeiro\/"},"modified":"2025-11-24T11:53:56","modified_gmt":"2025-11-24T11:53:56","slug":"balanco-financeiro","status":"publish","type":"page","link":"https:\/\/cienciapolitica.org.br\/web\/balanco-financeiro\/","title":{"rendered":"Balan\u00e7o Financeiro"},"content":{"rendered":"\t\t<div data-elementor-type=\"wp-page\" data-elementor-id=\"195\" class=\"elementor elementor-195\">\n\t\t\t\t<div class=\"elementor-element elementor-element-65bb404c e-flex e-con-boxed wpr-particle-no wpr-jarallax-no wpr-parallax-no wpr-sticky-section-no wpr-equal-height-no e-con e-parent\" data-id=\"65bb404c\" data-element_type=\"container\" data-e-type=\"container\">\n\t\t\t\t\t<div class=\"e-con-inner\">\n\t\t\t\t<div class=\"elementor-element elementor-element-4ef71701 elementor-widget elementor-widget-text-editor\" data-id=\"4ef71701\" data-element_type=\"widget\" data-e-type=\"widget\" data-widget_type=\"text-editor.default\">\n\t\t\t\t<div class=\"elementor-widget-container\">\n\t\t\t\t\t\t\t\t\t<p>Nesta se\u00e7\u00e3o est\u00e3o dispon\u00edveis, a partir do primeiro semestre de 2017, os relat\u00f3rios financeiros da Associa\u00e7\u00e3o Brasileira de Ci\u00eancia Pol\u00edtica aprovados pelo Conselho Fiscal.\u00a0<\/p><p><\/p><p><\/p>\t\t\t\t\t\t\t\t<\/div>\n\t\t\t\t<\/div>\n\t\t\t\t\t<\/div>\n\t\t\t\t<\/div>\n\t\t<div class=\"elementor-element elementor-element-6d7d9c3 e-con-full e-flex wpr-particle-no wpr-jarallax-no wpr-parallax-no wpr-sticky-section-no wpr-equal-height-no e-con e-parent\" data-id=\"6d7d9c3\" data-element_type=\"container\" data-e-type=\"container\">\n\t\t\t\t<div class=\"elementor-element elementor-element-c665570 elementor-widget elementor-widget-heading\" data-id=\"c665570\" data-element_type=\"widget\" data-e-type=\"widget\" data-widget_type=\"heading.default\">\n\t\t\t\t<div class=\"elementor-widget-container\">\n\t\t\t\t\t<h4 class=\"elementor-heading-title elementor-size-default\">2025<\/h4>\t\t\t\t<\/div>\n\t\t\t\t<\/div>\n\t\t\t\t<div class=\"elementor-element elementor-element-6acae98 elementor-widget elementor-widget-text-editor\" data-id=\"6acae98\" data-element_type=\"widget\" data-e-type=\"widget\" data-widget_type=\"text-editor.default\">\n\t\t\t\t<div class=\"elementor-widget-container\">\n\t\t\t\t\t\t\t\t\t<ol>\n<li><a href=\"https:\/\/cienciapolitica.org.br\/web\/wp-content\/uploads\/2025\/11\/Balancete-de-Verificacao-de-01-a-06-2025.pdf\" target=\"_blank\" rel=\"noopener\">Acesse aqui o relat\u00f3rio do 1\u00ba semestre<\/a><\/li>\n<\/ol>\t\t\t\t\t\t\t\t<\/div>\n\t\t\t\t<\/div>\n\t\t\t\t<\/div>\n\t\t<div class=\"elementor-element elementor-element-f1cf103 e-con-full e-flex wpr-particle-no wpr-jarallax-no wpr-parallax-no wpr-sticky-section-no wpr-equal-height-no e-con e-parent\" data-id=\"f1cf103\" data-element_type=\"container\" data-e-type=\"container\">\n\t\t\t\t<div class=\"elementor-element elementor-element-9b85dd1 elementor-widget elementor-widget-heading\" data-id=\"9b85dd1\" data-element_type=\"widget\" data-e-type=\"widget\" data-widget_type=\"heading.default\">\n\t\t\t\t<div class=\"elementor-widget-container\">\n\t\t\t\t\t<h4 class=\"elementor-heading-title elementor-size-default\">2024<\/h4>\t\t\t\t<\/div>\n\t\t\t\t<\/div>\n\t\t\t\t<div class=\"elementor-element elementor-element-9d1ec3e elementor-widget elementor-widget-text-editor\" data-id=\"9d1ec3e\" data-element_type=\"widget\" data-e-type=\"widget\" data-widget_type=\"text-editor.default\">\n\t\t\t\t<div class=\"elementor-widget-container\">\n\t\t\t\t\t\t\t\t\t<ol>\n<li><a href=\"https:\/\/cienciapolitica.org.br\/web\/wp-content\/uploads\/2024\/08\/ABCP-Balancete-de-Verificacao_01-a-06.2024.pdf\" target=\"_blank\" rel=\"noopener\">Acesse aqui o relat\u00f3rio do 1\u00ba semestre<\/a><\/li>\n<li><a href=\"https:\/\/cienciapolitica.org.br\/web\/wp-content\/uploads\/2025\/11\/ABCP-07-a-12.2024_Balancete-de-Verificacao.pdf\">Acesse aqui o relat\u00f3rio do 2\u00ba semestre<\/a><\/li>\n<\/ol>\t\t\t\t\t\t\t\t<\/div>\n\t\t\t\t<\/div>\n\t\t\t\t<\/div>\n\t\t<div class=\"elementor-element elementor-element-b91a5b0 e-con-full e-flex wpr-particle-no wpr-jarallax-no wpr-parallax-no wpr-sticky-section-no wpr-equal-height-no e-con e-parent\" data-id=\"b91a5b0\" data-element_type=\"container\" data-e-type=\"container\">\n\t\t\t\t<div class=\"elementor-element elementor-element-e89d38a elementor-widget elementor-widget-heading\" data-id=\"e89d38a\" data-element_type=\"widget\" data-e-type=\"widget\" data-widget_type=\"heading.default\">\n\t\t\t\t<div class=\"elementor-widget-container\">\n\t\t\t\t\t<h4 class=\"elementor-heading-title elementor-size-default\">2023<\/h4>\t\t\t\t<\/div>\n\t\t\t\t<\/div>\n\t\t\t\t<div class=\"elementor-element elementor-element-efeb5b7 elementor-widget elementor-widget-text-editor\" data-id=\"efeb5b7\" data-element_type=\"widget\" data-e-type=\"widget\" data-widget_type=\"text-editor.default\">\n\t\t\t\t<div class=\"elementor-widget-container\">\n\t\t\t\t\t\t\t\t\t<ol>\n<li><a href=\"https:\/\/cienciapolitica.org.br\/web\/wp-content\/uploads\/2024\/07\/Balancete-de-Verificacao-1o-Semestre-2023-1.pdf\" target=\"_blank\" rel=\"noopener\">Acesse aqui o relat\u00f3rio do 1\u00ba semestre<\/a><\/li>\n<li><a href=\"https:\/\/cienciapolitica.org.br\/web\/wp-content\/uploads\/2024\/07\/Balancete-de-Verificacao-2o-Semestre-2023.pdf\" target=\"_blank\" rel=\"noopener\">Acesse aqui o relat\u00f3rio do 2\u00ba semestre<\/a><\/li>\n<\/ol>\t\t\t\t\t\t\t\t<\/div>\n\t\t\t\t<\/div>\n\t\t\t\t<\/div>\n\t\t<div class=\"elementor-element elementor-element-4cf61a9 e-con-full e-flex wpr-particle-no wpr-jarallax-no wpr-parallax-no wpr-sticky-section-no wpr-equal-height-no e-con e-parent\" data-id=\"4cf61a9\" data-element_type=\"container\" data-e-type=\"container\">\n\t\t\t\t<div class=\"elementor-element elementor-element-223d7f9 elementor-widget elementor-widget-heading\" data-id=\"223d7f9\" data-element_type=\"widget\" data-e-type=\"widget\" data-widget_type=\"heading.default\">\n\t\t\t\t<div class=\"elementor-widget-container\">\n\t\t\t\t\t<h4 class=\"elementor-heading-title elementor-size-default\">2022<\/h4>\t\t\t\t<\/div>\n\t\t\t\t<\/div>\n\t\t\t\t<div class=\"elementor-element elementor-element-bcabdda elementor-widget elementor-widget-text-editor\" data-id=\"bcabdda\" data-element_type=\"widget\" data-e-type=\"widget\" data-widget_type=\"text-editor.default\">\n\t\t\t\t<div class=\"elementor-widget-container\">\n\t\t\t\t\t\t\t\t\t<ol>\n<li><a href=\"https:\/\/cienciapolitica.org.br\/web\/wp-content\/uploads\/2024\/01\/relatorio-financeiro-1o-semestre-2022-3767.pdf\" target=\"_blank\" rel=\"noopener\">Acesse aqui o relat\u00f3rio do 1\u00ba semestre<\/a><\/li>\n<li><a href=\"https:\/\/cienciapolitica.org.br\/web\/wp-content\/uploads\/2024\/07\/Balancete-de-Verificacao-2o-Semestre-2022.pdf\" target=\"_blank\" rel=\"noopener\">Acesse aqui o relat\u00f3rio do 2\u00ba semestre<\/a><\/li>\n<\/ol>\t\t\t\t\t\t\t\t<\/div>\n\t\t\t\t<\/div>\n\t\t\t\t<\/div>\n\t\t<div class=\"elementor-element elementor-element-81e0ab8 e-flex e-con-boxed wpr-particle-no wpr-jarallax-no wpr-parallax-no wpr-sticky-section-no wpr-equal-height-no e-con e-parent\" data-id=\"81e0ab8\" data-element_type=\"container\" data-e-type=\"container\">\n\t\t\t\t\t<div class=\"e-con-inner\">\n\t\t\t\t<div class=\"elementor-element elementor-element-bea3da3 elementor-widget elementor-widget-heading\" data-id=\"bea3da3\" data-element_type=\"widget\" data-e-type=\"widget\" data-widget_type=\"heading.default\">\n\t\t\t\t<div class=\"elementor-widget-container\">\n\t\t\t\t\t<h4 class=\"elementor-heading-title elementor-size-default\">2021<\/h4>\t\t\t\t<\/div>\n\t\t\t\t<\/div>\n\t\t\t\t<div class=\"elementor-element elementor-element-9622f95 elementor-widget elementor-widget-text-editor\" data-id=\"9622f95\" data-element_type=\"widget\" data-e-type=\"widget\" data-widget_type=\"text-editor.default\">\n\t\t\t\t<div class=\"elementor-widget-container\">\n\t\t\t\t\t\t\t\t\t<ol>\n<li><a href=\"https:\/\/cienciapolitica.org.br\/web\/wp-content\/uploads\/2024\/01\/relatorio-financeiro-1o-semestre-2021-3498.pdf\" target=\"_blank\" rel=\"noopener\">Acesse aqui o relat\u00f3rio do 1\u00ba semestre<\/a><\/li>\n<li><a href=\"https:\/\/cienciapolitica.org.br\/web\/wp-content\/uploads\/2024\/01\/relatorio-financeiro-2o-semestre-2021-3501.pdf\" target=\"_blank\" rel=\"noopener\">Acesse aqui o relat\u00f3rio do 2\u00ba semestre<\/a><\/li>\n<\/ol>\t\t\t\t\t\t\t\t<\/div>\n\t\t\t\t<\/div>\n\t\t\t\t\t<\/div>\n\t\t\t\t<\/div>\n\t\t<div class=\"elementor-element elementor-element-2ffd54c e-flex e-con-boxed wpr-particle-no wpr-jarallax-no wpr-parallax-no wpr-sticky-section-no wpr-equal-height-no e-con e-parent\" data-id=\"2ffd54c\" data-element_type=\"container\" data-e-type=\"container\">\n\t\t\t\t\t<div class=\"e-con-inner\">\n\t\t\t\t<div class=\"elementor-element elementor-element-46f5e71 elementor-widget elementor-widget-heading\" data-id=\"46f5e71\" data-element_type=\"widget\" data-e-type=\"widget\" data-widget_type=\"heading.default\">\n\t\t\t\t<div class=\"elementor-widget-container\">\n\t\t\t\t\t<h4 class=\"elementor-heading-title elementor-size-default\">2020<\/h4>\t\t\t\t<\/div>\n\t\t\t\t<\/div>\n\t\t\t\t<div class=\"elementor-element elementor-element-64da8a1 elementor-widget elementor-widget-text-editor\" data-id=\"64da8a1\" data-element_type=\"widget\" data-e-type=\"widget\" data-widget_type=\"text-editor.default\">\n\t\t\t\t<div class=\"elementor-widget-container\">\n\t\t\t\t\t\t\t\t\t<ol>\n<li><a href=\"https:\/\/cienciapolitica.org.br\/web\/wp-content\/uploads\/2024\/01\/relatorio-financeiro-1o-semestre-2020-3493.pdf\" target=\"_blank\" rel=\"noopener\">Acesse aqui o relat\u00f3rio do 1\u00ba semestre<\/a><\/li>\n<li><a href=\"https:\/\/cienciapolitica.org.br\/web\/wp-content\/uploads\/2024\/01\/relatorio-financeiro-2o-semestre-2020-3499.pdf\" target=\"_blank\" rel=\"noopener\">Acesse aqui o relat\u00f3rio do 2\u00ba semestre<\/a><\/li>\n<\/ol>\t\t\t\t\t\t\t\t<\/div>\n\t\t\t\t<\/div>\n\t\t\t\t\t<\/div>\n\t\t\t\t<\/div>\n\t\t<div class=\"elementor-element elementor-element-16d8b5c e-flex e-con-boxed wpr-particle-no wpr-jarallax-no wpr-parallax-no wpr-sticky-section-no wpr-equal-height-no e-con e-parent\" data-id=\"16d8b5c\" data-element_type=\"container\" data-e-type=\"container\">\n\t\t\t\t\t<div class=\"e-con-inner\">\n\t\t\t\t<div class=\"elementor-element elementor-element-ab44b2a elementor-widget elementor-widget-heading\" data-id=\"ab44b2a\" data-element_type=\"widget\" data-e-type=\"widget\" data-widget_type=\"heading.default\">\n\t\t\t\t<div class=\"elementor-widget-container\">\n\t\t\t\t\t<h4 class=\"elementor-heading-title elementor-size-default\">2019<\/h4>\t\t\t\t<\/div>\n\t\t\t\t<\/div>\n\t\t\t\t<div class=\"elementor-element elementor-element-0c2be72 elementor-widget elementor-widget-text-editor\" data-id=\"0c2be72\" data-element_type=\"widget\" data-e-type=\"widget\" data-widget_type=\"text-editor.default\">\n\t\t\t\t<div class=\"elementor-widget-container\">\n\t\t\t\t\t\t\t\t\t<ol>\n<li><a href=\"https:\/\/cienciapolitica.org.br\/web\/wp-content\/uploads\/2024\/01\/relatorio-financeiro-1o-semestre-2019-1806.pdf\" target=\"_blank\" rel=\"noopener\">Acesse aqui o relat\u00f3rio do 1\u00ba semestre<\/a><\/li>\n<\/ol>\t\t\t\t\t\t\t\t<\/div>\n\t\t\t\t<\/div>\n\t\t\t\t\t<\/div>\n\t\t\t\t<\/div>\n\t\t<div class=\"elementor-element elementor-element-2ccb838 e-flex e-con-boxed wpr-particle-no wpr-jarallax-no wpr-parallax-no wpr-sticky-section-no wpr-equal-height-no e-con e-parent\" data-id=\"2ccb838\" data-element_type=\"container\" data-e-type=\"container\">\n\t\t\t\t\t<div class=\"e-con-inner\">\n\t\t\t\t<div class=\"elementor-element elementor-element-aadbb95 elementor-widget elementor-widget-heading\" data-id=\"aadbb95\" data-element_type=\"widget\" data-e-type=\"widget\" data-widget_type=\"heading.default\">\n\t\t\t\t<div class=\"elementor-widget-container\">\n\t\t\t\t\t<h4 class=\"elementor-heading-title elementor-size-default\">2018<\/h4>\t\t\t\t<\/div>\n\t\t\t\t<\/div>\n\t\t\t\t<div class=\"elementor-element elementor-element-bbd67c7 elementor-widget elementor-widget-text-editor\" data-id=\"bbd67c7\" data-element_type=\"widget\" data-e-type=\"widget\" data-widget_type=\"text-editor.default\">\n\t\t\t\t<div class=\"elementor-widget-container\">\n\t\t\t\t\t\t\t\t\t<ol>\n<li><a href=\"https:\/\/cienciapolitica.org.br\/web\/wp-content\/uploads\/2024\/01\/relatorio-financeiro-1o-semestre-2018-1424.pdf\" target=\"_blank\" rel=\"noopener\">Acesse aqui o relat\u00f3rio do 1\u00ba semestre<\/a><\/li>\n<li><a href=\"https:\/\/cienciapolitica.org.br\/web\/wp-content\/uploads\/2024\/01\/relatorio-financeiro-2o-semestre-2018-1632.pdf\" target=\"_blank\" rel=\"noopener\">Acesse aqui o relat\u00f3rio do 2\u00ba semestre<\/a><\/li>\n<\/ol>\t\t\t\t\t\t\t\t<\/div>\n\t\t\t\t<\/div>\n\t\t\t\t\t<\/div>\n\t\t\t\t<\/div>\n\t\t<div class=\"elementor-element elementor-element-b4d1031 e-flex e-con-boxed wpr-particle-no wpr-jarallax-no wpr-parallax-no wpr-sticky-section-no wpr-equal-height-no e-con e-parent\" data-id=\"b4d1031\" data-element_type=\"container\" data-e-type=\"container\">\n\t\t\t\t\t<div class=\"e-con-inner\">\n\t\t\t\t<div class=\"elementor-element elementor-element-0f1a5d4 elementor-widget elementor-widget-heading\" data-id=\"0f1a5d4\" data-element_type=\"widget\" data-e-type=\"widget\" data-widget_type=\"heading.default\">\n\t\t\t\t<div class=\"elementor-widget-container\">\n\t\t\t\t\t<h4 class=\"elementor-heading-title elementor-size-default\">2017<\/h4>\t\t\t\t<\/div>\n\t\t\t\t<\/div>\n\t\t\t\t<div class=\"elementor-element elementor-element-003c4b7 elementor-widget elementor-widget-text-editor\" data-id=\"003c4b7\" data-element_type=\"widget\" data-e-type=\"widget\" data-widget_type=\"text-editor.default\">\n\t\t\t\t<div class=\"elementor-widget-container\">\n\t\t\t\t\t\t\t\t\t<ol>\n<li><a href=\"https:\/\/cienciapolitica.org.br\/web\/wp-content\/uploads\/2024\/01\/relatorio-financeiro-1o-semestre-2017-1237.pdf\" target=\"_blank\" rel=\"noopener\">Acesse aqui o relat\u00f3rio do 1\u00ba semestre<\/a><\/li>\n<li><a href=\"https:\/\/cienciapolitica.org.br\/web\/wp-content\/uploads\/2024\/01\/relatorio-financeiro-2o-semestre-2017-1326.pdf\" target=\"_blank\" rel=\"noopener\">Acesse aqui o relat\u00f3rio do 2\u00ba semestre<\/a><\/li>\n<\/ol>\t\t\t\t\t\t\t\t<\/div>\n\t\t\t\t<\/div>\n\t\t\t\t\t<\/div>\n\t\t\t\t<\/div>\n\t\t\t\t<\/div>\n\t\t","protected":false},"excerpt":{"rendered":"<p>Nesta se\u00e7\u00e3o est\u00e3o dispon\u00edveis, a partir do primeiro semestre de 2017, os relat\u00f3rios financeiros da Associa\u00e7\u00e3o Brasileira de Ci\u00eancia Pol\u00edtica aprovados pelo Conselho Fiscal.\u00a0 2025 Acesse aqui o relat\u00f3rio do 1\u00ba semestre 2024 Acesse aqui o relat\u00f3rio do 1\u00ba semestre Acesse aqui o relat\u00f3rio do 2\u00ba semestre 2023 Acesse aqui o relat\u00f3rio do 1\u00ba semestre Acesse aqui o relat\u00f3rio do 2\u00ba semestre 2022 Acesse aqui o relat\u00f3rio do 1\u00ba semestre Acesse aqui o relat\u00f3rio do 2\u00ba semestre 2021 Acesse aqui o relat\u00f3rio do 1\u00ba semestre Acesse aqui o relat\u00f3rio do 2\u00ba semestre 2020 Acesse aqui o relat\u00f3rio do 1\u00ba semestre Acesse aqui o relat\u00f3rio do 2\u00ba semestre 2019 Acesse aqui o relat\u00f3rio do 1\u00ba semestre 2018 Acesse aqui o relat\u00f3rio do 1\u00ba semestre Acesse aqui o relat\u00f3rio do 2\u00ba semestre 2017 Acesse aqui o relat\u00f3rio do 1\u00ba semestre Acesse aqui o relat\u00f3rio do 2\u00ba semestre<\/p>\n","protected":false},"author":3,"featured_media":0,"parent":0,"menu_order":0,"comment_status":"closed","ping_status":"closed","template":"","meta":{"footnotes":""},"class_list":["post-195","page","type-page","status-publish","hentry"],"_links":{"self":[{"href":"https:\/\/cienciapolitica.org.br\/web\/wp-json\/wp\/v2\/pages\/195","targetHints":{"allow":["GET"]}}],"collection":[{"href":"https:\/\/cienciapolitica.org.br\/web\/wp-json\/wp\/v2\/pages"}],"about":[{"href":"https:\/\/cienciapolitica.org.br\/web\/wp-json\/wp\/v2\/types\/page"}],"author":[{"embeddable":true,"href":"https:\/\/cienciapolitica.org.br\/web\/wp-json\/wp\/v2\/users\/3"}],"replies":[{"embeddable":true,"href":"https:\/\/cienciapolitica.org.br\/web\/wp-json\/wp\/v2\/comments?post=195"}],"version-history":[{"count":30,"href":"https:\/\/cienciapolitica.org.br\/web\/wp-json\/wp\/v2\/pages\/195\/revisions"}],"predecessor-version":[{"id":3595,"href":"https:\/\/cienciapolitica.org.br\/web\/wp-json\/wp\/v2\/pages\/195\/revisions\/3595"}],"wp:attachment":[{"href":"https:\/\/cienciapolitica.org.br\/web\/wp-json\/wp\/v2\/media?parent=195"}],"curies":[{"name":"wp","href":"https:\/\/api.w.org\/{rel}","templated":true}]}}