{"id":2196,"date":"2023-12-07T04:14:04","date_gmt":"2023-12-07T04:14:04","guid":{"rendered":"https:\/\/tmp.cienciapolitica.org.br\/?page_id=2196"},"modified":"2024-09-23T14:00:52","modified_gmt":"2024-09-23T14:00:52","slug":"premios","status":"publish","type":"page","link":"https:\/\/cienciapolitica.org.br\/web\/institucional\/premios\/","title":{"rendered":"Pr\u00eamios"},"content":{"rendered":"\n<h2 class=\"wp-block-heading has-black-color has-text-color has-link-color has-medium-font-size wp-elements-4cfd5f97fa247529d0ca61834bbe6e14\"><\/h2>\n\n\n\n<hr class=\"wp-block-separator has-alpha-channel-opacity\"\/>\n\n\n\n<h3 class=\"wp-block-heading has-black-color has-text-color has-link-color has-medium-font-size wp-elements-4c6780511a2fd3cdced7a796c1d745e6\">Pr\u00eamio Olavo Brasil de Lima Jr. &#8211; Melhor artigo<\/h3>\n\n\n\n<ul class=\"wp-block-list\">\n<li style=\"font-size:16px\"><strong>2024 &#8211; 14\u00b0 Encontro da ABCP<\/strong>\n<ul class=\"wp-block-list\">\n<li style=\"font-size:16px\">1\u00ba lugar: <br>Autor: Lucas M. Novaes<br>T\u00edtulo: The Violence of Law-and-Order Politics: The Case of Law Enforcement Candidates in Brazil. &nbsp;<em>American Political Science Review<\/em>. 2024;118(1):1-20. <a href=\"https:\/\/doi.org\/10.1017\/S0003055423000540\">https:\/\/doi:10.1017\/S0003055423000540<\/a><br><\/li>\n\n\n\n<li style=\"font-size:16px\">2\u00ba lugar: <br>Autores: Victor Ara\u00fajo, Marta Teresa da Silva Arretche e Pablo Beramendi<br>T\u00edtulo: The electoral effects of large-scale infrastructures Evidence from a rural electrification scheme in Brazil. The Journal of Politics. Volume 86, Number 2. April 2024. <a href=\"https:\/\/doi.org\/10.1086\/726958\">https:\/\/doi.org\/10.1086\/726958<\/a><br><br><\/li>\n<\/ul>\n<\/li>\n\n\n\n<li style=\"font-size:16px\"><strong>2022 &#8211; 13\u00b0 Encontro da ABCP<\/strong><br>Autora: Euzeneia Carlos (UFES)<br>T\u00edtulo do artigo: &nbsp;Movimentos Sociais e Pol\u00edticas P\u00fablicas: Consequ\u00eancias na Pol\u00edtica Nacional de Direitos Humanos. Revista Dados, vol 64 (4)&nbsp;2021.&nbsp;<a href=\"https:\/\/doi.org\/10.1590\/dados.2021.64.4.248\">https:\/\/doi.org\/10.1590\/dados.2021.64.4.248<\/a><br><\/li>\n\n\n\n<li style=\"font-size:16px\"><strong>2020 &#8211; 12\u00b0 Encontro da ABCP<\/strong><br>Autora: Nara Pav\u00e3o (UFPE)<br>T\u00edtulo do artigo: Corruption as the Only Option: The Limits to Electoral Accountability.  The Journal of Politics. Volume 80, Number 3July 2018. <a href=\"https:\/\/doi.org\/10.1086\/697954\">https:\/\/doi.org\/10.1086\/697954<\/a><br><\/li>\n\n\n\n<li style=\"font-size:16px\"><strong>2018 &#8211; 11\u00b0 Encontro da ABCP<\/strong>\n<ul class=\"wp-block-list\">\n<li>1\u00b0 lugar<br> Autores: Carlos R. S. Milani (UERJ), Maria Regina Soares de Lima (UERJ) e Leticia Pinheiro (UERJ)<br>T\u00edtulo do artigo: Brazil\u2019s foreign policy and the \u2018graduation dilemma. International Affairs Volume 93, Issue 3, May 2017. DOI: <a href=\"http:\/\/dx.doi.org\/10.1093\/ia\/iix078\" target=\"_blank\" rel=\"noreferrer noopener\">10.1093\/ia\/iix078<\/a><\/li>\n\n\n\n<li>2\u00b0 lugar<br>Autor: Dawisson Bel\u00e9m Lopes (UFMG)<br>T\u00edtulo do artigo: Polyarchies, competitive oligarchies or inclusive hegemonies? A comparison of 23 global intergovernmental organizations based on Robert Dahl\u2019s political theory. Cambridge Review of International Affairs.&nbsp;Volume 29, 2016 &#8211;&nbsp;Issue 4 <a href=\"https:\/\/doi.org\/10.1080\/09557571.2016.1166480\">https:\/\/doi.org\/10.1080\/09557571.2016.1166480<\/a><br><\/li>\n<\/ul>\n<\/li>\n\n\n\n<li style=\"font-size:16px\"><strong>2014 &#8211; 9\u00b0 Encontro da ABCP<\/strong>\n<ul class=\"wp-block-list\">\n<li>1\u00b0 lugar<br>Autor: Pedro Floriano Ribeiro (UFSCar)<br>T\u00edtulo do artigo: An Amphibian Party? Organisational Change and Adaptation in the Brazilian Workers\u2019 Party, 1980-2012. Journal of Latin American Studies Vol. 46, No. 1&nbsp;DOI:<em> <\/em><a href=\"http:\/\/dx.doi.org\/10.1017\/S0022216X13001831\">10.1017\/S0022216X13001831 <\/a><\/li>\n\n\n\n<li>2\u00b0 lugar<br>Autores: Paolo Ricci (USP) e Jaqueline Zulini (USP)<br>T\u00edtulo do artigo: \u2018Beheading\u2019, Rule Manipulation and Fraud: The Approval of Election Results in Brazil, 1894\u20131930. Journal of Latin American Studies, vol.44, agosto\/2012. DOI: <a href=\"http:\/\/dx.doi.org\/10.1017\/S0022216X12000764\">http:\/\/dx.doi.org\/10.1017\/S0022216X12000764<\/a><br><\/li>\n<\/ul>\n<\/li>\n\n\n\n<li style=\"font-size:16px\"><strong>2012 &#8211; 8\u00b0 Encontro da ABCP<\/strong>\n<ul class=\"wp-block-list\">\n<li>1\u00b0 lugar<br>Autores: Octavio Amorim Neto e Marina Costa Lobo<br>T\u00edtulo do artigo: Portugal\u2019s Semi-Presidentialism (Re)Considered: An Assessment of the President\u2019s Role in the Policy Process, 1976-2006.  Volume48,&nbsp;Issue2 March 2009 <a href=\"https:\/\/doi.org\/10.1111\/j.1475-6765.2008.00833.x\">https:\/\/doi.org\/10.1111\/j.1475-6765.2008.00833.x<\/a><\/li>\n\n\n\n<li>2\u00b0 lugar<br>Autor: Alvaro de Vita (USP)<br>T\u00edtulo do artigo: Liberalismo, Justi\u00e7a Social e responsabilidade individual. Revista Dados 54 (4)&nbsp;2011. &nbsp;<a href=\"https:\/\/doi.org\/10.1590\/S0011-52582011000400003\" target=\"_blank\" rel=\"noreferrer noopener\">https:\/\/doi.org\/10.1590\/S0011-52582011000400003<\/a> <br><\/li>\n<\/ul>\n<\/li>\n\n\n\n<li style=\"font-size:16px\"><strong>2008 &#8211; 6\u00b0 Encontro da ABCP<\/strong><br>Autores: Cl\u00e1udio Gon\u00e7alves Couto (USP) e Rog\u00e9rio Bastos Arantes (USP)<br>T\u00edtulo do artigo: Constitui\u00e7\u00e3o, governo e democracia no Brasil. Revista Brasileira de Ci\u00eancias Sociais.  Revista Brasileira de Ci\u00eancias Sociais 21 (61)&nbsp;2006&nbsp;<a href=\"https:\/\/doi.org\/10.1590\/S0102-69092006000200003\" target=\"_blank\" rel=\"noreferrer noopener\">https:\/\/doi.org\/10.1590\/S0102-69092006000200003<\/a><\/li>\n<\/ul>\n\n\n\n<p><\/p>\n\n\n\n<hr class=\"wp-block-separator has-alpha-channel-opacity\"\/>\n\n\n\n<h3 class=\"wp-block-heading has-black-color has-text-color has-link-color has-medium-font-size wp-elements-6468fe7b9f20520f90d3ba7bf8774a9c\">Pr\u00eamio Victor Nunes Leal &#8211; Melhor livro<\/h3>\n\n\n\n<ul style=\"font-size:16px\" class=\"wp-block-list\">\n<li><strong>2024 &#8211; 14\u00b0 Encontro da ABCP<\/strong>\n<ul class=\"wp-block-list\">\n<li>1\u00b0 Lugar:<br>Autores: Ricardo F. Mendon\u00e7a; Fernando de Barros Filgueiras; Virg\u00edlio Almeida<br>T\u00edtulo do livro: Algorithmic institutionalism. The changing rules of social and Political Life. Oxford: Oxford University Press, 2023.<br><\/li>\n\n\n\n<li>Men\u00e7\u00f5es Honrosas:<\/li>\n\n\n\n<li>2\u00b0 lugar<br>Autor: Victor Ara\u00fajo Silva<br>T\u00edtulo: A Religi\u00e3o distrai os pobres? O voto econ\u00f4mico de joelhos para a moral e os bons costumes. S\u00e3o Paulo. Edi\u00e7\u00f5es 70, 2022.<br><\/li>\n\n\n\n<li>3\u00b0 lugar<br>Autoras: Gisela Zaremberg &amp; Debora Cristina Rezende de Almeida<br>T\u00edtulo: Feminisms in Latin America: Pro-choice Nested Networks in Mexico and Brazil. Cambridge, Cambridge University Press, 2022<br><\/li>\n<\/ul>\n<\/li>\n\n\n\n<li style=\"font-size:16px\"><strong>2022 &#8211; 13\u00b0 Encontro da ABCP<\/strong><br>Autor: Renato Monseff Perissinotto<br>T\u00edtulo do livro: Ideas, burocracia e industrializaci\u00f3n en Argentina y Brasil. Buenos Aires: Lenguaje Claro, 2021.<\/li>\n\n\n\n<li style=\"font-size:16px\"><strong>2020 &#8211; 12\u00b0 Encontro da ABCP<\/strong><br>Autor: Leonardo Avritzer<br>T\u00edtulo do livro: O P\u00eandulo da Democracia. S\u00e3o Paulo: Todavia, 2019.<\/li>\n\n\n\n<li style=\"font-size:16px\"><strong>2018 &#8211; 11\u00b0 Encontro da ABCP<\/strong>\n<ul class=\"wp-block-list\">\n<li>1\u00b0 lugar<br>Autor: Lu\u00eds Felipe Guedes da Gra\u00e7a<br>T\u00edtulo do livro: Governo do Estado e Assembleia Legislativa: entre a submiss\u00e3o e os limites da independ\u00eancia. Curitiba: Editora Appris, 2017.<\/li>\n\n\n\n<li>2\u00b0 lugar<br>Autor: Daniel de Mendon\u00e7a<br>T\u00edtulo do livro: 1961-1964: a ditadura brasileira em dois golpes.&nbsp;Curitiba: Editora Appris, 2017.<\/li>\n<\/ul>\n<\/li>\n\n\n\n<li style=\"font-size:16px\"><strong>2014 &#8211; 9\u00b0 Encontro da ABCP<\/strong>\n<ul class=\"wp-block-list\">\n<li>1\u00b0 lugar<br>Autor: Conrado H\u00fcbner Mendes<br>T\u00edtulo do livro: Constitutional courts and deliberative democracy. Oxford University Press, 2013.<\/li>\n\n\n\n<li>2\u00b0 lugar<br>Autora: Celia Lessa Kerstenetzky<br>T\u00edtulo do livro: O Estado de bem estar social na idade da raz\u00e3o. Rio de Janeiro: Campus Editora, 2013.<\/li>\n<\/ul>\n<\/li>\n\n\n\n<li style=\"font-size:16px\"><strong>2012 &#8211; 8\u00b0 Encontro da ABCP<\/strong><br>Autor: Octavio Amorim Neto<br>T\u00edtulo do livro: De Dutra \u00e0 Lula: a condu\u00e7\u00e3o e os determinantes da pol\u00edtica externa brasileira. Rio de Janeiro: Campus, Konrad-Adenauer-Stiftung, 2011.<\/li>\n\n\n\n<li style=\"font-size:16px\"><strong>2008 &#8211; 6\u00b0 Encontro da ABCP<\/strong><br>Autor: M. M. Taylor<br>T\u00edtulo do livro: Judging Policy: Courts and Policy Reform in Democratic Brazil. 1\u00aa ed. Stanford: Stanford University Press, 2008.<\/li>\n\n\n\n<li style=\"font-size:16px\"><strong>2006 &#8211; 5\u00b0 Encontro da ABCP<\/strong><br>Autor: Wanderley Guilherme dos Santos<br>T\u00edtulo do livro: Horizonte do desejo: instabilidade, fracasso social e in\u00e9rcia social. 2\u00aa&nbsp;ed. Rio de Janeiro: FGV, 2006.<\/li>\n<\/ul>\n\n\n\n<p><\/p>\n\n\n\n<hr class=\"wp-block-separator has-alpha-channel-opacity\"\/>\n\n\n\n<p class=\"has-black-color has-white-background-color has-text-color has-background has-link-color has-medium-font-size wp-elements-f216fc745ac050f40ca8111df809c6ee\"><strong>Pr\u00eamio Eduardo Kugelmas &#8211; Melhor p\u00f4ster<\/strong><\/p>\n\n\n\n<ul class=\"wp-block-list\">\n<li style=\"font-size:16px\"><strong>2024 &#8211; 14\u00b0 Encontro da ABCP<br><\/strong>Autora: Giovanna Peverari Rampin<br>T\u00edtulo do trabalho: Agenda Governamental no Brasil: uma an\u00e1lise da agenda decis\u00f3ria dos governos Dilma e Temer (2011 &#8211; 2018)<\/li>\n\n\n\n<li style=\"font-size:16px\"><strong>2020 &#8211; 12\u00b0 Encontro da ABCP<\/strong><br>Autor: Ot\u00e1vio Z. Catelano<br>T\u00edtulo do trabalho: As dificuldades e as necessidades de mensurar a institucionaliza\u00e7\u00e3o dos sistemas partid\u00e1rios nos munic\u00edpios brasileiros<\/li>\n\n\n\n<li style=\"font-size:16px\"><strong>2018 &#8211; 11\u00b0 Encontro da ABCP<\/strong>\n<ul class=\"wp-block-list\">\n<li>1\u00b0 lugar<br>Autora: Ana Fl\u00e1via Magalh\u00e3es<br>T\u00edtulo do trabalho: Compartilhamento e Controle: Coaliz\u00f5es Governamentais e seu efeito no Legislativo<\/li>\n\n\n\n<li>2\u00b0 lugar<br>Autor: Bruno Massola Moda<br>T\u00edtulo do trabalho: The internationalization of political parties in latin American<\/li>\n\n\n\n<li>3\u00b0 lugar<br>Autor: Juan Suhurt<br>T\u00edtulo do trabalho: Elites pol\u00edticas no Chile: C\u00e2mara dos Deputados 2010-2018<\/li>\n<\/ul>\n<\/li>\n\n\n\n<li style=\"font-size:16px\"><strong>2014 &#8211; 9\u00b0 Encontro da ABCP<\/strong>\n<ul class=\"wp-block-list\">\n<li>1\u00b0 lugar<br>Autor: Lu\u00eds Gustavo Bruno<br>T\u00edtulo do trabalho: An\u00e1lise Organizacional das Juventudes Partid\u00e1rias do PT e do PSDB no estado de S\u00e3o Paulo<\/li>\n\n\n\n<li>2\u00b0 lugar<br>Autor: Brina Deponte Leveguen<br>T\u00edtulo do trabalho: PFL\/DEM e PSDB: uma an\u00e1lise das Comiss\u00f5es Executivas Nacionais<\/li>\n<\/ul>\n<\/li>\n\n\n\n<li style=\"font-size:16px\"><strong>2012 &#8211; 8\u00b0 Encontro da ABCP<\/strong><br>Autores: Amanda Modolin Balestrero, Fl\u00e1vio Henrique Machado Moreira e Natalia Martins Gonzaga de Oliveira<br>T\u00edtulo do trabalho: Partidos brasileiros de centro e direita: um estudo organizacional sobre PFL\/DEM,PMDB e PSDB<\/li>\n\n\n\n<li style=\"font-size:16px\"><strong>2008 &#8211; 7\u00b0 Encontro da ABCP<\/strong><br>Autor: Luiz Ant\u00f4nio Gusm\u00e3o<br>T\u00edtulo do trabalho: Entre o Desenvolvimento e a Repress\u00e3o: uma compara\u00e7\u00e3o das pol\u00edticas de combate \u00e0s drogas nos Andes<\/li>\n<\/ul>\n\n\n\n<p><\/p>\n\n\n\n<hr class=\"wp-block-separator has-alpha-channel-opacity\"\/>\n\n\n\n<h3 class=\"wp-block-heading\"><strong>Pr\u00eamio de Melhor Tese<\/strong><\/h3>\n\n\n\n<ul class=\"wp-block-list\">\n<li style=\"font-size:16px\"><strong>2022-2024<\/strong>\n<ul class=\"wp-block-list\">\n<li>Autora: Virginia Rocha da Silva &#8211; The family connection: political dynasties and government transparency in Brazilian municipalities\u201d &#8211; Tese defendida no PPGCP da UFPE<br><\/li>\n\n\n\n<li>1\u00aa Men\u00e7\u00e3o Honrosa<br>Autora: Ingrid Nascimento Aguiar Schlindwein (IRI-USP) &#8211; The World Bank and its upper-middle-income members: convening power and knowledge diffusion<\/li>\n\n\n\n<li>2\u00aa Men\u00e7\u00e3o Honrosa<br>Autor: Pedro Mendes Rufino Barbosa (IESP-UERJ) &#8211; A economia pol\u00edtica dos Estados de bem-estar tardios sob a globaliza\u00e7\u00e3o: uma compara\u00e7\u00e3o entre Am\u00e9rica Latina e Leste Asi\u00e1tico<\/li>\n<\/ul>\n<\/li>\n\n\n\n<li style=\"font-size:16px\"><strong>2017-2018<\/strong>\n<ul class=\"wp-block-list\">\n<li>Camila Rocha de Oliveira \u2013 Menos Marx Mais Mises. O liberalismo e a nova direita no Brasil. Tese defendida no PPG-CP da USP<\/li>\n<\/ul>\n<\/li>\n\n\n\n<li style=\"font-size:16px\"><strong>2015-2016<\/strong>\n<ul class=\"wp-block-list\">\n<li>Gabriel Avila Casalecchi \u2013 Legado democr\u00e1tico e apoio \u00e0 democracia na Am\u00e9rica Latina: evid\u00eancias e mecanismos explicativos. Tese defendida no PPG-CP da UFMG<\/li>\n<\/ul>\n<\/li>\n<\/ul>\n\n\n\n<p><\/p>\n\n\n\n<p><\/p>\n\n\n\n<p class=\"has-text-align-center\">&#8230;<\/p>\n\n\n\n<p><\/p>\n\n\n\n<p class=\"has-black-color has-text-color has-link-color wp-elements-5b0426eb2cac51dda66390df2b8eda42\" style=\"font-size:18px\">Demais Pr\u00eamios concedidos pela ABCP ao longo da sua trajet\u00f3ria:<\/p>\n\n\n\n<ul style=\"font-size:16px\" class=\"wp-block-list\">\n<li><strong>Pr\u00eamio ABCP &#8211; ONU Mulheres (2020)<\/strong><br>Artigo: Os sentidos da paridade de g\u00eanero na Bol\u00edvia e os elementos da sua constante transforma\u00e7\u00e3o<br>Autora: Ananda Winter<\/li>\n<\/ul>\n\n\n\n<ul style=\"font-size:16px\" class=\"wp-block-list\">\n<li><strong>ABCP-IPSA (2016)<\/strong><br>Artigo: A cor dos eleitos: determinantes da sub-representa\u00e7\u00e3o pol\u00edtica dos n\u00e3o brancos no Brasil<br>Autores: Luiz Augusto Campos e Carlos Machado<\/li>\n<\/ul>\n\n\n\n<ul style=\"font-size:16px\" class=\"wp-block-list\">\n<li><strong>ABCP- IPSA (2015)<\/strong><br>Artigo: Explicando os Efeitos de Programas de Socializa\u00e7\u00e3o Pol\u00edtica: a Experi\u00eancia do Parlamento Jovem no Brasil<br>Autor: Mario Fuks<\/li>\n<\/ul>\n","protected":false},"excerpt":{"rendered":"<p>Pr\u00eamio Olavo Brasil de Lima Jr. &#8211; Melhor artigo Pr\u00eamio Victor Nunes Leal &#8211; Melhor livro Pr\u00eamio Eduardo Kugelmas &#8211; Melhor p\u00f4ster Pr\u00eamio de Melhor Tese &#8230; Demais Pr\u00eamios concedidos pela ABCP ao longo da sua trajet\u00f3ria:<\/p>\n","protected":false},"author":1,"featured_media":0,"parent":70,"menu_order":0,"comment_status":"closed","ping_status":"closed","template":"","meta":{"footnotes":""},"class_list":["post-2196","page","type-page","status-publish","hentry"],"_links":{"self":[{"href":"https:\/\/cienciapolitica.org.br\/web\/wp-json\/wp\/v2\/pages\/2196","targetHints":{"allow":["GET"]}}],"collection":[{"href":"https:\/\/cienciapolitica.org.br\/web\/wp-json\/wp\/v2\/pages"}],"about":[{"href":"https:\/\/cienciapolitica.org.br\/web\/wp-json\/wp\/v2\/types\/page"}],"author":[{"embeddable":true,"href":"https:\/\/cienciapolitica.org.br\/web\/wp-json\/wp\/v2\/users\/1"}],"replies":[{"embeddable":true,"href":"https:\/\/cienciapolitica.org.br\/web\/wp-json\/wp\/v2\/comments?post=2196"}],"version-history":[{"count":33,"href":"https:\/\/cienciapolitica.org.br\/web\/wp-json\/wp\/v2\/pages\/2196\/revisions"}],"predecessor-version":[{"id":3194,"href":"https:\/\/cienciapolitica.org.br\/web\/wp-json\/wp\/v2\/pages\/2196\/revisions\/3194"}],"up":[{"embeddable":true,"href":"https:\/\/cienciapolitica.org.br\/web\/wp-json\/wp\/v2\/pages\/70"}],"wp:attachment":[{"href":"https:\/\/cienciapolitica.org.br\/web\/wp-json\/wp\/v2\/media?parent=2196"}],"curies":[{"name":"wp","href":"https:\/\/api.w.org\/{rel}","templated":true}]}}