{"id":2286,"date":"2023-12-07T05:06:53","date_gmt":"2023-12-07T05:06:53","guid":{"rendered":"https:\/\/tmp.cienciapolitica.org.br\/?page_id=2286"},"modified":"2023-12-07T05:06:53","modified_gmt":"2023-12-07T05:06:53","slug":"12o-encontro-abcp-online","status":"publish","type":"page","link":"https:\/\/cienciapolitica.org.br\/web\/eventos\/12o-encontro-abcp-online\/","title":{"rendered":"12\u00ba Encontro ABCP &#8211; online"},"content":{"rendered":"\n<h3 class=\"wp-block-heading\">&nbsp;Comiss\u00e3o organizadora<\/h3>\n\n\n\n<ul class=\"wp-block-list\">\n<li><a href=\"https:\/\/cienciapolitica.org.br\/web\/index.php\/pt-br\/pessoa\/flavia-biroli-0\">Flavia Biroli<\/a>\n<ul class=\"wp-block-list\">\n<li><a href=\"https:\/\/cienciapolitica.org.br\/web\/index.php\/pt-br\/organizacao\/unb-universidade-brasilia\">UnB &#8211; Universidade de Bras\u00edlia<\/a><\/li>\n<\/ul>\n<\/li>\n\n\n\n<li><a href=\"https:\/\/cienciapolitica.org.br\/web\/index.php\/pt-br\/pessoa\/fernando-guarnieri\">Fernando Guarnieri<\/a>\n<ul class=\"wp-block-list\">\n<li><a href=\"https:\/\/cienciapolitica.org.br\/web\/index.php\/pt-br\/organizacao\/iesp-uerj-instituto-estudos-sociais-e-politicos\">IESP-UERJ &#8211; Instituto de Estudos Sociais e Pol\u00edticos<\/a><\/li>\n<\/ul>\n<\/li>\n\n\n\n<li><a href=\"https:\/\/cienciapolitica.org.br\/web\/index.php\/pt-br\/pessoa\/luciana-tatagiba\">Luciana Tatagiba<\/a>\n<ul class=\"wp-block-list\">\n<li><a href=\"https:\/\/cienciapolitica.org.br\/web\/index.php\/pt-br\/organizacao\/unicamp-universidade-estadual-campinas\">UNICAMP &#8211; Universidade Estadual de Campinas<\/a><\/li>\n<\/ul>\n<\/li>\n\n\n\n<li><a href=\"https:\/\/cienciapolitica.org.br\/web\/index.php\/pt-br\/pessoa\/henrique-zeferino-menezes\">Henrique Zeferino de Menezes<\/a>\n<ul class=\"wp-block-list\">\n<li><a href=\"https:\/\/cienciapolitica.org.br\/web\/index.php\/pt-br\/organizacao\/ufpb-universidade-federal-paraiba\">UFPB &#8211; Universidade Federal da Para\u00edba<\/a><\/li>\n<\/ul>\n<\/li>\n\n\n\n<li><a href=\"https:\/\/cienciapolitica.org.br\/web\/index.php\/pt-br\/pessoa\/jose-henrique-artigas-godoy\">Jos\u00e9 Henrique Artigas de Godoy<\/a>\n<ul class=\"wp-block-list\">\n<li><a href=\"https:\/\/cienciapolitica.org.br\/web\/index.php\/pt-br\/organizacao\/ufpb-universidade-federal-paraiba\">UFPB &#8211; Universidade Federal da Para\u00edba<\/a><\/li>\n<\/ul>\n<\/li>\n\n\n\n<li><a href=\"https:\/\/cienciapolitica.org.br\/web\/index.php\/pt-br\/pessoa\/lizandra-serafim\">Lizandra Serafim<\/a>\n<ul class=\"wp-block-list\">\n<li><a href=\"https:\/\/cienciapolitica.org.br\/web\/index.php\/pt-br\/organizacao\/ufpb-universidade-federal-paraiba\">UFPB &#8211; Universidade Federal da Para\u00edba<\/a><\/li>\n<\/ul>\n<\/li>\n\n\n\n<li><a href=\"https:\/\/cienciapolitica.org.br\/web\/index.php\/pt-br\/pessoa\/luciana-aparecida-aliaga-azara-oliveira\">Luciana Aparecida Aliaga \u00c1zara de Oliveira<\/a>\n<ul class=\"wp-block-list\">\n<li><a href=\"https:\/\/cienciapolitica.org.br\/web\/index.php\/pt-br\/organizacao\/ufpb-universidade-federal-paraiba\">UFPB &#8211; Universidade Federal da Para\u00edba<\/a><\/li>\n<\/ul>\n<\/li>\n\n\n\n<li><a href=\"https:\/\/cienciapolitica.org.br\/web\/index.php\/pt-br\/pessoa\/marcelo-burgos-p-dos-santos\">Marcelo Burgos P dos Santos<\/a>\n<ul class=\"wp-block-list\">\n<li><a href=\"https:\/\/cienciapolitica.org.br\/web\/index.php\/pt-br\/organizacao\/ufpb-universidade-federal-paraiba\">UFPB &#8211; Universidade Federal da Para\u00edba<\/a><\/li>\n<\/ul>\n<\/li>\n<\/ul>\n\n\n\n<p>Apresenta\u00e7\u00e3o<\/p>\n\n\n\n<p>O Encontro aconteceu&nbsp;<strong>remotamente, de 19 a 23 de outubro de 2020<\/strong>, com a&nbsp;tem\u00e1tica &#8220;Democracia e Desenvolvimento&#8221;.&nbsp;<\/p>\n\n\n\n<p>Em um per\u00edodo de crise das democracias em diferentes partes do mundo, em que o aumento das desigualdades econ\u00f4micas se apresenta conjuntamente com disputas acirradas em rela\u00e7\u00e3o a modelos de desenvolvimento, a&nbsp;<strong>ABCP<\/strong>&nbsp;destaca as conex\u00f5es entre a fragiliza\u00e7\u00e3o das democracias e as desigualdades regionais.<\/p>\n\n\n\n<p>Em suas diferentes manifesta\u00e7\u00f5es, as restri\u00e7\u00f5es de direitos, os ataques aos direitos humanos e \u00e0s popula\u00e7\u00f5es mais vulner\u00e1veis, a estigmatiza\u00e7\u00e3o relacionada \u00e0 etnia, \u00e0 ra\u00e7a, \u00e0 nacionalidade, ao g\u00eanero, \u00e0 sexualidade e e \u00e0 pobreza t\u00eam dimens\u00f5es regionais. H\u00e1 muito, ainda, a se debater sobre os efeitos das pol\u00edticas neoliberais e das novas formas de conservadorismo sobre as democracias, levando em conta as fragilidades da democracia e os desafios para o desenvolvimento tamb\u00e9m dessa perspectiva.&nbsp;<\/p>\n\n\n\n<p><a href=\"https:\/\/www.abcp2020.sinteseeventos.com.br\/\">Saiba mais no site oficial do evento<\/a><\/p>\n\n\n\n<div class=\"wp-block-media-text has-media-on-the-right is-stacked-on-mobile is-vertically-aligned-center\" style=\"grid-template-columns:auto 52%\"><div class=\"wp-block-media-text__content\">\n<p>Realiza\u00e7\u00e3o<\/p>\n\n\n\n<figure class=\"wp-block-image size-full is-resized\"><img decoding=\"async\" src=\"https:\/\/tmp.cienciapolitica.org.br\/wp-content\/uploads\/2023\/12\/ufpb-universidade-federal-paraiba-1708-1.jpg\" alt=\"\" class=\"wp-image-2287\" style=\"width:149px;height:auto\"\/><\/figure>\n<\/div><figure class=\"wp-block-media-text__media\"><img fetchpriority=\"high\" decoding=\"async\" width=\"1024\" height=\"487\" src=\"https:\/\/tmp.cienciapolitica.org.br\/wp-content\/uploads\/2023\/12\/ELEICO1-1-1024x487.png\" alt=\"\" class=\"wp-image-2244 size-full\" srcset=\"https:\/\/cienciapolitica.org.br\/web\/wp-content\/uploads\/2023\/12\/ELEICO1-1-1024x487.png 1024w, https:\/\/cienciapolitica.org.br\/web\/wp-content\/uploads\/2023\/12\/ELEICO1-1-300x143.png 300w, https:\/\/cienciapolitica.org.br\/web\/wp-content\/uploads\/2023\/12\/ELEICO1-1-768x365.png 768w, https:\/\/cienciapolitica.org.br\/web\/wp-content\/uploads\/2023\/12\/ELEICO1-1.png 1366w\" sizes=\"(max-width: 1024px) 100vw, 1024px\" \/><\/figure><\/div>\n\n\n\n<h2 class=\"wp-block-heading\">Informa\u00e7\u00f5es<\/h2>\n\n\n\n<p>19\/10\/2020 a 23\/10\/2020<\/p>\n\n\n\n<p><a href=\"https:\/\/cienciapolitica.org.br\/web\/index.php\/pt-br\/node\/3841\">Universidade Federal da Para\u00edba &#8211; UFPB<\/a><\/p>\n\n\n\n<p>Campus I &#8211; Lot. Cidade Universitaria<br>Jo\u00e3o Pessoa-PB<br>58051-900<br>Brasil<\/p>\n\n\n\n<h2 class=\"wp-block-heading\" id=\"block-mainnavigation-8-menu\">Veja tamb\u00e9m<\/h2>\n\n\n\n<ul class=\"wp-block-list\">\n<li><a href=\"https:\/\/cienciapolitica.org.br\/web\/index.php\/pt-br\/eventos\/12o-encontro-abcp\/programacao\">Programa\u00e7\u00e3o<\/a><\/li>\n\n\n\n<li><a href=\"https:\/\/cienciapolitica.org.br\/web\/index.php\/pt-br\/eventos\/12o-encontro-abcp\/anais\">Anais<\/a><\/li>\n<\/ul>\n","protected":false},"excerpt":{"rendered":"<p>&nbsp;Comiss\u00e3o organizadora Apresenta\u00e7\u00e3o O Encontro aconteceu&nbsp;remotamente, de 19 a 23 de outubro de 2020, com a&nbsp;tem\u00e1tica &#8220;Democracia e Desenvolvimento&#8221;.&nbsp; Em um per\u00edodo de crise das democracias em diferentes partes do mundo, em que o aumento das desigualdades econ\u00f4micas se apresenta conjuntamente com disputas acirradas em rela\u00e7\u00e3o a modelos de desenvolvimento, a&nbsp;ABCP&nbsp;destaca as conex\u00f5es entre a fragiliza\u00e7\u00e3o das democracias e as desigualdades regionais. Em suas diferentes manifesta\u00e7\u00f5es, as restri\u00e7\u00f5es de direitos, os ataques aos direitos humanos e \u00e0s popula\u00e7\u00f5es mais vulner\u00e1veis, a estigmatiza\u00e7\u00e3o relacionada \u00e0 etnia, \u00e0 ra\u00e7a, \u00e0 nacionalidade, ao g\u00eanero, \u00e0 sexualidade e e \u00e0 pobreza t\u00eam dimens\u00f5es regionais. H\u00e1 muito, ainda, a se debater sobre os efeitos das pol\u00edticas neoliberais e das novas formas de conservadorismo sobre as democracias, levando em conta as fragilidades da democracia e os desafios para o desenvolvimento tamb\u00e9m dessa perspectiva.&nbsp; Saiba mais no site oficial do evento Informa\u00e7\u00f5es 19\/10\/2020 a 23\/10\/2020 Universidade Federal da Para\u00edba &#8211; UFPB Campus I &#8211; Lot. Cidade UniversitariaJo\u00e3o Pessoa-PB58051-900Brasil Veja tamb\u00e9m<\/p>\n","protected":false},"author":1,"featured_media":0,"parent":87,"menu_order":0,"comment_status":"closed","ping_status":"closed","template":"","meta":{"footnotes":""},"class_list":["post-2286","page","type-page","status-publish","hentry"],"_links":{"self":[{"href":"https:\/\/cienciapolitica.org.br\/web\/wp-json\/wp\/v2\/pages\/2286","targetHints":{"allow":["GET"]}}],"collection":[{"href":"https:\/\/cienciapolitica.org.br\/web\/wp-json\/wp\/v2\/pages"}],"about":[{"href":"https:\/\/cienciapolitica.org.br\/web\/wp-json\/wp\/v2\/types\/page"}],"author":[{"embeddable":true,"href":"https:\/\/cienciapolitica.org.br\/web\/wp-json\/wp\/v2\/users\/1"}],"replies":[{"embeddable":true,"href":"https:\/\/cienciapolitica.org.br\/web\/wp-json\/wp\/v2\/comments?post=2286"}],"version-history":[{"count":0,"href":"https:\/\/cienciapolitica.org.br\/web\/wp-json\/wp\/v2\/pages\/2286\/revisions"}],"up":[{"embeddable":true,"href":"https:\/\/cienciapolitica.org.br\/web\/wp-json\/wp\/v2\/pages\/87"}],"wp:attachment":[{"href":"https:\/\/cienciapolitica.org.br\/web\/wp-json\/wp\/v2\/media?parent=2286"}],"curies":[{"name":"wp","href":"https:\/\/api.w.org\/{rel}","templated":true}]}}