{"id":2710,"date":"2024-03-08T18:12:18","date_gmt":"2024-03-08T18:12:18","guid":{"rendered":"https:\/\/cienciapolitica.org.br\/web\/?page_id=2710"},"modified":"2024-03-08T18:12:18","modified_gmt":"2024-03-08T18:12:18","slug":"curso-mulheres-rumo-ao-poder","status":"publish","type":"page","link":"https:\/\/cienciapolitica.org.br\/web\/curso-mulheres-rumo-ao-poder\/","title":{"rendered":"Curso Mulheres Rumo ao Poder"},"content":{"rendered":"\n<p class=\"has-black-color has-text-color has-link-color wp-elements-e7c1ddbfcf4861112711635defed8c86\" style=\"font-size:24px\"><a href=\"https:\/\/cienciapolitica.org.br\/web\/curso-mulheres-rumo-ao-poder-aula-1\/\">Aula 01<\/a> &#8211; <strong><em>Hist\u00f3rias e trajet\u00f3rias: quem somos e a que viemos? As lutas das Mulheres<\/em><\/strong><br>Professora: Marlise Matos (UFMG)<\/p>\n\n\n\n<p class=\"has-black-color has-text-color has-link-color wp-elements-848550d8774c07e1dbe3572b510c6d3e\" style=\"font-size:24px\"><a href=\"https:\/\/cienciapolitica.org.br\/web\/curso-mulheres-rumo-ao-poder-aula-2\/\">Aula 02<\/a> &#8211; <strong>As mulheres e a exclus\u00e3o pol\u00edtica<\/strong><br>Professora: Ma\u00edra Kub\u00edk Mano (UFBA)<\/p>\n\n\n\n<p class=\"has-black-color has-text-color has-link-color wp-elements-3d4ce8d50abb4a5de058dd6a841a770a\" style=\"font-size:24px\"><a href=\"https:\/\/cienciapolitica.org.br\/web\/curso-mulheres-rumo-ao-poder-aula-3\/\" data-type=\"link\" data-id=\"https:\/\/cienciapolitica.org.br\/web\/curso-mulheres-rumo-ao-poder-aula-3\/\">Aula 03<\/a> &#8211; <strong>Desigualdades de G\u00eanero, Ra\u00e7a e Classe<\/strong><br>Professora: M\u00e1rcia Lima (USP)<\/p>\n\n\n\n<p class=\"has-black-color has-text-color has-link-color wp-elements-d80317dfdff754c7e2b15e285752781c\" style=\"font-size:24px\"><a href=\"https:\/\/cienciapolitica.org.br\/web\/curso-mulheres-rumo-ao-poder-aula-4\/\">Aula 04<\/a> &#8211; <strong>Mulheres, as Pol\u00edticas P\u00fablicas, G\u00eanero e Ra\u00e7a<\/strong><br>Professora: Layla Carvalho (UNILAB)<\/p>\n\n\n\n<p class=\"has-black-color has-text-color has-link-color wp-elements-5d070b1c3b75c13a0d9627717c153579\" style=\"font-size:24px\"><a href=\"https:\/\/cienciapolitica.org.br\/web\/curso-mulheres-rumo-ao-poder-aula-5\/\">Aula 05<\/a>\u00a0\u2013\u00a0<strong>Pandemia de COVID-19 e as Mulheres: impactos de g\u00eanero<\/strong><br>Professora:\u00a0Denise Nacif Pimenta (FIOCRUZ)<\/p>\n\n\n\n<p class=\"has-black-color has-text-color has-link-color wp-elements-95dcb47a5cfbfb30e702c2258d6f7cf2\" style=\"font-size:24px\"><a href=\"https:\/\/cienciapolitica.org.br\/web\/curso-mulheres-rumo-ao-poder-aula-6\/\">Aula 06<\/a>\u00a0\u2013\u00a0<strong>Organiza\u00e7\u00e3o do Estado e No\u00e7\u00f5es de Processo Legislativo<\/strong><br>Professora: Danusa Marques (UnB)<\/p>\n\n\n\n<p class=\"has-black-color has-text-color has-link-color wp-elements-d12dfc3d5ceabadca8f5e1d44eb163d6\" style=\"font-size:24px\"><a href=\"https:\/\/cienciapolitica.org.br\/web\/curso-mulheres-rumo-ao-poder-aula-7\/\">Aula 07<\/a>\u00a0\u2013\u00a0<strong>Sistema Pol\u00edtico Brasileiro e a Democracia<\/strong><br>Professora: Celi Pinto (UFRGS)<\/p>\n\n\n\n<p class=\"has-black-color has-text-color has-link-color wp-elements-993597778ee0a48554bdb4b69f5735c5\" style=\"font-size:24px\"><a href=\"https:\/\/cienciapolitica.org.br\/web\/curso-mulheres-rumo-ao-poder-aula-8\/\">Aula 08<\/a>\u00a0\u2013\u00a0<strong>Sistema Partid\u00e1rio e Partidos Pol\u00edticos<\/strong><br>Professora: Daniela Leandro Rezende (UFV)<\/p>\n\n\n\n<p class=\"has-black-color has-text-color has-link-color wp-elements-0ee200c06d18659fb988fb2ad932338a\" style=\"font-size:24px\"><a href=\"https:\/\/cienciapolitica.org.br\/web\/curso-mulheres-rumo-ao-poder-aula-9\/\">Aula 09<\/a>\u00a0\u2013\u00a0<strong>Os desafios vividos pelas mulheres na pol\u00edtica<\/strong><br>Professora: Fl\u00e1via Biroli (UnB)<\/p>\n\n\n\n<p class=\"has-black-color has-text-color has-link-color wp-elements-d0adf84c33d0363a9ac67a689c9c6e79\" style=\"font-size:24px\"><a href=\"https:\/\/cienciapolitica.org.br\/web\/curso-mulheres-rumo-ao-poder-aula-10\/\">Aula 10<\/a>\u00a0\u2013\u00a0<strong>Direito eleitoral: o que muda nas elei\u00e7\u00f5es de 2020?<\/strong><br>Professora: Eneida Desiree Salgado (UFPR)<\/p>\n\n\n\n<p class=\"has-black-color has-text-color has-link-color wp-elements-0558c11c2f229cfaf5934c6008072fd4\" style=\"font-size:24px\"><a href=\"https:\/\/cienciapolitica.org.br\/web\/curso-mulheres-rumo-ao-poder-aula-11\/\">Aula 11<\/a>\u00a0\u2013\u00a0<strong>Democracia e exclus\u00e3o no Brasil: negras e ind\u00edgenas<\/strong><br>Professora: Fl\u00e1via Rios (UFF)<\/p>\n\n\n\n<p class=\"has-black-color has-text-color has-link-color wp-elements-d664ce03f8876307a2418c7d73b102a1\" style=\"font-size:24px\"><a href=\"https:\/\/cienciapolitica.org.br\/web\/curso-mulheres-rumo-ao-poder-aula-12\/\">Aula 12<\/a>\u00a0<\/p>\n\n\n\n<p class=\"has-black-color has-text-color has-link-color wp-elements-e61f3ddf845571a440f037f35f6c6dd3\" style=\"font-size:24px\"><a href=\"https:\/\/cienciapolitica.org.br\/web\/curso-mulheres-rumo-ao-poder-aula-13\/\">Aula 13<\/a>\u00a0\u2013\u00a0<strong>Democracia e exclus\u00e3o no Brasil: pessoas com defici\u00eancia<\/strong><br>Professora: Anahi Guedes de Mello (UFSC)<\/p>\n\n\n\n<p class=\"has-black-color has-text-color has-link-color wp-elements-556bdbf2982673d03b4f81e22dcad516\" style=\"font-size:24px\"><a href=\"https:\/\/cienciapolitica.org.br\/web\/curso-mulheres-rumo-ao-poder-aula-14\/\">Aula 14<\/a>\u00a0\u2013\u00a0<strong>Registro de candidatura: filia\u00e7\u00e3o e conven\u00e7\u00f5es<\/strong><br>Professora: Roberta Maia Gresta (PUC Minas)<\/p>\n\n\n\n<p class=\"has-black-color has-text-color has-link-color wp-elements-4dd8ad8c9a43b1600816c367ae5267cd\" style=\"font-size:24px\"><a href=\"https:\/\/cienciapolitica.org.br\/web\/curso-mulheres-rumo-ao-poder-aula-15\/\">Aula 15<\/a>\u00a0\u2013\u00a0<strong>Financiamento de campanha, regras eleitorais, partidos pol\u00edticos<\/strong><br>Professora: Tereza Sacchet (UFBA)<\/p>\n\n\n\n<p class=\"has-black-color has-text-color has-link-color wp-elements-456c4bd0062e228c9e9bb0e4b6e4bbd3\" style=\"font-size:24px\"><a href=\"https:\/\/cienciapolitica.org.br\/web\/curso-mulheres-rumo-ao-poder-aula-16\/\">Aula 16<\/a><strong> &#8211; <\/strong><strong>Comunica\u00e7\u00e3o de campanha e o uso de redes sociais<\/strong><br>Professora: Nina Santos (INCT.DD\/UFBA)<\/p>\n","protected":false},"excerpt":{"rendered":"<p>Aula 01 &#8211; Hist\u00f3rias e trajet\u00f3rias: quem somos e a que viemos? As lutas das MulheresProfessora: Marlise Matos (UFMG) Aula 02 &#8211; As mulheres e a exclus\u00e3o pol\u00edticaProfessora: Ma\u00edra Kub\u00edk Mano (UFBA) Aula 03 &#8211; Desigualdades de G\u00eanero, Ra\u00e7a e ClasseProfessora: M\u00e1rcia Lima (USP) Aula 04 &#8211; Mulheres, as Pol\u00edticas P\u00fablicas, G\u00eanero e Ra\u00e7aProfessora: Layla Carvalho (UNILAB) Aula 05\u00a0\u2013\u00a0Pandemia de COVID-19 e as Mulheres: impactos de g\u00eaneroProfessora:\u00a0Denise Nacif Pimenta (FIOCRUZ) Aula 06\u00a0\u2013\u00a0Organiza\u00e7\u00e3o do Estado e No\u00e7\u00f5es de Processo LegislativoProfessora: Danusa Marques (UnB) Aula 07\u00a0\u2013\u00a0Sistema Pol\u00edtico Brasileiro e a DemocraciaProfessora: Celi Pinto (UFRGS) Aula 08\u00a0\u2013\u00a0Sistema Partid\u00e1rio e Partidos Pol\u00edticosProfessora: Daniela Leandro Rezende (UFV) Aula 09\u00a0\u2013\u00a0Os desafios vividos pelas mulheres na pol\u00edticaProfessora: Fl\u00e1via Biroli (UnB) Aula 10\u00a0\u2013\u00a0Direito eleitoral: o que muda nas elei\u00e7\u00f5es de 2020?Professora: Eneida Desiree Salgado (UFPR) Aula 11\u00a0\u2013\u00a0Democracia e exclus\u00e3o no Brasil: negras e ind\u00edgenasProfessora: Fl\u00e1via Rios (UFF) Aula 12\u00a0 Aula 13\u00a0\u2013\u00a0Democracia e exclus\u00e3o no Brasil: pessoas com defici\u00eanciaProfessora: Anahi Guedes de Mello (UFSC) Aula 14\u00a0\u2013\u00a0Registro de candidatura: filia\u00e7\u00e3o e conven\u00e7\u00f5esProfessora: Roberta Maia Gresta (PUC Minas) Aula 15\u00a0\u2013\u00a0Financiamento de campanha, regras eleitorais, partidos pol\u00edticosProfessora: Tereza Sacchet (UFBA) Aula 16 &#8211; Comunica\u00e7\u00e3o de campanha e o uso de redes sociaisProfessora: Nina Santos (INCT.DD\/UFBA)<\/p>\n","protected":false},"author":1,"featured_media":0,"parent":0,"menu_order":0,"comment_status":"closed","ping_status":"closed","template":"","meta":{"footnotes":""},"class_list":["post-2710","page","type-page","status-publish","hentry"],"_links":{"self":[{"href":"https:\/\/cienciapolitica.org.br\/web\/wp-json\/wp\/v2\/pages\/2710","targetHints":{"allow":["GET"]}}],"collection":[{"href":"https:\/\/cienciapolitica.org.br\/web\/wp-json\/wp\/v2\/pages"}],"about":[{"href":"https:\/\/cienciapolitica.org.br\/web\/wp-json\/wp\/v2\/types\/page"}],"author":[{"embeddable":true,"href":"https:\/\/cienciapolitica.org.br\/web\/wp-json\/wp\/v2\/users\/1"}],"replies":[{"embeddable":true,"href":"https:\/\/cienciapolitica.org.br\/web\/wp-json\/wp\/v2\/comments?post=2710"}],"version-history":[{"count":1,"href":"https:\/\/cienciapolitica.org.br\/web\/wp-json\/wp\/v2\/pages\/2710\/revisions"}],"predecessor-version":[{"id":2711,"href":"https:\/\/cienciapolitica.org.br\/web\/wp-json\/wp\/v2\/pages\/2710\/revisions\/2711"}],"wp:attachment":[{"href":"https:\/\/cienciapolitica.org.br\/web\/wp-json\/wp\/v2\/media?parent=2710"}],"curies":[{"name":"wp","href":"https:\/\/api.w.org\/{rel}","templated":true}]}}