{"id":2812,"date":"2024-03-26T18:27:06","date_gmt":"2024-03-26T18:27:06","guid":{"rendered":"https:\/\/cienciapolitica.org.br\/web\/?page_id=2812"},"modified":"2024-07-24T19:36:19","modified_gmt":"2024-07-24T19:36:19","slug":"incts","status":"publish","type":"page","link":"https:\/\/cienciapolitica.org.br\/web\/incts\/","title":{"rendered":"INCTs"},"content":{"rendered":"\n<p class=\"has-black-color has-text-color has-link-color wp-elements-1af8d9bc5b63e5de8730d01ba6c947c2\">Abaixo est\u00e3o listados os INCTs  com participa\u00e7\u00e3o de Programas de P\u00f3s-Gradua\u00e7\u00e3o e pesquisadores \u00e1rea de Ci\u00eancia Pol\u00edtica. Disponibilizamos uma breve descri\u00e7\u00e3o sobre eles e os seus principais meios de contato.<\/p>\n\n\n\n<p class=\"has-black-color has-text-color has-link-color wp-elements-0e59615dff122f824bb7a75b0241de7a\"><em>O Programa Institutos Nacionais de Ci\u00eancia, Tecnologia e Inova\u00e7\u00e3o &#8211; INCTs, se caracteriza por grandes projetos de pesquisa de longo prazo em redes nacionais e ou internacionais de coopera\u00e7\u00e3o cient\u00edfica envolvendo pesquisadores e bolsistas das mais diversas \u00e1reas, para o desenvolvimento de projetos de alto impacto cient\u00edfico e de forma\u00e7\u00e3o de recursos humanos. <\/em><br><a href=\"http:\/\/inct.cnpq.br\/home\/\" target=\"_blank\" rel=\"noreferrer noopener\">http:\/\/inct.cnpq.br\/home\/<\/a><\/p>\n\n\n\n<ul class=\"wp-block-list\">\n<li><strong><mark style=\"background-color:rgba(0, 0, 0, 0)\" class=\"has-inline-color has-black-color\">INCT QualiGov<\/mark><\/strong><\/li>\n<\/ul>\n\n\n\n<p class=\"has-black-color has-text-color has-link-color wp-elements-82bdadad5a9b550d9a1e51eec7cc9d89\">O Instituto Nacional de Ci\u00eancia e Tecnologia Qualidade de Governo e Pol\u00edticas P\u00fablicas para o Desenvolvimento Sustent\u00e1vel (QualiGov) visa desenvolver a pesquisa sobre pol\u00edticas p\u00fablicas e qualidade de governo nas administra\u00e7\u00f5es federal, estaduais e municipais. O INCT QualiGov contribuir\u00e1 com a inova\u00e7\u00e3o na gest\u00e3o p\u00fablica, atrav\u00e9s de diagn\u00f3sticos, an\u00e1lises e produ\u00e7\u00e3o compartilhada de trabalhos de cunho aplicado e investir\u00e1 na forma\u00e7\u00e3o de pesquisadores e gestores p\u00fablicos relacionados a: i) Governo , governan\u00e7a e institui\u00e7\u00f5es pol\u00edticas, que engloba inova\u00e7\u00e3o, moderniza\u00e7\u00e3o e profissionaliza\u00e7\u00e3o da administra\u00e7\u00e3o p\u00fablica,; ii) Pol\u00edticas P\u00fablicas para o Desenvolvimento Sustent\u00e1vel e para a Inclus\u00e3o Social, que abarca os processos de formula\u00e7\u00e3o, implementa\u00e7\u00e3o e avalia\u00e7\u00e3o de pol\u00edticas p\u00fablicas para os ODS, e pol\u00edticas de mudan\u00e7a clim\u00e1tica.; iii) Judicializa\u00e7\u00e3o e acesso \u00e0 justi\u00e7a e \u00e0 cidadania, que engloba a judicializa\u00e7\u00e3o de pol\u00edticas p\u00fablicas e litig\u00e2ncia estrat\u00e9gica; acesso \u00e0 justi\u00e7a e garantia dos direitos constitucionalizados.<\/p>\n\n\n\n<p class=\"has-black-color has-text-color has-link-color wp-elements-414e52701414ca4676a29ee987ec84d3\">Site: <a href=\"http:\/\/qualigov.pro.br\">http:\/\/qualigov.pro.br<\/a><\/p>\n\n\n\n<ul class=\"wp-block-list\">\n<li><strong><mark style=\"background-color:rgba(0, 0, 0, 0)\" class=\"has-inline-color has-black-color\">INCT PPED<\/mark><\/strong><\/li>\n<\/ul>\n\n\n\n<p class=\"has-black-color has-text-color has-link-color wp-elements-63c5a58e0c8a9bf59a3ad3eb5de0756b\">INCT PPED tem como principal objetivo contribuir para a renova\u00e7\u00e3o conceitual e instrumental da a\u00e7\u00e3o p\u00fablica comprometida com o desenvolvimento. A partir da constata\u00e7\u00e3o das mudan\u00e7as no cen\u00e1rio internacional que v\u00eam ocorrendo desde o in\u00edcio do s\u00e9culo XXI, tornou-se evidente a necessidade de adapta\u00e7\u00e3o do Estado e de suas pol\u00edticas ao novo contexto, bem como a import\u00e2ncia de estrat\u00e9gias inovadoras do governo, de outros atores sociais e, especialmente, das empresas. Nesse contexto, projeto pretende responder ao duplo desafio de inovar na interpreta\u00e7\u00e3o dos processos em curso &#8211; por meio da atualiza\u00e7\u00e3o da matriz conceitual relativa ao entendimento dos processos de desenvolvimento, bem como subsidiar a a\u00e7\u00e3o p\u00fablica governamental mediante a renova\u00e7\u00e3o das formas de interven\u00e7\u00e3o p\u00fablica em mat\u00e9ria de desenvolvimento econ\u00f4mico. Esse duplo desafio se concretiza num conjunto de a\u00e7\u00f5es de amplo impacto nos planos: da pesquisa e da interpreta\u00e7\u00e3o; da capacita\u00e7\u00e3o, atrav\u00e9s do ensino e da produ\u00e7\u00e3o discente; da ampla e irrestrita difus\u00e3o de resultados; da constru\u00e7\u00e3o de elos entre as m\u00faltiplas redes onde os professores participantes do INCT PPED j\u00e1 constituem lideran\u00e7as acad\u00eamicas, tanto no plano nacional quanto internacional; do compromisso de subsidiar os processos de implementa\u00e7\u00e3o de pol\u00edticas de desenvolvimento.<\/p>\n\n\n\n<p class=\"has-black-color has-text-color has-link-color wp-elements-968440e3fff55726d52ee5c8b53124e4\">Site:<a href=\"https:\/\/inctpped.ie.ufrj.br\" target=\"_blank\" rel=\"noreferrer noopener\"> https:\/\/inctpped.ie.ufrj.br<\/a><\/p>\n\n\n\n<ul class=\"wp-block-list\">\n<li><strong><mark style=\"background-color:rgba(0, 0, 0, 0)\" class=\"has-inline-color has-black-color\">INCT Participa<\/mark><\/strong><\/li>\n<\/ul>\n\n\n\n<p class=\"has-black-color has-text-color has-link-color wp-elements-e8cc4f9038da600f9fcfce6ec4451c68\">A transforma\u00e7\u00e3o dos processos de organiza\u00e7\u00e3o e mobiliza\u00e7\u00e3o social e a emerg\u00eancia de novos atores e conflitos s\u00e3o fen\u00f4menos globais que acompanham a crise da democracia, o crescimento da vulnerabilidade social produzida por pol\u00edticas liberalizantes, a ascens\u00e3o da extrema direita populista e a centralidade adquirida por tecnologias digitais de comunica\u00e7\u00e3o. Esses fen\u00f4menos expressam e produzem transforma\u00e7\u00f5es na composi\u00e7\u00e3o da sociedade civil e nas rela\u00e7\u00f5es de seus atores com o Estado. Esse amplo e complexo processo de reconfigura\u00e7\u00e3o das intera\u00e7\u00f5es entre sociedade civil e Estado no Brasil \u00e9 o tema deste INCT. Ap\u00f3s um per\u00edodo de governos de centro-esquerda, marcado pela abertura de espa\u00e7o para a participa\u00e7\u00e3o de organiza\u00e7\u00f5es e movimentos sociais nas pol\u00edticas p\u00fablicas e pelo fortalecimento das pol\u00edticas sociais, os anos 2010 foram marcados por protestos cr\u00edticos ao sistema pol\u00edtico, em defesa do impeachment presidencial e pelo crescente protagonismo na esfera p\u00fablica de atores civis conservadores e de organiza\u00e7\u00f5es pol\u00edticas de extrema-direita. Assim, v\u00eam se modificando as formas de intera\u00e7\u00e3o da sociedade civil com o sistema pol\u00edtico e partid\u00e1rio, com os agentes e ag\u00eancias do Estado e com os atores e arenas mercantis. Al\u00e9m disso, alteram-se as rela\u00e7\u00f5es estabelecidas dentro da pr\u00f3pria sociedade civil, abrindo vez e voz para contramovimentos diversos. Para dar conta dessa complexifica\u00e7\u00e3o, o INCT Participa articula uma rede ampla de pesquisadores e organiza\u00e7\u00f5es da sociedade civil que produzem conhecimento orientado \u00e0 interven\u00e7\u00e3o; rede com diversidade disciplinar, presen\u00e7a em todas as regi\u00f5es do pa\u00eds, expertise reconhecida e com hist\u00f3rico de colabora\u00e7\u00e3o. Visando a produ\u00e7\u00e3o de conhecimento de ponta, a forma\u00e7\u00e3o de novos pesquisadores, o desenvolvimento de capacidades estatais e de a\u00e7\u00e3o de atores da sociedade civil, e internacionaliza\u00e7\u00e3o, a rede se debru\u00e7a sobre tr\u00eas linhas de pesquisa: participa\u00e7\u00e3o, associativismo e confronto pol\u00edtico.<\/p>\n\n\n\n<p><\/p>\n\n\n\n<ul class=\"wp-block-list has-black-color has-white-background-color has-text-color has-background has-link-color wp-elements-807283a9d5d86c80ccfc982a6ff0fb8a\">\n<li><strong>Representa\u00e7\u00e3o e Legitimidade Democr\u00e1tica (ReDem)<\/strong><\/li>\n<\/ul>\n\n\n\n<p class=\"has-black-color has-white-background-color has-text-color has-background has-link-color wp-elements-96cb86ae1deff834101a9487daeec8a0\">Representa\u00e7\u00e3o e Legitimidade Democr\u00e1tica (ReDem) \u00e9 um projeto para analisar as causas e as consequ\u00eancias da crise da democracia no Brasil. Os estudos abrigados no ReDem procuram entender as conex\u00f5es entre as mudan\u00e7as nas percep\u00e7\u00f5es e nos valores dos eleitores, nas institui\u00e7\u00f5es e nas regras eleitorais e na morfologia da classe pol\u00edtica nacional para explicar como elas afetam o d\u00e9ficit de legitimidade da representa\u00e7\u00e3o pol\u00edtica. Desde os primeiros trabalhos sobre legitimidade democr\u00e1tica, estudiosos buscam identificar as dimens\u00f5es explicativas do fen\u00f4meno. Atualmente, aceita-se a tese de que s\u00e3o m\u00faltiplos os fatores relevantes para a configura\u00e7\u00e3o das atitudes do eleitorado frente \u00e0 democracia. Inversamente, aceita-se tamb\u00e9m a tese de que os comportamentos dos eleitores influenciam as elites governantes e o pr\u00f3prio funcionamento das institui\u00e7\u00f5es representativas. Assim, n\u00e3o h\u00e1 consenso se esses fen\u00f4menos t\u00eam uma l\u00f3gica <em>bottom-up<\/em> ou <em>top-down<\/em>. A intensidade e a dire\u00e7\u00e3o da conex\u00e3o entre mudan\u00e7as c\u00edclicas na cultura pol\u00edtica dos cidad\u00e3os, mudan\u00e7as das institui\u00e7\u00f5es pol\u00edticas, em especial as regras do sistema eleitoral e das din\u00e2micas internas do poder Legislativo, e a morfologia da elite que opera o sistema pol\u00edtico brasileiro precisam ser melhor explicadas. A complexidade desse fen\u00f4meno exige a ado\u00e7\u00e3o de uma abordagem multifatorial e multidirecional para investigar as bases da legitimidade democr\u00e1tica no Brasil.<br>Site:\u00a0<a href=\"https:\/\/redem.tec.br\/\" target=\"_blank\" rel=\"noreferrer noopener\">https:\/\/redem.tec.br\/<\/a><\/p>\n","protected":false},"excerpt":{"rendered":"<p>Abaixo est\u00e3o listados os INCTs com participa\u00e7\u00e3o de Programas de P\u00f3s-Gradua\u00e7\u00e3o e pesquisadores \u00e1rea de Ci\u00eancia Pol\u00edtica. Disponibilizamos uma breve descri\u00e7\u00e3o sobre eles e os seus principais meios de contato. O Programa Institutos Nacionais de Ci\u00eancia, Tecnologia e Inova\u00e7\u00e3o &#8211; INCTs, se caracteriza por grandes projetos de pesquisa de longo prazo em redes nacionais e ou internacionais de coopera\u00e7\u00e3o cient\u00edfica envolvendo pesquisadores e bolsistas das mais diversas \u00e1reas, para o desenvolvimento de projetos de alto impacto cient\u00edfico e de forma\u00e7\u00e3o de recursos humanos. http:\/\/inct.cnpq.br\/home\/ O Instituto Nacional de Ci\u00eancia e Tecnologia Qualidade de Governo e Pol\u00edticas P\u00fablicas para o Desenvolvimento Sustent\u00e1vel (QualiGov) visa desenvolver a pesquisa sobre pol\u00edticas p\u00fablicas e qualidade de governo nas administra\u00e7\u00f5es federal, estaduais e municipais. O INCT QualiGov contribuir\u00e1 com a inova\u00e7\u00e3o na gest\u00e3o p\u00fablica, atrav\u00e9s de diagn\u00f3sticos, an\u00e1lises e produ\u00e7\u00e3o compartilhada de trabalhos de cunho aplicado e investir\u00e1 na forma\u00e7\u00e3o de pesquisadores e gestores p\u00fablicos relacionados a: i) Governo , governan\u00e7a e institui\u00e7\u00f5es pol\u00edticas, que engloba inova\u00e7\u00e3o, moderniza\u00e7\u00e3o e profissionaliza\u00e7\u00e3o da administra\u00e7\u00e3o p\u00fablica,; ii) Pol\u00edticas P\u00fablicas para o Desenvolvimento Sustent\u00e1vel e para a Inclus\u00e3o Social, que abarca os processos de formula\u00e7\u00e3o, implementa\u00e7\u00e3o e avalia\u00e7\u00e3o de pol\u00edticas p\u00fablicas para os ODS, e pol\u00edticas de mudan\u00e7a clim\u00e1tica.; iii) Judicializa\u00e7\u00e3o e acesso \u00e0 justi\u00e7a e \u00e0 cidadania, que engloba a judicializa\u00e7\u00e3o de pol\u00edticas p\u00fablicas e litig\u00e2ncia estrat\u00e9gica; acesso \u00e0 justi\u00e7a e garantia dos direitos constitucionalizados. Site: http:\/\/qualigov.pro.br INCT PPED tem como principal objetivo contribuir para a renova\u00e7\u00e3o conceitual e instrumental da a\u00e7\u00e3o p\u00fablica comprometida com o desenvolvimento. A partir da constata\u00e7\u00e3o das mudan\u00e7as no cen\u00e1rio internacional que v\u00eam ocorrendo desde o in\u00edcio do s\u00e9culo XXI, tornou-se evidente a necessidade de adapta\u00e7\u00e3o do Estado e de suas pol\u00edticas ao novo contexto, bem como a import\u00e2ncia de estrat\u00e9gias inovadoras do governo, de outros atores sociais e, especialmente, das empresas. Nesse contexto, projeto pretende responder ao duplo desafio de inovar na interpreta\u00e7\u00e3o dos processos em curso &#8211; por meio da atualiza\u00e7\u00e3o da matriz conceitual relativa ao entendimento dos processos de desenvolvimento, bem como subsidiar a a\u00e7\u00e3o p\u00fablica governamental mediante a renova\u00e7\u00e3o das formas de interven\u00e7\u00e3o p\u00fablica em mat\u00e9ria de desenvolvimento econ\u00f4mico. Esse duplo desafio se concretiza num conjunto de a\u00e7\u00f5es de amplo impacto nos planos: da pesquisa e da interpreta\u00e7\u00e3o; da capacita\u00e7\u00e3o, atrav\u00e9s do ensino e da produ\u00e7\u00e3o discente; da ampla e irrestrita difus\u00e3o de resultados; da constru\u00e7\u00e3o de elos entre as m\u00faltiplas redes onde os professores participantes do INCT PPED j\u00e1 constituem lideran\u00e7as acad\u00eamicas, tanto no plano nacional quanto internacional; do compromisso de subsidiar os processos de implementa\u00e7\u00e3o de pol\u00edticas de desenvolvimento. Site: https:\/\/inctpped.ie.ufrj.br A transforma\u00e7\u00e3o dos processos de organiza\u00e7\u00e3o e mobiliza\u00e7\u00e3o social e a emerg\u00eancia de novos atores e conflitos s\u00e3o fen\u00f4menos globais que acompanham a crise da democracia, o crescimento da vulnerabilidade social produzida por pol\u00edticas liberalizantes, a ascens\u00e3o da extrema direita populista e a centralidade adquirida por tecnologias digitais de comunica\u00e7\u00e3o. Esses fen\u00f4menos expressam e produzem transforma\u00e7\u00f5es na composi\u00e7\u00e3o da sociedade civil e nas rela\u00e7\u00f5es de seus atores com o Estado. Esse amplo e complexo processo de reconfigura\u00e7\u00e3o das intera\u00e7\u00f5es entre sociedade civil e Estado no Brasil \u00e9 o tema deste INCT. Ap\u00f3s um per\u00edodo de governos de centro-esquerda, marcado pela abertura de espa\u00e7o para a participa\u00e7\u00e3o de organiza\u00e7\u00f5es e movimentos sociais nas pol\u00edticas p\u00fablicas e pelo fortalecimento das pol\u00edticas sociais, os anos 2010 foram marcados por protestos cr\u00edticos ao sistema pol\u00edtico, em defesa do impeachment presidencial e pelo crescente protagonismo na esfera p\u00fablica de atores civis conservadores e de organiza\u00e7\u00f5es pol\u00edticas de extrema-direita. Assim, v\u00eam se modificando as formas de intera\u00e7\u00e3o da sociedade civil com o sistema pol\u00edtico e partid\u00e1rio, com os agentes e ag\u00eancias do Estado e com os atores e arenas mercantis. Al\u00e9m disso, alteram-se as rela\u00e7\u00f5es estabelecidas dentro da pr\u00f3pria sociedade civil, abrindo vez e voz para contramovimentos diversos. Para dar conta dessa complexifica\u00e7\u00e3o, o INCT Participa articula uma rede ampla de pesquisadores e organiza\u00e7\u00f5es da sociedade civil que produzem conhecimento orientado \u00e0 interven\u00e7\u00e3o; rede com diversidade disciplinar, presen\u00e7a em todas as regi\u00f5es do pa\u00eds, expertise reconhecida e com hist\u00f3rico de colabora\u00e7\u00e3o. Visando a produ\u00e7\u00e3o de conhecimento de ponta, a forma\u00e7\u00e3o de novos pesquisadores, o desenvolvimento de capacidades estatais e de a\u00e7\u00e3o de atores da sociedade civil, e internacionaliza\u00e7\u00e3o, a rede se debru\u00e7a sobre tr\u00eas linhas de pesquisa: participa\u00e7\u00e3o, associativismo e confronto pol\u00edtico. Representa\u00e7\u00e3o e Legitimidade Democr\u00e1tica (ReDem) \u00e9 um projeto para analisar as causas e as consequ\u00eancias da crise da democracia no Brasil. Os estudos abrigados no ReDem procuram entender as conex\u00f5es entre as mudan\u00e7as nas percep\u00e7\u00f5es e nos valores dos eleitores, nas institui\u00e7\u00f5es e nas regras eleitorais e na morfologia da classe pol\u00edtica nacional para explicar como elas afetam o d\u00e9ficit de legitimidade da representa\u00e7\u00e3o pol\u00edtica. Desde os primeiros trabalhos sobre legitimidade democr\u00e1tica, estudiosos buscam identificar as dimens\u00f5es explicativas do fen\u00f4meno. Atualmente, aceita-se a tese de que s\u00e3o m\u00faltiplos os fatores relevantes para a configura\u00e7\u00e3o das atitudes do eleitorado frente \u00e0 democracia. Inversamente, aceita-se tamb\u00e9m a tese de que os comportamentos dos eleitores influenciam as elites governantes e o pr\u00f3prio funcionamento das institui\u00e7\u00f5es representativas. Assim, n\u00e3o h\u00e1 consenso se esses fen\u00f4menos t\u00eam uma l\u00f3gica bottom-up ou top-down. A intensidade e a dire\u00e7\u00e3o da conex\u00e3o entre mudan\u00e7as c\u00edclicas na cultura pol\u00edtica dos cidad\u00e3os, mudan\u00e7as das institui\u00e7\u00f5es pol\u00edticas, em especial as regras do sistema eleitoral e das din\u00e2micas internas do poder Legislativo, e a morfologia da elite que opera o sistema pol\u00edtico brasileiro precisam ser melhor explicadas. A complexidade desse fen\u00f4meno exige a ado\u00e7\u00e3o de uma abordagem multifatorial e multidirecional para investigar as bases da legitimidade democr\u00e1tica no Brasil.Site:\u00a0https:\/\/redem.tec.br\/<\/p>\n","protected":false},"author":1,"featured_media":0,"parent":0,"menu_order":0,"comment_status":"closed","ping_status":"closed","template":"","meta":{"footnotes":""},"class_list":["post-2812","page","type-page","status-publish","hentry"],"_links":{"self":[{"href":"https:\/\/cienciapolitica.org.br\/web\/wp-json\/wp\/v2\/pages\/2812","targetHints":{"allow":["GET"]}}],"collection":[{"href":"https:\/\/cienciapolitica.org.br\/web\/wp-json\/wp\/v2\/pages"}],"about":[{"href":"https:\/\/cienciapolitica.org.br\/web\/wp-json\/wp\/v2\/types\/page"}],"author":[{"embeddable":true,"href":"https:\/\/cienciapolitica.org.br\/web\/wp-json\/wp\/v2\/users\/1"}],"replies":[{"embeddable":true,"href":"https:\/\/cienciapolitica.org.br\/web\/wp-json\/wp\/v2\/comments?post=2812"}],"version-history":[{"count":13,"href":"https:\/\/cienciapolitica.org.br\/web\/wp-json\/wp\/v2\/pages\/2812\/revisions"}],"predecessor-version":[{"id":2938,"href":"https:\/\/cienciapolitica.org.br\/web\/wp-json\/wp\/v2\/pages\/2812\/revisions\/2938"}],"wp:attachment":[{"href":"https:\/\/cienciapolitica.org.br\/web\/wp-json\/wp\/v2\/media?parent=2812"}],"curies":[{"name":"wp","href":"https:\/\/api.w.org\/{rel}","templated":true}]}}