{"id":3003,"date":"2024-08-06T20:42:12","date_gmt":"2024-08-06T20:42:12","guid":{"rendered":"https:\/\/cienciapolitica.org.br\/web\/?page_id=3003"},"modified":"2024-08-06T21:17:21","modified_gmt":"2024-08-06T21:17:21","slug":"auxilio-a-pesquisa-para-recem-doutorases","status":"publish","type":"page","link":"https:\/\/cienciapolitica.org.br\/web\/auxilio-a-pesquisa-para-recem-doutorases\/","title":{"rendered":"Aux\u00edlio \u00e0 pesquisa para rec\u00e9m-doutoras(es)"},"content":{"rendered":"\n<p class=\"has-black-color has-white-background-color has-text-color has-background has-link-color has-medium-font-size wp-elements-edb39e3d282ca9d380ce0399d2cf81ce\"><strong>Edital (2022-2023)<\/strong><br><\/p>\n\n\n\n<p class=\"has-black-color has-white-background-color has-text-color has-background has-link-color has-medium-font-size wp-elements-8338ba90eced86435ccfad273635be81\">O Programa de Aux\u00edlio \u00e0 Pesquisa da ABCP deriva de compromissos institucionais assumidos pela Associa\u00e7\u00e3o na defesa e promo\u00e7\u00e3o das Ci\u00eancias Sociais brasileiras.<\/p>\n\n\n\n<p class=\"has-black-color has-white-background-color has-text-color has-background has-link-color has-medium-font-size wp-elements-3d3ed39816acca921c7e543c21e9f615\">O presente edital visa apoiar a pesquisa em Ci\u00eancia Pol\u00edtica realizada por rec\u00e9m doutoras e doutores, contemplando todas as suas sub\u00e1reas.<br><\/p>\n\n\n\n<p class=\"has-black-color has-white-background-color has-text-color has-background has-link-color has-medium-font-size wp-elements-28a96de576989b055d392fdf4226fd59\"><strong>Poder\u00e3o concorrer ao Programa de Aux\u00edlio:<\/strong><br>S\u00f3cios efetivos da ABCP, que sejam rec\u00e9m-doutores com at\u00e9 5 (cinco) anos de doutoramento e que estejam com suas anuidades de 2022 em dia, sem pend\u00eancias financeiras na data da submiss\u00e3o da proposta.<\/p>\n\n\n\n<p class=\"has-black-color has-white-background-color has-text-color has-background has-link-color has-medium-font-size wp-elements-fd05195ed88fe077745493a33711452b\">O aux\u00edlio ser\u00e1 dado para o(a) pesquisador(a), individualmente, ainda que o projeto submetido conte com a participa\u00e7\u00e3o em parcerias, coautorias ou grupos de pesquisa.<\/p>\n\n\n\n<p class=\"has-black-color has-white-background-color has-text-color has-background has-link-color has-medium-font-size wp-elements-e3322742a01b0837bb9be81eb7b22fc7\">A avalia\u00e7\u00e3o das propostas ser\u00e1 feita por um comit\u00ea designado pela ABCP, especialmente para este fim.<\/p>\n\n\n\n<p class=\"has-black-color has-white-background-color has-text-color has-background has-link-color has-medium-font-size wp-elements-a67032673518414d2a1e59b419078e45\">Ser\u00e3o apoiados at\u00e9 8 (oito) projetos. Na avalia\u00e7\u00e3o das propostas, o comit\u00ea buscar\u00e1 o melhor equil\u00edbrio entre o n\u00famero de proposi\u00e7\u00f5es e as quatro regionais da ABCP, contemplando, desde que atendidos os requisitos abaixo, ao m\u00ednimo (1) um projeto por regi\u00e3o.<\/p>\n\n\n\n<p class=\"has-black-color has-white-background-color has-text-color has-background has-link-color has-medium-font-size wp-elements-9453c55b9636294e515afd56ad4e0c39\">A distribui\u00e7\u00e3o dos aux\u00edlios tamb\u00e9m dever\u00e1 prezar pela diversidade institucional, de g\u00eanero, ra\u00e7a e etnia.<\/p>\n\n\n\n<p class=\"has-black-color has-white-background-color has-text-color has-background has-link-color has-medium-font-size wp-elements-0d23713f0de302712e390e5ebb8650fa\">Os projetos ser\u00e3o avaliados pela Comiss\u00e3o de Avalia\u00e7\u00e3o a partir de: i) ades\u00e3o tem\u00e1tica \u00e0 Ci\u00eancia Pol\u00edtica; ii) mobiliza\u00e7\u00e3o inovadora de abordagens te\u00f3ricas, dados emp\u00edricos, m\u00e9todos e t\u00e9cnicas de pesquisa e an\u00e1lise; iii) abrang\u00eancia e escopo; iv) atualidade de bibliografia citada e; v) exequibilidade do cronograma proposto.<\/p>\n\n\n\n<p class=\"has-black-color has-white-background-color has-text-color has-background has-link-color has-medium-font-size wp-elements-af8df2a38e51489e2b4278c7f4064ea1\"><br>Projetos que tenham como produto esperado publica\u00e7\u00e3o em peri\u00f3dico cient\u00edfico ser\u00e3o mais bem pontuados. O valor total dos aux\u00edlios dispon\u00edveis para esse edital ser\u00e1 de R$ 28.000,00 (vinte e oito mil reais).<\/p>\n\n\n\n<p class=\"has-black-color has-white-background-color has-text-color has-background has-link-color has-medium-font-size wp-elements-e6c0130ac0214427ef6eecd4022a7f05\">Cada projeto submetido receber\u00e1 R$ 3.500,00 (tr\u00eas mil e quinhentos reais).<\/p>\n\n\n\n<p class=\"has-black-color has-white-background-color has-text-color has-background has-link-color has-medium-font-size wp-elements-6e5527c204c758cfc722b18e376e2ce4\">O projeto dever\u00e1 ser executado em at\u00e9 doze meses, contados a partir do resultado do edital. A presta\u00e7\u00e3o de contas dos recursos e dos produtos acad\u00eamicos e cient\u00edficos esperados dever\u00e1 ser apresentada ao final do per\u00edodo. Cabe pedido de reconsidera\u00e7\u00e3o \u00e0 comiss\u00e3o recursal diferente da que assina esse edital e que supervisionar\u00e1 a execu\u00e7\u00e3o dos mesmos.<\/p>\n\n\n\n<p class=\"has-black-color has-white-background-color has-text-color has-background has-link-color has-medium-font-size wp-elements-2a487ba8e4d13404933abe867f7432e4\"><\/p>\n\n\n\n<p class=\"has-black-color has-white-background-color has-text-color has-background has-link-color has-medium-font-size wp-elements-81d561beded699aaf07f972c14bfde4d\"><strong><em>Em que posso usar os recursos?<\/em><\/strong><br>Os recursos poder\u00e3o ser utilizados, por exemplo, para (i) viagens cuja finalidade seja a coleta de dados ou a condu\u00e7\u00e3o de entrevistas; (ii) coleta, formata\u00e7\u00e3o e codifica\u00e7\u00e3o de dados; (iii) contrata\u00e7\u00e3o de assistentes de pesquisa; (iv) compra de equipamentos; (v) custos de tradu\u00e7\u00e3o ou revis\u00e3o de textos para l\u00edngua estrangeira da publica\u00e7\u00e3o esperada; (vi) custos de submiss\u00e3o de artigos; (vii) outras despesas diretamente vinculadas \u00e0 execu\u00e7\u00e3o da proposta, mediante aprova\u00e7\u00e3o do comit\u00ea. Essa n\u00e3o \u00e9 uma lista exaustiva, mas \u00e9 importante que o projeto justifique despesas que possam aparecer no item (vii).<\/p>\n\n\n\n<p class=\"has-black-color has-white-background-color has-text-color has-background has-link-color has-medium-font-size wp-elements-52cc54c6d7dac83a9f6dfcb98c9560d6\">Ainda que caibam outras destina\u00e7\u00f5es para a bolsa, algumas rubricas para uso do aux\u00edlio s\u00e3o<br>expressamente vedadas: reformas, pagamento de sal\u00e1rio para o respons\u00e1vel pelo projeto,<br>pagamento de inscri\u00e7\u00e3o ou custas para participa\u00e7\u00e3o em eventos, tradu\u00e7\u00e3o de manuscrito n\u00e3o resultado da pesquisa contemplada por esse edital. O aux\u00edlio n\u00e3o \u00e9 destinado a apoiar publica\u00e7\u00e3o de teses.<\/p>\n\n\n\n<p class=\"has-black-color has-white-background-color has-text-color has-background has-link-color has-medium-font-size wp-elements-561ca759b23fcec951821ccf1684231a\">O aux\u00edlio tamb\u00e9m contempla a poss\u00edvel aquisi\u00e7\u00e3o de equipamentos e servi\u00e7os que auxiliem<br>pesquisadores com necessidades especiais tais como scanners de leitura, audiobooks, softwares para braile, servi\u00e7os de transporte especial ou custas de acompanhante para executar a pesquisa dentre outros que justificadamente se fizerem indispens\u00e1veis.<\/p>\n\n\n\n<p class=\"has-black-color has-white-background-color has-text-color has-background has-link-color has-medium-font-size wp-elements-653b324ab4de50e584dda4e2a2cbab15\"><strong><em>O que \u00e9 necess\u00e1rio para concorrer?<\/em><\/strong><\/p>\n\n\n\n<p class=\"has-black-color has-white-background-color has-text-color has-background has-link-color has-medium-font-size wp-elements-2e733cd4ed44dcc6350d21e0dd7150e3\">Se voc\u00ea se qualifica para submeter um projeto para o edital de Aux\u00edlio \u00e0 pesquisa para rec\u00e9m-doutoras(es), dever\u00e1 apresentar a documenta\u00e7\u00e3o abaixo listada:<\/p>\n\n\n\n<p class=\"has-black-color has-white-background-color has-text-color has-background has-link-color has-medium-font-size wp-elements-4b93f7e3b987f5f9855fbf82c2a7e232\">Projeto com n\u00e3o mais de dez p\u00e1ginas contendo o cronograma e or\u00e7amento previsto, o t\u00f3pico espec\u00edfico de pesquisa, as perguntas de pesquisa a serem respondidas, a import\u00e2ncia da mesma para a \u00e1rea e sub\u00e1rea, o desenho b\u00e1sico da pesquisa com hip\u00f3tese, objeto e objetivo, um debate ou revis\u00e3o te\u00f3rica resumida e o atual status da pesquisa, bibliografia. Ainda que n\u00e3o obrigat\u00f3rio, recomenda-se incluir o potencial de publica\u00e7\u00e3o dos resultados esperados do projeto, detalhando o destino e expectativa de submiss\u00e3o.<\/p>\n\n\n\n<p class=\"has-black-color has-white-background-color has-text-color has-background has-link-color has-medium-font-size wp-elements-ef9a715a9c0c561cdaae6d9bd37c2f58\">A documenta\u00e7\u00e3o deve ser enviada para abcp@cienciapolitica.org.br at\u00e9 dia 27\/11\/2022. Informar no assunto do e- mail: Aux\u00edlio \u00e0 pesquisa para rec\u00e9m-doutoras(es).<\/p>\n\n\n\n<ul class=\"wp-block-list\">\n<li class=\"has-medium-font-size\">Diploma de doutorado ou ata de defesa de doutorado;<\/li>\n\n\n\n<li class=\"has-medium-font-size\">Curr\u00edculo lattes atualizado;<\/li>\n\n\n\n<li class=\"has-medium-font-size\">Projeto com n\u00e3o mais de dez p\u00e1ginas contendo o cronograma e or\u00e7amento previsto, o t\u00f3pico espec\u00edfico de pesquisa, as perguntas de pesquisa a serem respondidas, a import\u00e2ncia da mesma para a \u00e1rea e sub\u00e1rea, o desenho b\u00e1sico da pesquisa com hip\u00f3tese, objeto e objetivo, um debate ou revis\u00e3o te\u00f3rica resumida e o atual status da pesquisa, bibliografia. Ainda que n\u00e3o obrigat\u00f3rio, recomenda-se incluir o potencial de publica\u00e7\u00e3o dos resultados esperados do projeto, detalhando o destino e expectativa de submiss\u00e3o.<\/li>\n<\/ul>\n\n\n\n<p class=\"has-black-color has-white-background-color has-text-color has-background has-link-color has-medium-font-size wp-elements-ef9a715a9c0c561cdaae6d9bd37c2f58\">A documenta\u00e7\u00e3o deve ser enviada para abcp@cienciapolitica.org.br at\u00e9 dia 27\/11\/2022. Informar no assunto do e- mail: Aux\u00edlio \u00e0 pesquisa para rec\u00e9m-doutoras(es).<\/p>\n\n\n\n<p class=\"has-text-align-center has-black-color has-white-background-color has-text-color has-background has-link-color has-medium-font-size wp-elements-a133a66512ee3eebbeec26c027932110\">Comiss\u00e3o de avalia\u00e7\u00e3o das propostas<br><em>L\u00edgia Madeira (UFRGS)<br>Lorena Barberia (USP)<br>Robert Bonif\u00e1cio (UFG)<\/em><\/p>\n\n\n\n<p><\/p>\n\n\n\n<p class=\"has-black-color has-white-background-color has-text-color has-background has-link-color has-medium-font-size wp-elements-a4a5e1db149a923307dbba5371b63214\"><strong>Resultado<\/strong><\/p>\n\n\n\n<ul class=\"wp-block-list\">\n<li>Carolina Moehlecke<br><a href=\"https:\/\/cienciapolitica.org.br\/web\/wp-content\/uploads\/2024\/08\/Carolina_Moehlecke_-_Relatorio_Cientifico_assinado.pdf\" data-type=\"link\" data-id=\"https:\/\/cienciapolitica.org.br\/web\/wp-content\/uploads\/2024\/08\/Carolina_Moehlecke_-_Relatorio_Cientifico_assinado.pdf\">Relat\u00f3rio<\/a><\/li>\n\n\n\n<li>Fernanda Cristina Nanci Izidro Gon\u00e7alves<br><a href=\"https:\/\/cienciapolitica.org.br\/web\/wp-content\/uploads\/2024\/08\/Relatorio-ABCP-Cientifico.pdf\" data-type=\"link\" data-id=\"https:\/\/cienciapolitica.org.br\/web\/wp-content\/uploads\/2024\/08\/Relatorio-ABCP-Cientifico.pdf\">Relat\u00f3rio<\/a><\/li>\n\n\n\n<li>Leonardo Barros Soares<br><a href=\"https:\/\/cienciapolitica.org.br\/web\/wp-content\/uploads\/2024\/08\/RELATORIO-CIENTIFICO_LEOBARROS_2023-FINAL.pdf\" data-type=\"link\" data-id=\"https:\/\/cienciapolitica.org.br\/web\/wp-content\/uploads\/2024\/08\/RELATORIO-CIENTIFICO_LEOBARROS_2023-FINAL.pdf\">Relat\u00f3rio<\/a><\/li>\n\n\n\n<li>Mario Schettino Valente<br><a href=\"https:\/\/cienciapolitica.org.br\/web\/wp-content\/uploads\/2024\/08\/Relatorio-Cientifico-de-Pesquisa.pdf\" data-type=\"link\" data-id=\"https:\/\/cienciapolitica.org.br\/web\/wp-content\/uploads\/2024\/08\/Relatorio-Cientifico-de-Pesquisa.pdf\">Relat\u00f3rio<\/a><\/li>\n\n\n\n<li>Rafael Rodrigues Viegas<br><a href=\"https:\/\/cienciapolitica.org.br\/web\/wp-content\/uploads\/2024\/08\/Rafael-Viegas.pdf\" data-type=\"link\" data-id=\"https:\/\/cienciapolitica.org.br\/web\/wp-content\/uploads\/2024\/08\/Rafael-Viegas.pdf\">Relat\u00f3rio<\/a><\/li>\n\n\n\n<li>Virginia Rocha da Silva<br><a href=\"https:\/\/cienciapolitica.org.br\/web\/wp-content\/uploads\/2024\/08\/Relatorio-Cientifico-da-Pesquisa-EDITAL-DE-AUXILIO-ABCP-2022-Virginia-Rocha.pdf\" data-type=\"link\" data-id=\"https:\/\/cienciapolitica.org.br\/web\/wp-content\/uploads\/2024\/08\/Relatorio-Cientifico-da-Pesquisa-EDITAL-DE-AUXILIO-ABCP-2022-Virginia-Rocha.pdf\">Relat\u00f3rio<\/a><\/li>\n<\/ul>\n\n\n\n<p class=\"has-black-color has-white-background-color has-text-color has-background has-link-color has-medium-font-size wp-elements-2a487ba8e4d13404933abe867f7432e4\"><\/p>\n","protected":false},"excerpt":{"rendered":"<p>Edital (2022-2023) O Programa de Aux\u00edlio \u00e0 Pesquisa da ABCP deriva de compromissos institucionais assumidos pela Associa\u00e7\u00e3o na defesa e promo\u00e7\u00e3o das Ci\u00eancias Sociais brasileiras. O presente edital visa apoiar a pesquisa em Ci\u00eancia Pol\u00edtica realizada por rec\u00e9m doutoras e doutores, contemplando todas as suas sub\u00e1reas. Poder\u00e3o concorrer ao Programa de Aux\u00edlio:S\u00f3cios efetivos da ABCP, que sejam rec\u00e9m-doutores com at\u00e9 5 (cinco) anos de doutoramento e que estejam com suas anuidades de 2022 em dia, sem pend\u00eancias financeiras na data da submiss\u00e3o da proposta. O aux\u00edlio ser\u00e1 dado para o(a) pesquisador(a), individualmente, ainda que o projeto submetido conte com a participa\u00e7\u00e3o em parcerias, coautorias ou grupos de pesquisa. A avalia\u00e7\u00e3o das propostas ser\u00e1 feita por um comit\u00ea designado pela ABCP, especialmente para este fim. Ser\u00e3o apoiados at\u00e9 8 (oito) projetos. Na avalia\u00e7\u00e3o das propostas, o comit\u00ea buscar\u00e1 o melhor equil\u00edbrio entre o n\u00famero de proposi\u00e7\u00f5es e as quatro regionais da ABCP, contemplando, desde que atendidos os requisitos abaixo, ao m\u00ednimo (1) um projeto por regi\u00e3o. A distribui\u00e7\u00e3o dos aux\u00edlios tamb\u00e9m dever\u00e1 prezar pela diversidade institucional, de g\u00eanero, ra\u00e7a e etnia. Os projetos ser\u00e3o avaliados pela Comiss\u00e3o de Avalia\u00e7\u00e3o a partir de: i) ades\u00e3o tem\u00e1tica \u00e0 Ci\u00eancia Pol\u00edtica; ii) mobiliza\u00e7\u00e3o inovadora de abordagens te\u00f3ricas, dados emp\u00edricos, m\u00e9todos e t\u00e9cnicas de pesquisa e an\u00e1lise; iii) abrang\u00eancia e escopo; iv) atualidade de bibliografia citada e; v) exequibilidade do cronograma proposto. Projetos que tenham como produto esperado publica\u00e7\u00e3o em peri\u00f3dico cient\u00edfico ser\u00e3o mais bem pontuados. O valor total dos aux\u00edlios dispon\u00edveis para esse edital ser\u00e1 de R$ 28.000,00 (vinte e oito mil reais). Cada projeto submetido receber\u00e1 R$ 3.500,00 (tr\u00eas mil e quinhentos reais). O projeto dever\u00e1 ser executado em at\u00e9 doze meses, contados a partir do resultado do edital. A presta\u00e7\u00e3o de contas dos recursos e dos produtos acad\u00eamicos e cient\u00edficos esperados dever\u00e1 ser apresentada ao final do per\u00edodo. Cabe pedido de reconsidera\u00e7\u00e3o \u00e0 comiss\u00e3o recursal diferente da que assina esse edital e que supervisionar\u00e1 a execu\u00e7\u00e3o dos mesmos. Em que posso usar os recursos?Os recursos poder\u00e3o ser utilizados, por exemplo, para (i) viagens cuja finalidade seja a coleta de dados ou a condu\u00e7\u00e3o de entrevistas; (ii) coleta, formata\u00e7\u00e3o e codifica\u00e7\u00e3o de dados; (iii) contrata\u00e7\u00e3o de assistentes de pesquisa; (iv) compra de equipamentos; (v) custos de tradu\u00e7\u00e3o ou revis\u00e3o de textos para l\u00edngua estrangeira da publica\u00e7\u00e3o esperada; (vi) custos de submiss\u00e3o de artigos; (vii) outras despesas diretamente vinculadas \u00e0 execu\u00e7\u00e3o da proposta, mediante aprova\u00e7\u00e3o do comit\u00ea. Essa n\u00e3o \u00e9 uma lista exaustiva, mas \u00e9 importante que o projeto justifique despesas que possam aparecer no item (vii). Ainda que caibam outras destina\u00e7\u00f5es para a bolsa, algumas rubricas para uso do aux\u00edlio s\u00e3oexpressamente vedadas: reformas, pagamento de sal\u00e1rio para o respons\u00e1vel pelo projeto,pagamento de inscri\u00e7\u00e3o ou custas para participa\u00e7\u00e3o em eventos, tradu\u00e7\u00e3o de manuscrito n\u00e3o resultado da pesquisa contemplada por esse edital. O aux\u00edlio n\u00e3o \u00e9 destinado a apoiar publica\u00e7\u00e3o de teses. O aux\u00edlio tamb\u00e9m contempla a poss\u00edvel aquisi\u00e7\u00e3o de equipamentos e servi\u00e7os que auxiliempesquisadores com necessidades especiais tais como scanners de leitura, audiobooks, softwares para braile, servi\u00e7os de transporte especial ou custas de acompanhante para executar a pesquisa dentre outros que justificadamente se fizerem indispens\u00e1veis. O que \u00e9 necess\u00e1rio para concorrer? Se voc\u00ea se qualifica para submeter um projeto para o edital de Aux\u00edlio \u00e0 pesquisa para rec\u00e9m-doutoras(es), dever\u00e1 apresentar a documenta\u00e7\u00e3o abaixo listada: Projeto com n\u00e3o mais de dez p\u00e1ginas contendo o cronograma e or\u00e7amento previsto, o t\u00f3pico espec\u00edfico de pesquisa, as perguntas de pesquisa a serem respondidas, a import\u00e2ncia da mesma para a \u00e1rea e sub\u00e1rea, o desenho b\u00e1sico da pesquisa com hip\u00f3tese, objeto e objetivo, um debate ou revis\u00e3o te\u00f3rica resumida e o atual status da pesquisa, bibliografia. Ainda que n\u00e3o obrigat\u00f3rio, recomenda-se incluir o potencial de publica\u00e7\u00e3o dos resultados esperados do projeto, detalhando o destino e expectativa de submiss\u00e3o. A documenta\u00e7\u00e3o deve ser enviada para abcp@cienciapolitica.org.br at\u00e9 dia 27\/11\/2022. Informar no assunto do e- mail: Aux\u00edlio \u00e0 pesquisa para rec\u00e9m-doutoras(es). A documenta\u00e7\u00e3o deve ser enviada para abcp@cienciapolitica.org.br at\u00e9 dia 27\/11\/2022. Informar no assunto do e- mail: Aux\u00edlio \u00e0 pesquisa para rec\u00e9m-doutoras(es). Comiss\u00e3o de avalia\u00e7\u00e3o das propostasL\u00edgia Madeira (UFRGS)Lorena Barberia (USP)Robert Bonif\u00e1cio (UFG) Resultado<\/p>\n","protected":false},"author":1,"featured_media":0,"parent":0,"menu_order":0,"comment_status":"closed","ping_status":"closed","template":"","meta":{"footnotes":""},"class_list":["post-3003","page","type-page","status-publish","hentry"],"_links":{"self":[{"href":"https:\/\/cienciapolitica.org.br\/web\/wp-json\/wp\/v2\/pages\/3003","targetHints":{"allow":["GET"]}}],"collection":[{"href":"https:\/\/cienciapolitica.org.br\/web\/wp-json\/wp\/v2\/pages"}],"about":[{"href":"https:\/\/cienciapolitica.org.br\/web\/wp-json\/wp\/v2\/types\/page"}],"author":[{"embeddable":true,"href":"https:\/\/cienciapolitica.org.br\/web\/wp-json\/wp\/v2\/users\/1"}],"replies":[{"embeddable":true,"href":"https:\/\/cienciapolitica.org.br\/web\/wp-json\/wp\/v2\/comments?post=3003"}],"version-history":[{"count":6,"href":"https:\/\/cienciapolitica.org.br\/web\/wp-json\/wp\/v2\/pages\/3003\/revisions"}],"predecessor-version":[{"id":3023,"href":"https:\/\/cienciapolitica.org.br\/web\/wp-json\/wp\/v2\/pages\/3003\/revisions\/3023"}],"wp:attachment":[{"href":"https:\/\/cienciapolitica.org.br\/web\/wp-json\/wp\/v2\/media?parent=3003"}],"curies":[{"name":"wp","href":"https:\/\/api.w.org\/{rel}","templated":true}]}}