{"id":3024,"date":"2024-08-06T21:27:16","date_gmt":"2024-08-06T21:27:16","guid":{"rendered":"https:\/\/cienciapolitica.org.br\/web\/?page_id=3024"},"modified":"2024-08-06T21:27:16","modified_gmt":"2024-08-06T21:27:16","slug":"auxilio-a-pesquisa-diagnostico-da-politica-de-cotas-na-pos-graduacao-em-cp-ri-no-brasil","status":"publish","type":"page","link":"https:\/\/cienciapolitica.org.br\/web\/auxilio-a-pesquisa-diagnostico-da-politica-de-cotas-na-pos-graduacao-em-cp-ri-no-brasil\/","title":{"rendered":"Aux\u00edlio \u00e0 Pesquisa: Diagn\u00f3stico da Pol\u00edtica de Cotas na P\u00f3s-Gradua\u00e7\u00e3o em CP\/RI no Brasil"},"content":{"rendered":"\n<p class=\"has-black-color has-white-background-color has-text-color has-background has-link-color has-medium-font-size wp-elements-88c0d0194435220e48da4ab47f2e5ec7\"><strong>Edital 2022<\/strong><\/p>\n\n\n\n<p class=\"has-black-color has-white-background-color has-text-color has-background has-link-color has-medium-font-size wp-elements-8338ba90eced86435ccfad273635be81\">O Programa de Aux\u00edlio \u00e0 Pesquisa da ABCP deriva de compromissos institucionais assumidos pela Associa\u00e7\u00e3o na defesa e promo\u00e7\u00e3o das Ci\u00eancias Sociais brasileiras.<\/p>\n\n\n\n<p class=\"has-black-color has-white-background-color has-text-color has-background has-link-color has-medium-font-size wp-elements-7fe65a80f37a008f66a6ef6ccee5f9d9\">O presente edital visa apoiar um diagn\u00f3stico sobre a pol\u00edtica de cotas nos programas de p\u00f3s-gradua\u00e7\u00e3o em Ci\u00eancia Pol\u00edtica, Rela\u00e7\u00f5es Internacionais, Defesa e Pol\u00edticas P\u00fablicas (\u00e1rea de CP\/RI na Capes) em todo o territ\u00f3rio nacional.<\/p>\n\n\n\n<p class=\"has-black-color has-white-background-color has-text-color has-background has-link-color has-medium-font-size wp-elements-91c0e38a040bbcb0943c3ad1cd9a7492\"><strong>Poder\u00e3o concorrer ao Programa de Aux\u00edlio:<\/strong><\/p>\n\n\n\n<p class=\"has-black-color has-white-background-color has-text-color has-background has-link-color has-medium-font-size wp-elements-8a36c5b59ebb85e3ad6775833b017929\">Pesquisadoras(es) doutoras(es), s\u00f3cias(os) efetivas(os) da ABCP e que estejam com suas anuidades de 2022 em dia, sem pend\u00eancias financeiras na data da submiss\u00e3o da proposta.<\/p>\n\n\n\n<p class=\"has-black-color has-white-background-color has-text-color has-background has-link-color has-medium-font-size wp-elements-90fe4a6d954259ad58c24d9330711e1d\">O aux\u00edlio ser\u00e1 dado para a(o) pesquisador(a) individualmente, ainda que o projeto submetido conte com a participa\u00e7\u00e3o em parcerias, coautorias ou grupos de pesquisa.<\/p>\n\n\n\n<p class=\"has-black-color has-white-background-color has-text-color has-background has-link-color has-medium-font-size wp-elements-e3322742a01b0837bb9be81eb7b22fc7\">A avalia\u00e7\u00e3o das propostas ser\u00e1 feita por um comit\u00ea designado pela ABCP, especialmente para este fim.<\/p>\n\n\n\n<p class=\"has-black-color has-white-background-color has-text-color has-background has-link-color has-medium-font-size wp-elements-eb445ba7eb65cdc785dd31535ea81407\">Ser\u00e1 apoiado 1 (um) projeto, que deve ter como produto um diagn\u00f3stico da pol\u00edtica de cotas na p\u00f3s-gradua\u00e7\u00e3o em CP\/RI em todo o territ\u00f3rio nacional.<\/p>\n\n\n\n<p class=\"has-black-color has-white-background-color has-text-color has-background has-link-color has-medium-font-size wp-elements-8ae84201a08e9fcd02e788c09498c7b0\">O projeto vitorioso receber\u00e1 R$ 5.000,00 (cinco mil reais).<\/p>\n\n\n\n<p class=\"has-black-color has-white-background-color has-text-color has-background has-link-color has-medium-font-size wp-elements-c4d25c9f86550a9c6d555e22dd66ff22\">O projeto dever\u00e1 ser executado em at\u00e9 seis meses, contados a partir do resultado do edital. A presta\u00e7\u00e3o de contas dos recursos e dos produtos acad\u00eamicos e cient\u00edficos esperados dever\u00e1 ser apresentada ao final do per\u00edodo. O relat\u00f3rio final dever\u00e1 ser apresentado em evento promovido pela ABCP para a discuss\u00e3o da tem\u00e1tica.<\/p>\n\n\n\n<p class=\"has-black-color has-white-background-color has-text-color has-background has-link-color has-medium-font-size wp-elements-918cfda366b122aa3d31b48de3a2700d\">Cabe pedido de reconsidera\u00e7\u00e3o \u00e0 comiss\u00e3o recursal diferente da que assina esse edital e que supervisionar\u00e1 a execu\u00e7\u00e3o dos mesmos.<\/p>\n\n\n\n<p class=\"has-black-color has-white-background-color has-text-color has-background has-link-color has-medium-font-size wp-elements-c5c163e4a3b2594cc782998f259a414b\"><strong><em>Em que posso usar os recursos?<\/em><\/strong><\/p>\n\n\n\n<p class=\"has-black-color has-white-background-color has-text-color has-background has-link-color has-medium-font-size wp-elements-5367606b912a622b85f571686d53e4dd\">Os recursos poder\u00e3o ser utilizados, por exemplo, para (i) viagens cuja finalidade seja a coleta de dados ou a condu\u00e7\u00e3o de entrevistas; (ii) coleta, formata\u00e7\u00e3o e codifica\u00e7\u00e3o de dados; (iii) contrata\u00e7\u00e3o de assistentes de pesquisa; (iv) compra de equipamentos; (v) custos de tradu\u00e7\u00e3o ou revis\u00e3o de textos para l\u00edngua estrangeira da publica\u00e7\u00e3o esperada; (vi) custos de submiss\u00e3o de artigos; (vii) outras despesas diretamente vinculadas \u00e0 execu\u00e7\u00e3o da proposta, mediante aprova\u00e7\u00e3o do comit\u00ea. Essa n\u00e3o \u00e9 uma lista exaustiva, mas \u00e9 importante que o projeto justifique despesas que possam aparecer no item (vii) contemplada por esse edital.<\/p>\n\n\n\n<p class=\"has-black-color has-white-background-color has-text-color has-background has-link-color has-medium-font-size wp-elements-803cc2bf4b274cb21a3e52e612484e99\">O aux\u00edlio tamb\u00e9m contempla a poss\u00edvel aquisi\u00e7\u00e3o de equipamentos e servi\u00e7os que auxiliem pesquisadores com necessidades especiais tais como scanners de leitura, audiobooks, softwares para braile, servi\u00e7os de transporte especial ou custas de acompanhante para executar a pesquisa dentre outros que justificadamente se fizerem indispens\u00e1veis.<\/p>\n\n\n\n<p class=\"has-black-color has-white-background-color has-text-color has-background has-link-color has-medium-font-size wp-elements-653b324ab4de50e584dda4e2a2cbab15\"><strong><em>O que \u00e9 necess\u00e1rio para concorrer?<\/em><\/strong><\/p>\n\n\n\n<p class=\"has-black-color has-white-background-color has-text-color has-background has-link-color has-medium-font-size wp-elements-32705d184219fb834ba13bccd7a8116e\">Se voc\u00ea se qualifica para submeter um projeto para o edital de Aux\u00edlio \u00e0 pesquisa para o Diagn\u00f3stico da pol\u00edtica de cotas na p\u00f3s-gradua\u00e7\u00e3o em CP\/RI no Brasil, dever\u00e1 apresentar a documenta\u00e7\u00e3o abaixo listada:<\/p>\n\n\n\n<ul class=\"wp-block-list\">\n<li class=\"has-medium-font-size\">Curr\u00edculo lattes atualizado;<\/li>\n\n\n\n<li class=\"has-medium-font-size\">Projeto com n\u00e3o mais de dez p\u00e1ginas contendo o cronograma e or\u00e7amento previsto, a estrutura da proposta de diagn\u00f3stico, as perguntas a serem respondidas e o desenho b\u00e1sico da pesquisa.<\/li>\n<\/ul>\n\n\n\n<p class=\"has-black-color has-white-background-color has-text-color has-background has-link-color has-medium-font-size wp-elements-f9527d09fcbf3e59f20f98efcd19f5ea\">O diagn\u00f3stico dever\u00e1 apresentar, necessariamente, levantamento quantitativo dos programas que adotam pol\u00edticas de cotas em seus processos seletivos; identifica\u00e7\u00e3o dos principais modelos adotados; avalia\u00e7\u00e3o dos efeitos diferenciais considerando indicadores quantitativos e qualitativos; principais avan\u00e7os e problemas enfrentados pelos programas de p\u00f3s-gradua\u00e7\u00e3o, al\u00e9m de recomenda\u00e7\u00f5es para aprimoramento, com base nas experi\u00eancias exitosas que foram mapeadas.<\/p>\n\n\n\n<p class=\"has-black-color has-white-background-color has-text-color has-background has-link-color has-medium-font-size wp-elements-d45ea43bf6ff48d620a385e7dd96edf0\">A documenta\u00e7\u00e3o deve ser enviada para abcp@cienciapolitica.org.br at\u00e9 dia 1\u00b0 de dezembro de 2022. Informar no assunto do e- mail: Diagn\u00f3stico da pol\u00edtica de cotas na p\u00f3s-gradua\u00e7\u00e3o.<\/p>\n\n\n\n<p class=\"has-text-align-center has-black-color has-white-background-color has-text-color has-background has-link-color has-medium-font-size wp-elements-dcac112b7f43356269d6583454018b61\">Comiss\u00e3o de avalia\u00e7\u00e3o das propostas:<\/p>\n\n\n\n<p class=\"has-text-align-center has-black-color has-white-background-color has-text-color has-background has-link-color has-medium-font-size wp-elements-4c17491ea066d4a507bbdf2b322a63d8\"><em>Ednaldo Ribeiro (ABCP\/UEM)<br>Monique de Menezes Urra (Comiss\u00e3o de G\u00eanero, Ra\u00e7a e Diversidade Sexual da ABCP\/UFPI)<br>Rayani Mariano dos Santos (Comiss\u00e3o de G\u00eanero, Ra\u00e7a e Diversidade Sexual da ABCP\/UFG)<br>Rayza Sarmento de Sousa (Comiss\u00e3o de G\u00eanero, Ra\u00e7a e Diversidade Sexual da ABCP\/UFPA)<\/em><\/p>\n\n\n\n<p class=\"has-black-color has-white-background-color has-text-color has-background has-link-color has-medium-font-size wp-elements-af424e077d47a2b0c1e0f8c78bd7a4c1\"><strong>Resultado:<\/strong><\/p>\n\n\n\n<p class=\"has-black-color has-white-background-color has-text-color has-background has-link-color has-medium-font-size wp-elements-37b481135d1254be7b1488f812e78758\">Anna Carolina Venturini<br><a href=\"https:\/\/cienciapolitica.org.br\/web\/wp-content\/uploads\/2024\/08\/Relatorio-ABCP-Panorama-das-Acoes-Afirmativas-nos-Programas-de-Pos-Graduacao-de-Ciencia-Politica-e-Relacoes-Internacionais.pdf\" data-type=\"link\" data-id=\"https:\/\/cienciapolitica.org.br\/web\/wp-content\/uploads\/2024\/08\/Relatorio-ABCP-Panorama-das-Acoes-Afirmativas-nos-Programas-de-Pos-Graduacao-de-Ciencia-Politica-e-Relacoes-Internacionais.pdf\">Relat\u00f3rio<\/a><\/p>\n","protected":false},"excerpt":{"rendered":"<p>Edital 2022 O Programa de Aux\u00edlio \u00e0 Pesquisa da ABCP deriva de compromissos institucionais assumidos pela Associa\u00e7\u00e3o na defesa e promo\u00e7\u00e3o das Ci\u00eancias Sociais brasileiras. O presente edital visa apoiar um diagn\u00f3stico sobre a pol\u00edtica de cotas nos programas de p\u00f3s-gradua\u00e7\u00e3o em Ci\u00eancia Pol\u00edtica, Rela\u00e7\u00f5es Internacionais, Defesa e Pol\u00edticas P\u00fablicas (\u00e1rea de CP\/RI na Capes) em todo o territ\u00f3rio nacional. Poder\u00e3o concorrer ao Programa de Aux\u00edlio: Pesquisadoras(es) doutoras(es), s\u00f3cias(os) efetivas(os) da ABCP e que estejam com suas anuidades de 2022 em dia, sem pend\u00eancias financeiras na data da submiss\u00e3o da proposta. O aux\u00edlio ser\u00e1 dado para a(o) pesquisador(a) individualmente, ainda que o projeto submetido conte com a participa\u00e7\u00e3o em parcerias, coautorias ou grupos de pesquisa. A avalia\u00e7\u00e3o das propostas ser\u00e1 feita por um comit\u00ea designado pela ABCP, especialmente para este fim. Ser\u00e1 apoiado 1 (um) projeto, que deve ter como produto um diagn\u00f3stico da pol\u00edtica de cotas na p\u00f3s-gradua\u00e7\u00e3o em CP\/RI em todo o territ\u00f3rio nacional. O projeto vitorioso receber\u00e1 R$ 5.000,00 (cinco mil reais). O projeto dever\u00e1 ser executado em at\u00e9 seis meses, contados a partir do resultado do edital. A presta\u00e7\u00e3o de contas dos recursos e dos produtos acad\u00eamicos e cient\u00edficos esperados dever\u00e1 ser apresentada ao final do per\u00edodo. O relat\u00f3rio final dever\u00e1 ser apresentado em evento promovido pela ABCP para a discuss\u00e3o da tem\u00e1tica. Cabe pedido de reconsidera\u00e7\u00e3o \u00e0 comiss\u00e3o recursal diferente da que assina esse edital e que supervisionar\u00e1 a execu\u00e7\u00e3o dos mesmos. Em que posso usar os recursos? Os recursos poder\u00e3o ser utilizados, por exemplo, para (i) viagens cuja finalidade seja a coleta de dados ou a condu\u00e7\u00e3o de entrevistas; (ii) coleta, formata\u00e7\u00e3o e codifica\u00e7\u00e3o de dados; (iii) contrata\u00e7\u00e3o de assistentes de pesquisa; (iv) compra de equipamentos; (v) custos de tradu\u00e7\u00e3o ou revis\u00e3o de textos para l\u00edngua estrangeira da publica\u00e7\u00e3o esperada; (vi) custos de submiss\u00e3o de artigos; (vii) outras despesas diretamente vinculadas \u00e0 execu\u00e7\u00e3o da proposta, mediante aprova\u00e7\u00e3o do comit\u00ea. Essa n\u00e3o \u00e9 uma lista exaustiva, mas \u00e9 importante que o projeto justifique despesas que possam aparecer no item (vii) contemplada por esse edital. O aux\u00edlio tamb\u00e9m contempla a poss\u00edvel aquisi\u00e7\u00e3o de equipamentos e servi\u00e7os que auxiliem pesquisadores com necessidades especiais tais como scanners de leitura, audiobooks, softwares para braile, servi\u00e7os de transporte especial ou custas de acompanhante para executar a pesquisa dentre outros que justificadamente se fizerem indispens\u00e1veis. O que \u00e9 necess\u00e1rio para concorrer? Se voc\u00ea se qualifica para submeter um projeto para o edital de Aux\u00edlio \u00e0 pesquisa para o Diagn\u00f3stico da pol\u00edtica de cotas na p\u00f3s-gradua\u00e7\u00e3o em CP\/RI no Brasil, dever\u00e1 apresentar a documenta\u00e7\u00e3o abaixo listada: O diagn\u00f3stico dever\u00e1 apresentar, necessariamente, levantamento quantitativo dos programas que adotam pol\u00edticas de cotas em seus processos seletivos; identifica\u00e7\u00e3o dos principais modelos adotados; avalia\u00e7\u00e3o dos efeitos diferenciais considerando indicadores quantitativos e qualitativos; principais avan\u00e7os e problemas enfrentados pelos programas de p\u00f3s-gradua\u00e7\u00e3o, al\u00e9m de recomenda\u00e7\u00f5es para aprimoramento, com base nas experi\u00eancias exitosas que foram mapeadas. A documenta\u00e7\u00e3o deve ser enviada para abcp@cienciapolitica.org.br at\u00e9 dia 1\u00b0 de dezembro de 2022. Informar no assunto do e- mail: Diagn\u00f3stico da pol\u00edtica de cotas na p\u00f3s-gradua\u00e7\u00e3o. Comiss\u00e3o de avalia\u00e7\u00e3o das propostas: Ednaldo Ribeiro (ABCP\/UEM)Monique de Menezes Urra (Comiss\u00e3o de G\u00eanero, Ra\u00e7a e Diversidade Sexual da ABCP\/UFPI)Rayani Mariano dos Santos (Comiss\u00e3o de G\u00eanero, Ra\u00e7a e Diversidade Sexual da ABCP\/UFG)Rayza Sarmento de Sousa (Comiss\u00e3o de G\u00eanero, Ra\u00e7a e Diversidade Sexual da ABCP\/UFPA) Resultado: Anna Carolina VenturiniRelat\u00f3rio<\/p>\n","protected":false},"author":1,"featured_media":0,"parent":0,"menu_order":0,"comment_status":"closed","ping_status":"closed","template":"","meta":{"footnotes":""},"class_list":["post-3024","page","type-page","status-publish","hentry"],"_links":{"self":[{"href":"https:\/\/cienciapolitica.org.br\/web\/wp-json\/wp\/v2\/pages\/3024","targetHints":{"allow":["GET"]}}],"collection":[{"href":"https:\/\/cienciapolitica.org.br\/web\/wp-json\/wp\/v2\/pages"}],"about":[{"href":"https:\/\/cienciapolitica.org.br\/web\/wp-json\/wp\/v2\/types\/page"}],"author":[{"embeddable":true,"href":"https:\/\/cienciapolitica.org.br\/web\/wp-json\/wp\/v2\/users\/1"}],"replies":[{"embeddable":true,"href":"https:\/\/cienciapolitica.org.br\/web\/wp-json\/wp\/v2\/comments?post=3024"}],"version-history":[{"count":1,"href":"https:\/\/cienciapolitica.org.br\/web\/wp-json\/wp\/v2\/pages\/3024\/revisions"}],"predecessor-version":[{"id":3026,"href":"https:\/\/cienciapolitica.org.br\/web\/wp-json\/wp\/v2\/pages\/3024\/revisions\/3026"}],"wp:attachment":[{"href":"https:\/\/cienciapolitica.org.br\/web\/wp-json\/wp\/v2\/media?parent=3024"}],"curies":[{"name":"wp","href":"https:\/\/api.w.org\/{rel}","templated":true}]}}