{"id":3073,"date":"2024-08-14T20:44:23","date_gmt":"2024-08-14T20:44:23","guid":{"rendered":"https:\/\/cienciapolitica.org.br\/web\/?page_id=3073"},"modified":"2024-08-14T21:03:34","modified_gmt":"2024-08-14T21:03:34","slug":"homenageados-pela-abcp","status":"publish","type":"page","link":"https:\/\/cienciapolitica.org.br\/web\/homenageados-pela-abcp\/","title":{"rendered":"Homenageados pela ABCP"},"content":{"rendered":"\n<p class=\"has-black-color has-white-background-color has-text-color has-background has-link-color has-medium-font-size wp-elements-0593755913bf19eb40cc1ccdd45e2c8f\">Neste espa\u00e7o est\u00e3o listados os homenageados pela ABCP nas suas \u00faltimas edi\u00e7\u00f5es dos Encontros.<\/p>\n\n\n\n<p class=\"has-black-color has-white-background-color has-text-color has-background has-link-color has-medium-font-size wp-elements-ac99ef444ca5dcde87f86bd0486e6c4e\"><strong>14\u00ba Encontro ABCP (2024)<\/strong><\/p>\n\n\n\n<div class=\"wp-block-columns is-layout-flex wp-container-core-columns-is-layout-28f84493 wp-block-columns-is-layout-flex\">\n<div class=\"wp-block-column is-layout-flow wp-block-column-is-layout-flow\">\n<figure class=\"wp-block-image size-full is-resized\"><img fetchpriority=\"high\" decoding=\"async\" width=\"512\" height=\"512\" src=\"https:\/\/cienciapolitica.org.br\/web\/wp-content\/uploads\/2024\/08\/Fatima-Anastasia-2.jpg\" alt=\"\" class=\"wp-image-3080\" style=\"width:238px;height:auto\" srcset=\"https:\/\/cienciapolitica.org.br\/web\/wp-content\/uploads\/2024\/08\/Fatima-Anastasia-2.jpg 512w, https:\/\/cienciapolitica.org.br\/web\/wp-content\/uploads\/2024\/08\/Fatima-Anastasia-2-300x300.jpg 300w, https:\/\/cienciapolitica.org.br\/web\/wp-content\/uploads\/2024\/08\/Fatima-Anastasia-2-150x150.jpg 150w\" sizes=\"(max-width: 512px) 100vw, 512px\" \/><figcaption class=\"wp-element-caption\">Maria de F\u00e1tima Junho Anastasia<\/figcaption><\/figure>\n<\/div>\n\n\n\n<div class=\"wp-block-column is-layout-flow wp-block-column-is-layout-flow\">\n<figure class=\"wp-block-image size-full is-resized\"><img decoding=\"async\" width=\"512\" height=\"512\" src=\"https:\/\/cienciapolitica.org.br\/web\/wp-content\/uploads\/2024\/08\/Sonia-Draibe.jpg\" alt=\"\" class=\"wp-image-3081\" style=\"width:244px;height:auto\" srcset=\"https:\/\/cienciapolitica.org.br\/web\/wp-content\/uploads\/2024\/08\/Sonia-Draibe.jpg 512w, https:\/\/cienciapolitica.org.br\/web\/wp-content\/uploads\/2024\/08\/Sonia-Draibe-300x300.jpg 300w, https:\/\/cienciapolitica.org.br\/web\/wp-content\/uploads\/2024\/08\/Sonia-Draibe-150x150.jpg 150w\" sizes=\"(max-width: 512px) 100vw, 512px\" \/><figcaption class=\"wp-element-caption\">S\u00f4nia Miriam Draibe<\/figcaption><\/figure>\n<\/div>\n<\/div>\n\n\n\n<div class=\"wp-block-columns is-layout-flex wp-container-core-columns-is-layout-28f84493 wp-block-columns-is-layout-flex\">\n<div class=\"wp-block-column is-layout-flow wp-block-column-is-layout-flow\">\n<figure class=\"wp-block-image size-full is-resized\"><img decoding=\"async\" width=\"1024\" height=\"682\" src=\"https:\/\/cienciapolitica.org.br\/web\/wp-content\/uploads\/2024\/02\/vianna.webp\" alt=\"\" class=\"wp-image-2680\" style=\"width:317px;height:auto\" srcset=\"https:\/\/cienciapolitica.org.br\/web\/wp-content\/uploads\/2024\/02\/vianna.webp 1024w, https:\/\/cienciapolitica.org.br\/web\/wp-content\/uploads\/2024\/02\/vianna-300x200.webp 300w, https:\/\/cienciapolitica.org.br\/web\/wp-content\/uploads\/2024\/02\/vianna-768x512.webp 768w\" sizes=\"(max-width: 1024px) 100vw, 1024px\" \/><figcaption class=\"wp-element-caption\">Luiz Jorge Werneck Vianna (in memorian)<\/figcaption><\/figure>\n<\/div>\n\n\n\n<div class=\"wp-block-column is-layout-flow wp-block-column-is-layout-flow\">\n<figure class=\"wp-block-image size-full is-resized\"><img loading=\"lazy\" decoding=\"async\" width=\"890\" height=\"717\" src=\"https:\/\/cienciapolitica.org.br\/web\/wp-content\/uploads\/2024\/08\/Charles-Pessanha.jpg\" alt=\"\" class=\"wp-image-3082\" style=\"width:273px;height:auto\" srcset=\"https:\/\/cienciapolitica.org.br\/web\/wp-content\/uploads\/2024\/08\/Charles-Pessanha.jpg 890w, https:\/\/cienciapolitica.org.br\/web\/wp-content\/uploads\/2024\/08\/Charles-Pessanha-300x242.jpg 300w, https:\/\/cienciapolitica.org.br\/web\/wp-content\/uploads\/2024\/08\/Charles-Pessanha-768x619.jpg 768w\" sizes=\"(max-width: 890px) 100vw, 890px\" \/><figcaption class=\"wp-element-caption\">Charles Pessanha (in memorian)<\/figcaption><\/figure>\n<\/div>\n<\/div>\n\n\n\n<p class=\"has-black-color has-white-background-color has-text-color has-background has-link-color has-medium-font-size wp-elements-48727930e7babc4f7d0935ae80aa2091\"><strong>13\u00ba Encontro ABCP (2022)<\/strong><\/p>\n\n\n\n<div class=\"wp-block-columns is-layout-flex wp-container-core-columns-is-layout-28f84493 wp-block-columns-is-layout-flex\">\n<div class=\"wp-block-column is-layout-flow wp-block-column-is-layout-flow\" style=\"flex-basis:33.34%\">\n<figure class=\"wp-block-image size-full is-resized\"><img loading=\"lazy\" decoding=\"async\" width=\"571\" height=\"497\" src=\"https:\/\/cienciapolitica.org.br\/web\/wp-content\/uploads\/2024\/03\/img_esp_consulta2017_rachel_G01-1.jpg\" alt=\"\" class=\"wp-image-2722\" style=\"width:263px;height:auto\" srcset=\"https:\/\/cienciapolitica.org.br\/web\/wp-content\/uploads\/2024\/03\/img_esp_consulta2017_rachel_G01-1.jpg 571w, https:\/\/cienciapolitica.org.br\/web\/wp-content\/uploads\/2024\/03\/img_esp_consulta2017_rachel_G01-1-300x261.jpg 300w\" sizes=\"(max-width: 571px) 100vw, 571px\" \/><figcaption class=\"wp-element-caption\">Raquel Meneguello<\/figcaption><\/figure>\n<\/div>\n\n\n\n<div class=\"wp-block-column is-layout-flow wp-block-column-is-layout-flow\" style=\"flex-basis:33.34%\">\n<figure class=\"wp-block-image size-full is-resized\"><img loading=\"lazy\" decoding=\"async\" width=\"456\" height=\"474\" src=\"https:\/\/cienciapolitica.org.br\/web\/wp-content\/uploads\/2024\/03\/Carlos-Ranulfo-1.jpg\" alt=\"\" class=\"wp-image-2724\" style=\"width:229px;height:auto\" srcset=\"https:\/\/cienciapolitica.org.br\/web\/wp-content\/uploads\/2024\/03\/Carlos-Ranulfo-1.jpg 456w, https:\/\/cienciapolitica.org.br\/web\/wp-content\/uploads\/2024\/03\/Carlos-Ranulfo-1-289x300.jpg 289w\" sizes=\"(max-width: 456px) 100vw, 456px\" \/><figcaption class=\"wp-element-caption\">Carlos Ranulfo<\/figcaption><\/figure>\n<\/div>\n\n\n\n<div class=\"wp-block-column is-layout-flow wp-block-column-is-layout-flow\" style=\"flex-basis:33.33%\">\n<figure class=\"wp-block-image size-full is-resized\"><img loading=\"lazy\" decoding=\"async\" width=\"469\" height=\"429\" src=\"https:\/\/cienciapolitica.org.br\/web\/wp-content\/uploads\/2024\/03\/Glaucio-Soares.jpg\" alt=\"\" class=\"wp-image-2725\" style=\"width:251px;height:auto\" srcset=\"https:\/\/cienciapolitica.org.br\/web\/wp-content\/uploads\/2024\/03\/Glaucio-Soares.jpg 469w, https:\/\/cienciapolitica.org.br\/web\/wp-content\/uploads\/2024\/03\/Glaucio-Soares-300x274.jpg 300w\" sizes=\"(max-width: 469px) 100vw, 469px\" \/><figcaption class=\"wp-element-caption\">Gl\u00e1ucio Soares (in memorian)<\/figcaption><\/figure>\n<\/div>\n<\/div>\n\n\n\n<p class=\"has-black-color has-white-background-color has-text-color has-background has-link-color has-medium-font-size wp-elements-4f9ad3fc157c5c87f27cf036864826a3\"><strong>12\u00ba Encontro ABCP (2020)<\/strong><\/p>\n\n\n\n<figure class=\"wp-block-image size-full is-resized\"><img loading=\"lazy\" decoding=\"async\" width=\"300\" height=\"179\" src=\"https:\/\/cienciapolitica.org.br\/web\/wp-content\/uploads\/2024\/03\/wanderleiguilhermedossantos-e1723668240491.webp\" alt=\"\" class=\"wp-image-2720\" style=\"width:280px;height:auto\"\/><figcaption class=\"wp-element-caption\">Wanderley Guilherme dos Santos<\/figcaption><\/figure>\n\n\n\n<p class=\"has-black-color has-white-background-color has-text-color has-background has-link-color has-medium-font-size wp-elements-7498481e37fe4a3ba442a00e004df1a5\"><strong>11\u00ba Encontro ABCP (2018)<\/strong><\/p>\n\n\n\n<div class=\"wp-block-columns is-layout-flex wp-container-core-columns-is-layout-28f84493 wp-block-columns-is-layout-flex\">\n<div class=\"wp-block-column is-layout-flow wp-block-column-is-layout-flow\">\n<figure class=\"wp-block-image size-full is-resized\"><img loading=\"lazy\" decoding=\"async\" width=\"984\" height=\"929\" src=\"https:\/\/cienciapolitica.org.br\/web\/wp-content\/uploads\/2024\/03\/Argelina_Valor.jpg\" alt=\"\" class=\"wp-image-2718\" style=\"width:255px;height:auto\" srcset=\"https:\/\/cienciapolitica.org.br\/web\/wp-content\/uploads\/2024\/03\/Argelina_Valor.jpg 984w, https:\/\/cienciapolitica.org.br\/web\/wp-content\/uploads\/2024\/03\/Argelina_Valor-300x283.jpg 300w, https:\/\/cienciapolitica.org.br\/web\/wp-content\/uploads\/2024\/03\/Argelina_Valor-768x725.jpg 768w\" sizes=\"(max-width: 984px) 100vw, 984px\" \/><figcaption class=\"wp-element-caption\">Argelina Figueiredo<\/figcaption><\/figure>\n<\/div>\n\n\n\n<div class=\"wp-block-column is-layout-flow wp-block-column-is-layout-flow\">\n<figure class=\"wp-block-image size-full is-resized\"><img loading=\"lazy\" decoding=\"async\" width=\"550\" height=\"330\" src=\"https:\/\/cienciapolitica.org.br\/web\/wp-content\/uploads\/2024\/03\/Tullo-Vigevani.jpeg\" alt=\"\" class=\"wp-image-2719\" style=\"width:383px;height:auto\" srcset=\"https:\/\/cienciapolitica.org.br\/web\/wp-content\/uploads\/2024\/03\/Tullo-Vigevani.jpeg 550w, https:\/\/cienciapolitica.org.br\/web\/wp-content\/uploads\/2024\/03\/Tullo-Vigevani-300x180.jpeg 300w\" sizes=\"(max-width: 550px) 100vw, 550px\" \/><figcaption class=\"wp-element-caption\">Tullo Vigevani<\/figcaption><\/figure>\n<\/div>\n<\/div>\n\n\n\n<p><\/p>\n","protected":false},"excerpt":{"rendered":"<p>Neste espa\u00e7o est\u00e3o listados os homenageados pela ABCP nas suas \u00faltimas edi\u00e7\u00f5es dos Encontros. 14\u00ba Encontro ABCP (2024) 13\u00ba Encontro ABCP (2022) 12\u00ba Encontro ABCP (2020) 11\u00ba Encontro ABCP (2018)<\/p>\n","protected":false},"author":1,"featured_media":0,"parent":0,"menu_order":0,"comment_status":"closed","ping_status":"closed","template":"","meta":{"footnotes":""},"class_list":["post-3073","page","type-page","status-publish","hentry"],"_links":{"self":[{"href":"https:\/\/cienciapolitica.org.br\/web\/wp-json\/wp\/v2\/pages\/3073","targetHints":{"allow":["GET"]}}],"collection":[{"href":"https:\/\/cienciapolitica.org.br\/web\/wp-json\/wp\/v2\/pages"}],"about":[{"href":"https:\/\/cienciapolitica.org.br\/web\/wp-json\/wp\/v2\/types\/page"}],"author":[{"embeddable":true,"href":"https:\/\/cienciapolitica.org.br\/web\/wp-json\/wp\/v2\/users\/1"}],"replies":[{"embeddable":true,"href":"https:\/\/cienciapolitica.org.br\/web\/wp-json\/wp\/v2\/comments?post=3073"}],"version-history":[{"count":6,"href":"https:\/\/cienciapolitica.org.br\/web\/wp-json\/wp\/v2\/pages\/3073\/revisions"}],"predecessor-version":[{"id":3083,"href":"https:\/\/cienciapolitica.org.br\/web\/wp-json\/wp\/v2\/pages\/3073\/revisions\/3083"}],"wp:attachment":[{"href":"https:\/\/cienciapolitica.org.br\/web\/wp-json\/wp\/v2\/media?parent=3073"}],"curies":[{"name":"wp","href":"https:\/\/api.w.org\/{rel}","templated":true}]}}