{"id":3249,"date":"2024-10-28T20:30:01","date_gmt":"2024-10-28T20:30:01","guid":{"rendered":"https:\/\/cienciapolitica.org.br\/web\/?page_id=3249"},"modified":"2024-10-28T20:44:47","modified_gmt":"2024-10-28T20:44:47","slug":"fbcp","status":"publish","type":"page","link":"https:\/\/cienciapolitica.org.br\/web\/fbcp\/","title":{"rendered":"FBCP"},"content":{"rendered":"\n<p class=\"has-black-color has-white-background-color has-text-color has-background has-link-color has-medium-font-size wp-elements-8d4b91e1c869e3ed2fe912c9cc1170f0\">Neste espa\u00e7o voc\u00ea encontra informa\u00e7\u00f5es sobre o F\u00f3rum Brasileiro de P\u00f3s-Gradua\u00e7\u00e3o em Ci\u00eancia Pol\u00edtica.<\/p>\n\n\n\n<p class=\"has-black-color has-white-background-color has-text-color has-background has-link-color has-medium-font-size wp-elements-2a487ba8e4d13404933abe867f7432e4\"><\/p>\n\n\n\n<h2 class=\"wp-block-heading has-black-color has-white-background-color has-text-color has-background has-link-color has-medium-font-size wp-elements-889b4e953eb3d54fa2e71e733d897f94\">28\/10\/2024<br>Edital &#8211;<a href=\"https:\/\/cienciapolitica.org.br\/web\/ix-fbcp-edital-para-a-coordenacao-discente-dos-gts\/\"> <strong>Inscri\u00e7\u00f5es para a coordena\u00e7\u00e3o discente dos grupos de trabalho do IX FBCP<\/strong><\/a><\/h2>\n\n\n\n<p class=\"has-black-color has-white-background-color has-text-color has-background has-link-color has-medium-font-size wp-elements-514f581325ecb22f1e3d4b0338bd3e4f\">A Comiss\u00e3o Executiva de Trabalho (CET) do IX F\u00f3rum Brasileiro de P\u00f3s-Gradua\u00e7\u00e3o em Ci\u00eancia Pol\u00edtica (FBCP) anuncia a abertura das inscri\u00e7\u00f5es para a coordena\u00e7\u00e3o discente dos grupos de trabalho do IX FBCP, nos termos do Cap. II do Regimento do FBCP e deste edital. Poder\u00e3o se candidatar \u00e0 coordena\u00e7\u00e3o mestrandas e doutorandas regularmente matriculadas em Programas de P\u00f3s-Gradua\u00e7\u00e3o em Ci\u00eancia Pol\u00edtica reconhecidos pelo Minist\u00e9rio da Educa\u00e7\u00e3o (MEC).<\/p>\n\n\n\n<p class=\"has-black-color has-white-background-color has-text-color has-background has-link-color has-medium-font-size wp-elements-3395d94991508be9b98a4d86cc2bf9cc\">Link do edital:&nbsp;<a href=\"https:\/\/drive.google.com\/file\/d\/1ZweN0tbOopIGIUat77EwRg37_sLBnaU6\/view\" target=\"_blank\" rel=\"noreferrer noopener\">https:\/\/drive.google.com\/file\/d\/1ZweN0tbOopIGIUat77EwRg37_sLBnaU6\/view&nbsp;<\/a>&nbsp; &nbsp;<\/p>\n","protected":false},"excerpt":{"rendered":"<p>Neste espa\u00e7o voc\u00ea encontra informa\u00e7\u00f5es sobre o F\u00f3rum Brasileiro de P\u00f3s-Gradua\u00e7\u00e3o em Ci\u00eancia Pol\u00edtica. 28\/10\/2024Edital &#8211; Inscri\u00e7\u00f5es para a coordena\u00e7\u00e3o discente dos grupos de trabalho do IX FBCP A Comiss\u00e3o Executiva de Trabalho (CET) do IX F\u00f3rum Brasileiro de P\u00f3s-Gradua\u00e7\u00e3o em Ci\u00eancia Pol\u00edtica (FBCP) anuncia a abertura das inscri\u00e7\u00f5es para a coordena\u00e7\u00e3o discente dos grupos de trabalho do IX FBCP, nos termos do Cap. II do Regimento do FBCP e deste edital. Poder\u00e3o se candidatar \u00e0 coordena\u00e7\u00e3o mestrandas e doutorandas regularmente matriculadas em Programas de P\u00f3s-Gradua\u00e7\u00e3o em Ci\u00eancia Pol\u00edtica reconhecidos pelo Minist\u00e9rio da Educa\u00e7\u00e3o (MEC). Link do edital:&nbsp;https:\/\/drive.google.com\/file\/d\/1ZweN0tbOopIGIUat77EwRg37_sLBnaU6\/view&nbsp;&nbsp; &nbsp;<\/p>\n","protected":false},"author":1,"featured_media":0,"parent":0,"menu_order":0,"comment_status":"closed","ping_status":"closed","template":"","meta":{"footnotes":""},"class_list":["post-3249","page","type-page","status-publish","hentry"],"_links":{"self":[{"href":"https:\/\/cienciapolitica.org.br\/web\/wp-json\/wp\/v2\/pages\/3249","targetHints":{"allow":["GET"]}}],"collection":[{"href":"https:\/\/cienciapolitica.org.br\/web\/wp-json\/wp\/v2\/pages"}],"about":[{"href":"https:\/\/cienciapolitica.org.br\/web\/wp-json\/wp\/v2\/types\/page"}],"author":[{"embeddable":true,"href":"https:\/\/cienciapolitica.org.br\/web\/wp-json\/wp\/v2\/users\/1"}],"replies":[{"embeddable":true,"href":"https:\/\/cienciapolitica.org.br\/web\/wp-json\/wp\/v2\/comments?post=3249"}],"version-history":[{"count":3,"href":"https:\/\/cienciapolitica.org.br\/web\/wp-json\/wp\/v2\/pages\/3249\/revisions"}],"predecessor-version":[{"id":3255,"href":"https:\/\/cienciapolitica.org.br\/web\/wp-json\/wp\/v2\/pages\/3249\/revisions\/3255"}],"wp:attachment":[{"href":"https:\/\/cienciapolitica.org.br\/web\/wp-json\/wp\/v2\/media?parent=3249"}],"curies":[{"name":"wp","href":"https:\/\/api.w.org\/{rel}","templated":true}]}}