{"id":3258,"date":"2024-10-30T18:45:24","date_gmt":"2024-10-30T18:45:24","guid":{"rendered":"https:\/\/cienciapolitica.org.br\/web\/?page_id=3258"},"modified":"2025-03-11T20:06:56","modified_gmt":"2025-03-11T20:06:56","slug":"diretrizes-de-comunicacao","status":"publish","type":"page","link":"https:\/\/cienciapolitica.org.br\/web\/diretrizes-de-comunicacao\/","title":{"rendered":"Diretrizes de Comunica\u00e7\u00e3o"},"content":{"rendered":"\n<p class=\"has-black-color has-text-color has-link-color has-medium-font-size wp-elements-35d02085cb26fe2b46167653204a0c52\">A Associa\u00e7\u00e3o Brasileira de Ci\u00eancia Pol\u00edtica presta o apoio na divulga\u00e7\u00f5es de conte\u00fados e chamadas para seus associados em seus canais institucionais. <\/p>\n\n\n\n<p><\/p>\n\n\n\n<p><\/p>\n\n\n\n<h2 class=\"wp-block-heading has-black-color has-text-color has-link-color wp-elements-06f55b22e523865c6b5c006972046918\">Regras de Uso e crit\u00e9rios divulga\u00e7\u00e3o aplicados aos meios de divulga\u00e7\u00e3o:<\/h2>\n\n\n\n<p class=\"has-black-color has-text-color has-link-color has-medium-font-size wp-elements-b0adf09b8d1987536aee8104e8fe958d\">Os meios de divulga\u00e7\u00f5es destinam-se a publica\u00e7\u00f5es acad\u00eamicas da \u00e1rea de Ci\u00eancia Pol\u00edtica e correlatas, que abordem os seguintes assuntos:<\/p>\n\n\n\n<ul class=\"wp-block-list\">\n<li class=\"has-medium-font-size\">divulga\u00e7\u00e3o de eventos acad\u00eamicos (palestras, cursos, semin\u00e1rios, congressos e similares);<\/li>\n\n\n\n<li class=\"has-medium-font-size\">concursos p\u00fablicos ou vagas no setor privado;<\/li>\n\n\n\n<li class=\"has-medium-font-size\">editais de bolsas;<\/li>\n\n\n\n<li class=\"has-medium-font-size\">divulga\u00e7\u00e3o de livros, artigos e pesquisas.<\/li>\n<\/ul>\n\n\n\n<p><\/p>\n\n\n\n<p class=\"has-black-color has-text-color has-link-color has-medium-font-size wp-elements-06a22163e3e72159f8fd21cbeaf7e096\">Est\u00e3o vedadas as postagens para divulga\u00e7\u00e3o de textos comuns de autoria pr\u00f3pria (mesmo que em jornais de grande circula\u00e7\u00e3o ou sites de not\u00edcias), v\u00eddeos, blogs, p\u00e1ginas ou sites pessoais, p\u00e1ginas e posts de empresas, servi\u00e7os diversos, ou que n\u00e3o tenham rela\u00e7\u00e3o com a ABCP e seus fins. Tamb\u00e9m est\u00e3o vedadas as propagandas e campanhas pol\u00edticas, principalmente para fins eleitorais, de qualquer partido ou organiza\u00e7\u00e3o.<\/p>\n\n\n\n<p class=\"has-black-color has-text-color has-link-color has-medium-font-size wp-elements-bbf55c362fafdd68d912cdf8355479a6\">No Grupo Ci\u00eancia Pol\u00edtica Not\u00edcia &#8211; Facebook &#8211; os moderadores poder\u00e3o excluir postagens e\/ou coment\u00e1rios que n\u00e3o estejam de acordo com as regras de uso divulgadas descritas acima, al\u00e9m de banir usu\u00e1rios sem qualquer tipo de notifica\u00e7\u00e3o por desrespeito as mesmas regras.<\/p>\n\n\n\n<p><\/p>\n\n\n\n<p><\/p>\n\n\n\n<h2 class=\"wp-block-heading has-black-color has-text-color has-link-color wp-elements-c0812eca618636f6a06ea8d272acf8de\">Regras para divulga\u00e7\u00e3o a pedido dos associados:<\/h2>\n\n\n\n<p class=\"has-black-color has-text-color has-link-color has-medium-font-size wp-elements-4410199ab389ec7257f44a083ffeb23d\">As divulga\u00e7\u00f5es ser\u00e3o realizadas sempre a pedido de algum respons\u00e1vel pelo conte\u00fado, desde que compreendam as seguintes finalidades:<\/p>\n\n\n\n<p><\/p>\n\n\n\n<ul class=\"wp-block-list\">\n<li class=\"has-black-color has-text-color has-link-color has-medium-font-size wp-elements-7d16c424595730cca7b7ac5baf19eea2\">divulga\u00e7\u00e3o de eventos acad\u00eamicos (palestras, cursos, semin\u00e1rios, congressos e similares);<\/li>\n\n\n\n<li class=\"has-black-color has-text-color has-link-color has-medium-font-size wp-elements-ef09a8d78f5995e1ecf649f3343aafda\">concursos p\u00fablicos ou vagas no setor privado;<\/li>\n\n\n\n<li class=\"has-black-color has-text-color has-link-color has-medium-font-size wp-elements-ee1a9f8ffd9375f15781deb6f0a16a18\">editais de bolsas;<\/li>\n\n\n\n<li class=\"has-black-color has-text-color has-link-color has-medium-font-size wp-elements-bac7c5e55defa1492949c05dd3fdb78f\">divulga\u00e7\u00e3o de livros, artigos e pesquisas.<\/li>\n<\/ul>\n\n\n\n<p><\/p>\n\n\n\n<p class=\"has-black-color has-text-color has-link-color has-medium-font-size wp-elements-dc8deaf71aa3acc7448404a7b04f20f5\">O interessado no apoio da divulga\u00e7\u00e3o da ABCP dever\u00e1 fornecer: i) o conte\u00fado de texto para descri\u00e7\u00e3o, ii) meios de contato (links e e-mail), iii) como tamb\u00e9m as pe\u00e7as gr\u00e1ficas.<\/p>\n\n\n\n<p class=\"has-black-color has-text-color has-link-color has-medium-font-size wp-elements-ec37d63c1b1d96e6485673ccb72c3997\">A ABCP n\u00e3o se responsabiliza pela cria\u00e7\u00e3o de conte\u00fados e pe\u00e7as gr\u00e1ficas para divulga\u00e7\u00e3o de atividades que n\u00e3o sejam da pr\u00f3pria associa\u00e7\u00e3o, como tamb\u00e9m n\u00e3o se responsabiliza por qualquer erro ou envio de informa\u00e7\u00e3o incompleta no conte\u00fado divulgado.<\/p>\n\n\n\n<p><\/p>\n\n\n\n<p class=\"has-black-color has-text-color has-link-color has-medium-font-size wp-elements-7503b69ba6c42f0012be5e46ce95b524\"><strong>A prioridade para envio e publica\u00e7\u00e3o do conte\u00fado sempre ser\u00e1 de autonomia da associa\u00e7\u00e3o, e atender\u00e1 a crit\u00e9rios de parcerias institucionais da ABCP, como tamb\u00e9m per\u00edodo de abertura e fechamento das chamadas.<\/strong><\/p>\n\n\n\n<p class=\"has-luminous-vivid-orange-color has-text-color has-link-color has-medium-font-size wp-elements-90cfa0eb3aeb731b9ec4dcea54be6e5b\"><strong>S\u00f3 ser\u00e3o aceitos conte\u00fados enviados para o e-mail: comunicacao@cienciapolitica.org.br <\/strong><\/p>\n\n\n\n<ul class=\"wp-block-list has-luminous-vivid-orange-color has-text-color has-link-color has-medium-font-size wp-elements-f2b6846236a4dc359bd970522301bf0f\">\n<li class=\"has-luminous-vivid-orange-color has-text-color has-link-color has-medium-font-size wp-elements-64ee7d66ceb61a8028e2f356464da10b\"><strong>Formul\u00e1rio para envio de vagas de concurso para Professor: <a href=\"https:\/\/docs.google.com\/forms\/d\/e\/1FAIpQLSdQZ05AikEK9yAzo-AsCkyEl631arAx2TBs2ltLdFvYYSaI_A\/viewform\">https:\/\/docs.google.com\/forms\/d\/e\/1FAIpQLSdQZ05AikEK9yAzo-AsCkyEl631arAx2TBs2ltLdFvYYSaI_A\/viewform<\/a><\/strong><\/li>\n<\/ul>\n\n\n\n<ul class=\"wp-block-list has-luminous-vivid-orange-color has-white-background-color has-text-color has-background has-link-color has-medium-font-size wp-elements-9f2a7c7242139db266e44c658f546d30\">\n<li><strong>Formul\u00e1rio para envio de oportunidades de trabalho e vagas de p\u00f3s-doc:  <a href=\"https:\/\/docs.google.com\/forms\/d\/e\/1FAIpQLScPAqNp8HT6rTuP73N1JovEu3hn5JKp8SmjTVX8FjHEV6L1fA\/viewform?usp=header\">https:\/\/docs.google.com\/forms\/d\/e\/1FAIpQLScPAqNp8HT6rTuP73N1JovEu3hn5JKp8SmjTVX8FjHEV6L1fA\/viewform?usp=header<\/a><\/strong><\/li>\n<\/ul>\n\n\n\n<p><\/p>\n\n\n\n<p><\/p>\n\n\n\n<p class=\"has-black-color has-text-color has-link-color has-medium-font-size wp-elements-31d284ec3723244e049e1ecf027cfa5f\">Meios institucionais de Comunica\u00e7\u00e3o da ABCP:<\/p>\n\n\n\n<ul class=\"wp-block-list\">\n<li class=\"has-black-color has-text-color has-link-color has-medium-font-size wp-elements-a91afc70eb7f68b533117fb544624994\">Facebook : <a href=\"https:\/\/web.facebook.com\/associacaobrasileiradecienciapolitica\">https:\/\/web.facebook.com\/associacaobrasileiradecienciapolitica<\/a><\/li>\n\n\n\n<li class=\"has-black-color has-text-color has-link-color has-medium-font-size wp-elements-9ccc8cfd5e7e88dec0616597e35e6ee1\">Grupo no Facebook Ci\u00eancia Pol\u00edtica Not\u00edcia: <a href=\"https:\/\/www.facebook.com\/groups\/267211763376295\">https:\/\/www.facebook.com\/groups\/267211763376295<\/a><\/li>\n\n\n\n<li class=\"has-black-color has-text-color has-link-color has-medium-font-size wp-elements-cfa8d61134f4d3ed6f392507a6f1851a\">Instagram: <a href=\"https:\/\/www.instagram.com\/abcpcomunica\/\">https:\/\/www.instagram.com\/abcpcomunica\/<\/a><\/li>\n\n\n\n<li class=\"has-black-color has-text-color has-link-color has-medium-font-size wp-elements-a8e899826589f2a541890ee3ab50cc05\">Twitter: <a href=\"https:\/\/twitter.com\/ABCP_bot\">https:\/\/twitter.com\/ABCP_bot<\/a><\/li>\n\n\n\n<li class=\"has-black-color has-text-color has-link-color has-medium-font-size wp-elements-1eb1a0061478e94037a3b540610c567b\">YouTube: <a href=\"https:\/\/www.youtube.com\/@abcp630\">https:\/\/www.youtube.com\/@abcp630<\/a><\/li>\n\n\n\n<li class=\"has-black-color has-text-color has-link-color has-medium-font-size wp-elements-0ec67077a0574086fe5c4fc8b1bc1a7d\">Linktree: <a href=\"https:\/\/linktr.ee\/abcp\">https:\/\/linktr.ee\/abcp<\/a><\/li>\n\n\n\n<li class=\"has-black-color has-text-color has-link-color has-medium-font-size wp-elements-39235c67c9938f02dc26b0d4c17331fb\">Canal de transmiss\u00e3o Whatsapp: <a href=\"https:\/\/whatsapp.com\/channel\/0029Vb8Xtc4FnSzH3BkVnw2P\">https:\/\/whatsapp.com\/channel\/0029Vb8Xtc4FnSzH3BkVnw2P<\/a><\/li>\n\n\n\n<li class=\"has-black-color has-text-color has-link-color has-medium-font-size wp-elements-1e95ead47529892c3be2d8d0402fc3af\">Mailing dos Associados.<\/li>\n<\/ul>\n\n\n\n<p><\/p>\n","protected":false},"excerpt":{"rendered":"<p>A Associa\u00e7\u00e3o Brasileira de Ci\u00eancia Pol\u00edtica presta o apoio na divulga\u00e7\u00f5es de conte\u00fados e chamadas para seus associados em seus canais institucionais. Regras de Uso e crit\u00e9rios divulga\u00e7\u00e3o aplicados aos meios de divulga\u00e7\u00e3o: Os meios de divulga\u00e7\u00f5es destinam-se a publica\u00e7\u00f5es acad\u00eamicas da \u00e1rea de Ci\u00eancia Pol\u00edtica e correlatas, que abordem os seguintes assuntos: Est\u00e3o vedadas as postagens para divulga\u00e7\u00e3o de textos comuns de autoria pr\u00f3pria (mesmo que em jornais de grande circula\u00e7\u00e3o ou sites de not\u00edcias), v\u00eddeos, blogs, p\u00e1ginas ou sites pessoais, p\u00e1ginas e posts de empresas, servi\u00e7os diversos, ou que n\u00e3o tenham rela\u00e7\u00e3o com a ABCP e seus fins. Tamb\u00e9m est\u00e3o vedadas as propagandas e campanhas pol\u00edticas, principalmente para fins eleitorais, de qualquer partido ou organiza\u00e7\u00e3o. No Grupo Ci\u00eancia Pol\u00edtica Not\u00edcia &#8211; Facebook &#8211; os moderadores poder\u00e3o excluir postagens e\/ou coment\u00e1rios que n\u00e3o estejam de acordo com as regras de uso divulgadas descritas acima, al\u00e9m de banir usu\u00e1rios sem qualquer tipo de notifica\u00e7\u00e3o por desrespeito as mesmas regras. Regras para divulga\u00e7\u00e3o a pedido dos associados: As divulga\u00e7\u00f5es ser\u00e3o realizadas sempre a pedido de algum respons\u00e1vel pelo conte\u00fado, desde que compreendam as seguintes finalidades: O interessado no apoio da divulga\u00e7\u00e3o da ABCP dever\u00e1 fornecer: i) o conte\u00fado de texto para descri\u00e7\u00e3o, ii) meios de contato (links e e-mail), iii) como tamb\u00e9m as pe\u00e7as gr\u00e1ficas. A ABCP n\u00e3o se responsabiliza pela cria\u00e7\u00e3o de conte\u00fados e pe\u00e7as gr\u00e1ficas para divulga\u00e7\u00e3o de atividades que n\u00e3o sejam da pr\u00f3pria associa\u00e7\u00e3o, como tamb\u00e9m n\u00e3o se responsabiliza por qualquer erro ou envio de informa\u00e7\u00e3o incompleta no conte\u00fado divulgado. A prioridade para envio e publica\u00e7\u00e3o do conte\u00fado sempre ser\u00e1 de autonomia da associa\u00e7\u00e3o, e atender\u00e1 a crit\u00e9rios de parcerias institucionais da ABCP, como tamb\u00e9m per\u00edodo de abertura e fechamento das chamadas. S\u00f3 ser\u00e3o aceitos conte\u00fados enviados para o e-mail: comunicacao@cienciapolitica.org.br Meios institucionais de Comunica\u00e7\u00e3o da ABCP:<\/p>\n","protected":false},"author":1,"featured_media":0,"parent":0,"menu_order":0,"comment_status":"closed","ping_status":"closed","template":"","meta":{"footnotes":""},"class_list":["post-3258","page","type-page","status-publish","hentry"],"_links":{"self":[{"href":"https:\/\/cienciapolitica.org.br\/web\/wp-json\/wp\/v2\/pages\/3258","targetHints":{"allow":["GET"]}}],"collection":[{"href":"https:\/\/cienciapolitica.org.br\/web\/wp-json\/wp\/v2\/pages"}],"about":[{"href":"https:\/\/cienciapolitica.org.br\/web\/wp-json\/wp\/v2\/types\/page"}],"author":[{"embeddable":true,"href":"https:\/\/cienciapolitica.org.br\/web\/wp-json\/wp\/v2\/users\/1"}],"replies":[{"embeddable":true,"href":"https:\/\/cienciapolitica.org.br\/web\/wp-json\/wp\/v2\/comments?post=3258"}],"version-history":[{"count":8,"href":"https:\/\/cienciapolitica.org.br\/web\/wp-json\/wp\/v2\/pages\/3258\/revisions"}],"predecessor-version":[{"id":3376,"href":"https:\/\/cienciapolitica.org.br\/web\/wp-json\/wp\/v2\/pages\/3258\/revisions\/3376"}],"wp:attachment":[{"href":"https:\/\/cienciapolitica.org.br\/web\/wp-json\/wp\/v2\/media?parent=3258"}],"curies":[{"name":"wp","href":"https:\/\/api.w.org\/{rel}","templated":true}]}}