{"id":70,"date":"2017-01-26T01:50:00","date_gmt":"2017-01-26T01:50:00","guid":{"rendered":"https:\/\/cienciapolitica-abcp.online\/?page_id=70"},"modified":"2024-08-15T20:26:32","modified_gmt":"2024-08-15T20:26:32","slug":"institucional","status":"publish","type":"page","link":"https:\/\/cienciapolitica.org.br\/web\/institucional\/","title":{"rendered":"Institucional"},"content":{"rendered":"\t\t<div data-elementor-type=\"wp-page\" data-elementor-id=\"70\" class=\"elementor elementor-70\">\n\t\t\t\t<div class=\"elementor-element elementor-element-7f9d2107 e-flex e-con-boxed wpr-particle-no wpr-jarallax-no wpr-parallax-no wpr-sticky-section-no wpr-equal-height-no e-con e-parent\" data-id=\"7f9d2107\" data-element_type=\"container\" data-e-type=\"container\">\n\t\t\t\t\t<div class=\"e-con-inner\">\n\t\t\t\t<div class=\"elementor-element elementor-element-7cb69ed4 elementor-widget elementor-widget-text-editor\" data-id=\"7cb69ed4\" data-element_type=\"widget\" data-e-type=\"widget\" data-widget_type=\"text-editor.default\">\n\t\t\t\t<div class=\"elementor-widget-container\">\n\t\t\t\t\t\t\t\t\t\n<p>Fundada em 1986, a Associa\u00e7\u00e3o Brasileira de Ci\u00eancia Pol\u00edtica \u00e9 uma entidade sem fins lucrativos, que re\u00fane centenas de acad\u00eamicos &#8211; pesquisadores, professores e estudantes &#8211; e profissionais da \u00e1rea de Ci\u00eancia Pol\u00edtica e outras correlatas.\u00a0<\/p>\n\n<p>Ao longo de sua hist\u00f3ria, a ABCP esteve envolvida, atrav\u00e9s da atua\u00e7\u00e3o direta\u00a0de seus associados, na constru\u00e7\u00e3o da mem\u00f3ria da Ci\u00eancia Pol\u00edtica brasileira. Nos \u00faltimos 30 anos, a associa\u00e7\u00e3o promoveu parcerias com diversas funda\u00e7\u00f5es nacionais e internacionais, institutos de pesquisa, ag\u00eancias de fomento, universidades, e outras entidades p\u00fablicas e privadas, cujos recursos materiais, imateriais e humanos foram de vital import\u00e2ncia para a cria\u00e7\u00e3o de centenas de eventos acad\u00eamicos\u00a0e outras iniciativas, que acabaram por promover a expans\u00e3o da \u00e1rea atrav\u00e9s dos\u00a0programas de p\u00f3s-gradua\u00e7\u00e3o e, mais recentemente, dos cursos de\u00a0bacharelado\u00a0em Ci\u00eancia Pol\u00edtica e Rela\u00e7\u00f5es Internacionais.\u00a0<\/p>\n\n<p>Desde 1996, a ABCP promove congressos bienais, os chamados &#8220;Encontros&#8221;, voltados para a circula\u00e7\u00e3o da produ\u00e7\u00e3o cient\u00edfica, a promo\u00e7\u00e3o do conhecimento e o debate de quest\u00f5es que envolvem as diversas \u00e1reas tem\u00e1ticas da Ci\u00eancia Pol\u00edtica nacional e do mundo. A partir de 2009, passou tamb\u00e9m\u00a0a auxiliar e contribuir diretamente com\u00a0a organiza\u00e7\u00e3o do F\u00f3rum Brasileiro\u00a0de P\u00f3s-Gradua\u00e7\u00e3o em Ci\u00eancia Pol\u00edtica, uma iniciativa aut\u00f4noma dos estudantes da \u00e1rea para aumentar o escopo dos debates a n\u00edvel de p\u00f3s-gradua\u00e7\u00e3o.<\/p>\n\n<p>Nesse sentido, a ABCP re\u00fane uma parcela significativa de intelectuais e pesquisadores, que produzem n\u00e3o apenas o que h\u00e1 de mais significativo para a \u00e1rea de Ci\u00eancia Pol\u00edtica no pa\u00eds, mas que zelam constantemente pela manuten\u00e7\u00e3o de elevado padr\u00e3o \u00e9tico e profissional, das institui\u00e7\u00f5es pol\u00edticas brasileiras e, principalmente, pela\u00a0democracia.<\/p>\n\n<p>A associa\u00e7\u00e3o tamb\u00e9m mant\u00e9m a publica\u00e7\u00e3o cient\u00edfica mais importante da sua \u00e1rea no Brasil, a Brazilian Political Science Review, revista eletr\u00f4nica editada desde 2007 e dispon\u00edvel na plataforma SciELO.\u00a0<\/p>\n\n<p>Entre as iniciativas mais recentes da ABCP, est\u00e3o os aux\u00edlios financeiros \u00e0 participa\u00e7\u00e3o de doutorandos em congressos de associa\u00e7\u00f5es estrangeiras, a abertura \u00e0 categoria de associado em n\u00edvel de gradua\u00e7\u00e3o, e a produ\u00e7\u00e3o de eventos de menor porte voltados para a cria\u00e7\u00e3o local de semin\u00e1rios, cursos e escolas de aprendizado tem\u00e1tico espec\u00edfico.<\/p>\n\n<p>Em 2017 a associa\u00e7\u00e3o iniciou um processo de regionaliza\u00e7\u00e3o\u00a0ao articular a cria\u00e7\u00e3o de diretorias regionais eleitas por voto direto. As diretorias regionais fazem parte de um projeto cujo objetivo \u00e9 aumentar as capacidades locais\u00a0da associa\u00e7\u00e3o na\u00a0realiza\u00e7\u00e3o de\u00a0suas atividades.<\/p>\n\n<h3 class=\"wp-block-heading\">\u00a0Documentos relacionados<\/h3>\n\n<ul class=\"wp-block-list\">\n<li><a href=\"https:\/\/cienciapolitica.org.br\/web\/wp-content\/uploads\/2024\/06\/2023-Estatuto-averbado.pdf\">Estatuto da ABCP \u2013 Maio 2023<\/a><\/li>\n\n<li><a href=\"https:\/\/cienciapolitica.org.br\/web\/wp-content\/uploads\/2024\/06\/resolucao-012018-sobre-areas-tematicas-1449.pdf\">Resolu\u00e7\u00e3o 01\/2018 Sobre \u00c1reas Tem\u00e1ticas<\/a><\/li>\n\n<li><a href=\"https:\/\/cienciapolitica.org.br\/web\/wp-content\/uploads\/2024\/06\/Resolucao-01_2023_-GT-Diretrizes-Curriculares-Nacionais-3-1.pdf\">Resolu\u00e7\u00e3o n\u00ba 01\/2023 \u2013 Diretrizes curriculares<\/a><\/li>\n\n<li><a href=\"https:\/\/cienciapolitica.org.br\/web\/wp-content\/uploads\/2024\/08\/Portaria-ABCP-_01_GT-5-3.pdf\" target=\"_blank\" rel=\"noreferrer noopener\">PORTARIA N\u00ba 01\/ABCP\/2023 &#8211; Grupo de Trabalho das Diretrizes Curriculares<\/a><\/li>\n\n<li><a href=\"https:\/\/cienciapolitica.org.br\/web\/wp-content\/uploads\/2024\/06\/Portaria-ABCP-_02_Comite-Difusao-Cientifica-1.pdf\">Portaria ABCP 02\/2023 \u2013 Comit\u00ea Difus\u00e3o Cient\u00edfica<\/a><\/li>\n<li><a href=\"https:\/\/cienciapolitica.org.br\/web\/wp-content\/uploads\/2024\/08\/Portaria-01-GT-Sistemas-e-Reformas-Eleitorais.pdf\">Portaria ABCP 01\/2024 &#8211; GT Sistemas e Reformas Eleitorais<\/a><\/li>\n<\/ul>\n\t\t\t\t\t\t\t\t<\/div>\n\t\t\t\t<\/div>\n\t\t\t\t\t<\/div>\n\t\t\t\t<\/div>\n\t\t\t\t<\/div>\n\t\t","protected":false},"excerpt":{"rendered":"<p>Fundada em 1986, a Associa\u00e7\u00e3o Brasileira de Ci\u00eancia Pol\u00edtica \u00e9 uma entidade sem fins lucrativos, que re\u00fane centenas de acad\u00eamicos &#8211; pesquisadores, professores e estudantes &#8211; e profissionais da \u00e1rea de Ci\u00eancia Pol\u00edtica e outras correlatas.\u00a0 Ao longo de sua hist\u00f3ria, a ABCP esteve envolvida, atrav\u00e9s da atua\u00e7\u00e3o direta\u00a0de seus associados, na constru\u00e7\u00e3o da mem\u00f3ria da Ci\u00eancia Pol\u00edtica brasileira. Nos \u00faltimos 30 anos, a associa\u00e7\u00e3o promoveu parcerias com diversas funda\u00e7\u00f5es nacionais e internacionais, institutos de pesquisa, ag\u00eancias de fomento, universidades, e outras entidades p\u00fablicas e privadas, cujos recursos materiais, imateriais e humanos foram de vital import\u00e2ncia para a cria\u00e7\u00e3o de centenas de eventos acad\u00eamicos\u00a0e outras iniciativas, que acabaram por promover a expans\u00e3o da \u00e1rea atrav\u00e9s dos\u00a0programas de p\u00f3s-gradua\u00e7\u00e3o e, mais recentemente, dos cursos de\u00a0bacharelado\u00a0em Ci\u00eancia Pol\u00edtica e Rela\u00e7\u00f5es Internacionais.\u00a0 Desde 1996, a ABCP promove congressos bienais, os chamados &#8220;Encontros&#8221;, voltados para a circula\u00e7\u00e3o da produ\u00e7\u00e3o cient\u00edfica, a promo\u00e7\u00e3o do conhecimento e o debate de quest\u00f5es que envolvem as diversas \u00e1reas tem\u00e1ticas da Ci\u00eancia Pol\u00edtica nacional e do mundo. A partir de 2009, passou tamb\u00e9m\u00a0a auxiliar e contribuir diretamente com\u00a0a organiza\u00e7\u00e3o do F\u00f3rum Brasileiro\u00a0de P\u00f3s-Gradua\u00e7\u00e3o em Ci\u00eancia Pol\u00edtica, uma iniciativa aut\u00f4noma dos estudantes da \u00e1rea para aumentar o escopo dos debates a n\u00edvel de p\u00f3s-gradua\u00e7\u00e3o. Nesse sentido, a ABCP re\u00fane uma parcela significativa de intelectuais e pesquisadores, que produzem n\u00e3o apenas o que h\u00e1 de mais significativo para a \u00e1rea de Ci\u00eancia Pol\u00edtica no pa\u00eds, mas que zelam constantemente pela manuten\u00e7\u00e3o de elevado padr\u00e3o \u00e9tico e profissional, das institui\u00e7\u00f5es pol\u00edticas brasileiras e, principalmente, pela\u00a0democracia. A associa\u00e7\u00e3o tamb\u00e9m mant\u00e9m a publica\u00e7\u00e3o cient\u00edfica mais importante da sua \u00e1rea no Brasil, a Brazilian Political Science Review, revista eletr\u00f4nica editada desde 2007 e dispon\u00edvel na plataforma SciELO.\u00a0 Entre as iniciativas mais recentes da ABCP, est\u00e3o os aux\u00edlios financeiros \u00e0 participa\u00e7\u00e3o de doutorandos em congressos de associa\u00e7\u00f5es estrangeiras, a abertura \u00e0 categoria de associado em n\u00edvel de gradua\u00e7\u00e3o, e a produ\u00e7\u00e3o de eventos de menor porte voltados para a cria\u00e7\u00e3o local de semin\u00e1rios, cursos e escolas de aprendizado tem\u00e1tico espec\u00edfico. Em 2017 a associa\u00e7\u00e3o iniciou um processo de regionaliza\u00e7\u00e3o\u00a0ao articular a cria\u00e7\u00e3o de diretorias regionais eleitas por voto direto. As diretorias regionais fazem parte de um projeto cujo objetivo \u00e9 aumentar as capacidades locais\u00a0da associa\u00e7\u00e3o na\u00a0realiza\u00e7\u00e3o de\u00a0suas atividades. \u00a0Documentos relacionados<\/p>\n","protected":false},"author":2,"featured_media":0,"parent":0,"menu_order":0,"comment_status":"closed","ping_status":"closed","template":"","meta":{"footnotes":""},"class_list":["post-70","page","type-page","status-publish","hentry"],"_links":{"self":[{"href":"https:\/\/cienciapolitica.org.br\/web\/wp-json\/wp\/v2\/pages\/70","targetHints":{"allow":["GET"]}}],"collection":[{"href":"https:\/\/cienciapolitica.org.br\/web\/wp-json\/wp\/v2\/pages"}],"about":[{"href":"https:\/\/cienciapolitica.org.br\/web\/wp-json\/wp\/v2\/types\/page"}],"author":[{"embeddable":true,"href":"https:\/\/cienciapolitica.org.br\/web\/wp-json\/wp\/v2\/users\/2"}],"replies":[{"embeddable":true,"href":"https:\/\/cienciapolitica.org.br\/web\/wp-json\/wp\/v2\/comments?post=70"}],"version-history":[{"count":24,"href":"https:\/\/cienciapolitica.org.br\/web\/wp-json\/wp\/v2\/pages\/70\/revisions"}],"predecessor-version":[{"id":3097,"href":"https:\/\/cienciapolitica.org.br\/web\/wp-json\/wp\/v2\/pages\/70\/revisions\/3097"}],"wp:attachment":[{"href":"https:\/\/cienciapolitica.org.br\/web\/wp-json\/wp\/v2\/media?parent=70"}],"curies":[{"name":"wp","href":"https:\/\/api.w.org\/{rel}","templated":true}]}}