{"id":77,"date":"2023-11-25T01:54:12","date_gmt":"2023-11-25T04:54:12","guid":{"rendered":"https:\/\/cienciapolitica-abcp.online\/?page_id=77"},"modified":"2024-10-16T14:49:03","modified_gmt":"2024-10-16T14:49:03","slug":"diretoria","status":"publish","type":"page","link":"https:\/\/cienciapolitica.org.br\/web\/institucional\/diretoria\/","title":{"rendered":"Diretoria"},"content":{"rendered":"\n<p class=\"has-medium-font-size\">A Diretoria da ABCP \u00e9 o \u00f3rg\u00e3o executivo da associa\u00e7\u00e3o. Composto por 12 membros eleitos diretamente, em conjunto com outros tr\u00eas membros do Conselho Fiscal, para um mandato de dois anos, prorrog\u00e1veis por mais dois. Seus membros n\u00e3o recebem remunera\u00e7\u00e3o pela realiza\u00e7\u00e3o de suas atividades.<\/p>\n\n\n\n<p><\/p>\n\n\n\n<h2 class=\"wp-block-heading has-text-align-center has-large-font-size\">Gest\u00e3o 2024-2026<\/h2>\n\n\n\n<div style=\"height:21px\" aria-hidden=\"true\" class=\"wp-block-spacer\"><\/div>\n\n\n\n<figure class=\"wp-block-gallery has-nested-images columns-5 is-cropped wp-block-gallery-1 is-layout-flex wp-block-gallery-is-layout-flex\">\n<figure class=\"wp-block-image size-full\"><img fetchpriority=\"high\" decoding=\"async\" width=\"225\" height=\"225\" data-id=\"3218\" src=\"https:\/\/cienciapolitica.org.br\/web\/wp-content\/uploads\/2024\/10\/Bruno.jpg\" alt=\"\" class=\"wp-image-3218\" srcset=\"https:\/\/cienciapolitica.org.br\/web\/wp-content\/uploads\/2024\/10\/Bruno.jpg 225w, https:\/\/cienciapolitica.org.br\/web\/wp-content\/uploads\/2024\/10\/Bruno-150x150.jpg 150w\" sizes=\"(max-width: 225px) 100vw, 225px\" \/><figcaption class=\"wp-element-caption\">Presidente &#8211; Bruno Pinheiro Wanderley Reis (UFMG)<\/figcaption><\/figure>\n\n\n\n<figure class=\"wp-block-image size-full\"><img decoding=\"async\" width=\"180\" height=\"180\" data-id=\"2652\" src=\"https:\/\/cienciapolitica.org.br\/web\/wp-content\/uploads\/2024\/02\/Luciana-Santana.png\" alt=\"\" class=\"wp-image-2652\" srcset=\"https:\/\/cienciapolitica.org.br\/web\/wp-content\/uploads\/2024\/02\/Luciana-Santana.png 180w, https:\/\/cienciapolitica.org.br\/web\/wp-content\/uploads\/2024\/02\/Luciana-Santana-150x150.png 150w\" sizes=\"(max-width: 180px) 100vw, 180px\" \/><figcaption class=\"wp-element-caption\">Secret\u00e1ria Executiva &#8211; Luciana Santana (UFAL)<\/figcaption><\/figure>\n\n\n\n<figure class=\"wp-block-image size-medium\"><img decoding=\"async\" width=\"295\" height=\"300\" data-id=\"3219\" src=\"https:\/\/cienciapolitica.org.br\/web\/wp-content\/uploads\/2024\/10\/Dolores-295x300.png\" alt=\"\" class=\"wp-image-3219\" srcset=\"https:\/\/cienciapolitica.org.br\/web\/wp-content\/uploads\/2024\/10\/Dolores-295x300.png 295w, https:\/\/cienciapolitica.org.br\/web\/wp-content\/uploads\/2024\/10\/Dolores.png 449w\" sizes=\"(max-width: 295px) 100vw, 295px\" \/><figcaption class=\"wp-element-caption\">Secret\u00e1ria Executiva Adjunta &#8211; Maria Dolores Lima da Silva (UFPA)<\/figcaption><\/figure>\n\n\n\n<figure class=\"wp-block-image size-full\"><img loading=\"lazy\" decoding=\"async\" width=\"200\" height=\"200\" data-id=\"3220\" src=\"https:\/\/cienciapolitica.org.br\/web\/wp-content\/uploads\/2024\/10\/s200_olivia.perez_.jpg\" alt=\"\" class=\"wp-image-3220\" srcset=\"https:\/\/cienciapolitica.org.br\/web\/wp-content\/uploads\/2024\/10\/s200_olivia.perez_.jpg 200w, https:\/\/cienciapolitica.org.br\/web\/wp-content\/uploads\/2024\/10\/s200_olivia.perez_-150x150.jpg 150w\" sizes=\"(max-width: 200px) 100vw, 200px\" \/><figcaption class=\"wp-element-caption\">Diretora de Ensino de P\u00f3s-gradua\u00e7\u00e3o &#8211; Olivia Cristina Perez (UFPI)<\/figcaption><\/figure>\n\n\n\n<figure class=\"wp-block-image size-full\"><img loading=\"lazy\" decoding=\"async\" width=\"512\" height=\"512\" data-id=\"3225\" src=\"https:\/\/cienciapolitica.org.br\/web\/wp-content\/uploads\/2024\/10\/Michelle-Fernandez-8.jpg\" alt=\"\" class=\"wp-image-3225\" srcset=\"https:\/\/cienciapolitica.org.br\/web\/wp-content\/uploads\/2024\/10\/Michelle-Fernandez-8.jpg 512w, https:\/\/cienciapolitica.org.br\/web\/wp-content\/uploads\/2024\/10\/Michelle-Fernandez-8-300x300.jpg 300w, https:\/\/cienciapolitica.org.br\/web\/wp-content\/uploads\/2024\/10\/Michelle-Fernandez-8-150x150.jpg 150w\" sizes=\"(max-width: 512px) 100vw, 512px\" \/><figcaption class=\"wp-element-caption\">Diretora de Difus\u00e3o Cient\u00edfica &#8211; Michelle Vieira Fernandez de Oliveira (UnB)<\/figcaption><\/figure>\n<\/figure>\n\n\n\n<figure class=\"wp-block-gallery has-nested-images columns-5 is-cropped wp-block-gallery-2 is-layout-flex wp-block-gallery-is-layout-flex\">\n<figure class=\"wp-block-image size-full\"><img loading=\"lazy\" decoding=\"async\" width=\"225\" height=\"280\" data-id=\"3221\" src=\"https:\/\/cienciapolitica.org.br\/web\/wp-content\/uploads\/2024\/10\/61247636_2184281474958555_2620521420312018944_n.jpg\" alt=\"\" class=\"wp-image-3221\"\/><figcaption class=\"wp-element-caption\">Diretora de Coopera\u00e7\u00e3o Internacional &#8211; J\u00falio C\u00e9sar Cossio Rodriguez (UFSM)<\/figcaption><\/figure>\n\n\n\n<figure class=\"wp-block-image size-medium\"><img loading=\"lazy\" decoding=\"async\" width=\"300\" height=\"225\" data-id=\"3222\" src=\"https:\/\/cienciapolitica.org.br\/web\/wp-content\/uploads\/2024\/10\/soraia-300x225.jpg\" alt=\"\" class=\"wp-image-3222\" srcset=\"https:\/\/cienciapolitica.org.br\/web\/wp-content\/uploads\/2024\/10\/soraia-300x225.jpg 300w, https:\/\/cienciapolitica.org.br\/web\/wp-content\/uploads\/2024\/10\/soraia.jpg 480w\" sizes=\"(max-width: 300px) 100vw, 300px\" \/><figcaption class=\"wp-element-caption\">Diretora de Publica\u00e7\u00f5es &#8211; Soraia Marcelino Vieira (UFF)<\/figcaption><\/figure>\n\n\n\n<figure class=\"wp-block-image size-medium\"><img loading=\"lazy\" decoding=\"async\" width=\"300\" height=\"300\" data-id=\"3223\" src=\"https:\/\/cienciapolitica.org.br\/web\/wp-content\/uploads\/2024\/10\/Manoel-Galdino-300x300.jpg\" alt=\"\" class=\"wp-image-3223\" srcset=\"https:\/\/cienciapolitica.org.br\/web\/wp-content\/uploads\/2024\/10\/Manoel-Galdino-300x300.jpg 300w, https:\/\/cienciapolitica.org.br\/web\/wp-content\/uploads\/2024\/10\/Manoel-Galdino-150x150.jpg 150w, https:\/\/cienciapolitica.org.br\/web\/wp-content\/uploads\/2024\/10\/Manoel-Galdino.jpg 512w\" sizes=\"(max-width: 300px) 100vw, 300px\" \/><figcaption class=\"wp-element-caption\">Diretoria de Projetos &#8211; Manoel Galdino Pereira Neto (USP)<\/figcaption><\/figure>\n\n\n\n<figure class=\"wp-block-image size-medium\"><img loading=\"lazy\" decoding=\"async\" width=\"300\" height=\"300\" data-id=\"2655\" src=\"https:\/\/cienciapolitica.org.br\/web\/wp-content\/uploads\/2024\/02\/Leon_Victor_de_Queiroz-300x300.jpg\" alt=\"\" class=\"wp-image-2655\" srcset=\"https:\/\/cienciapolitica.org.br\/web\/wp-content\/uploads\/2024\/02\/Leon_Victor_de_Queiroz-300x300.jpg 300w, https:\/\/cienciapolitica.org.br\/web\/wp-content\/uploads\/2024\/02\/Leon_Victor_de_Queiroz-150x150.jpg 150w, https:\/\/cienciapolitica.org.br\/web\/wp-content\/uploads\/2024\/02\/Leon_Victor_de_Queiroz.jpg 600w\" sizes=\"(max-width: 300px) 100vw, 300px\" \/><figcaption class=\"wp-element-caption\">Diretoria de Ensino de Gradua\u00e7\u00e3o -Leon Victor Barbosa (UFPE)<\/figcaption><\/figure>\n\n\n\n<figure class=\"wp-block-image size-full\"><img loading=\"lazy\" decoding=\"async\" width=\"200\" height=\"200\" data-id=\"3224\" src=\"https:\/\/cienciapolitica.org.br\/web\/wp-content\/uploads\/2024\/10\/g2T1UEV6_200x200.jpg\" alt=\"\" class=\"wp-image-3224\" srcset=\"https:\/\/cienciapolitica.org.br\/web\/wp-content\/uploads\/2024\/10\/g2T1UEV6_200x200.jpg 200w, https:\/\/cienciapolitica.org.br\/web\/wp-content\/uploads\/2024\/10\/g2T1UEV6_200x200-150x150.jpg 150w\" sizes=\"(max-width: 200px) 100vw, 200px\" \/><figcaption class=\"wp-element-caption\">Diretoria de Pesquisa &#8211; Rafael Cardoso Sampaio (UFPR)<\/figcaption><\/figure>\n<\/figure>\n\n\n\n<p><\/p>\n\n\n\n<ul class=\"wp-block-list\">\n<li class=\"has-medium-font-size\"><em>Supl\u00eancias<\/em>: Bianca de Freitas Linhares (UFPel) e Ivo Jos\u00e9 de Aquino Coser (UniRio)<\/li>\n\n\n\n<li class=\"has-medium-font-size\"><em>Conselho Fiscal<\/em>: \n<ul class=\"wp-block-list\">\n<li>Cl\u00e1udio Andr\u00e9 de Souza (UNILAB)<\/li>\n\n\n\n<li>Geyza Alves Pimentel (UFRR)<\/li>\n\n\n\n<li>Ivan Filipe de Almeida Lopes Fernandes (UFABC)<\/li>\n<\/ul>\n<\/li>\n<\/ul>\n\n\n\n<h2 class=\"wp-block-heading has-text-align-center\" style=\"font-size:28px\">Gest\u00e3o 2022-2024<\/h2>\n\n\n\n<ul style=\"font-size:15px\" class=\"wp-block-list\">\n<li>Presid\u00eancia: Vanessa Elias de Oliveira (UFABC &#8211; Universidade Federal do ABC)<\/li>\n\n\n\n<li>Secretaria Executiva: Luciana C. Farias Santana (UFAL &#8211; Universidade Federal de Alagoas)<\/li>\n\n\n\n<li>Secretaria Executiva Adjunta: Rebecca Neaera Abers (UnB &#8211; Universidade de Bras\u00edlia)<\/li>\n\n\n\n<li>Diretoria de Ensino de P\u00f3s-gradua\u00e7\u00e3o: Ednaldo Aparecido Ribeiro (UEM &#8211; Universidade Estadual de Maring\u00e1)<\/li>\n\n\n\n<li>Diretoria de Ensino de Gradua\u00e7\u00e3o: Leon Victor de Queiroz Barbosa (UFPE &#8211; Universidade Federal de Pernambuco)<\/li>\n\n\n\n<li>Diretoria de Coopera\u00e7\u00e3o Internacional: Ana Paula Balthazar Tostes (UERJ &#8211; Universidade do Estado do Rio de Janeiro)<\/li>\n\n\n\n<li>Diretoria de Publica\u00e7\u00f5es: Lizandra Serafim (UFPB &#8211; Universidade Federal da Para\u00edba)<\/li>\n\n\n\n<li>Diretoria de Projetos: Rog\u00e9rio Arantes (USP &#8211; Universidade de S\u00e3o Paulo)<\/li>\n\n\n\n<li>Diretoria de Pesquisa: Magna In\u00e1cio (UFMG &#8211; Universidade Federal de Minas Gerais)<\/li>\n<\/ul>\n\n\n\n<ul style=\"font-size:15px\" class=\"wp-block-list\">\n<li>Conselho Fiscal: \n<ul class=\"wp-block-list\">\n<li>Alexsandro Eugenio Pereira (UFPR &#8211; Universidade Federal do Paran\u00e1)<\/li>\n\n\n\n<li>Ivan Henrique de Mattos Silva<\/li>\n\n\n\n<li>Bianca de Freitas Linhares (UFRGS &#8211; Universidade Federal do Rio Grande do Sul)<\/li>\n<\/ul>\n<\/li>\n<\/ul>\n\n\n\n<h2 class=\"wp-block-heading has-text-align-center\">Gest\u00e3o 2020-2022<\/h2>\n\n\n\n<ul style=\"font-size:15px\" class=\"wp-block-list\">\n<li>Presid\u00eancia: Luciana Veiga (UNIRIO &#8211; Universidade Federal do Estado do Rio de Janeiro)<\/li>\n\n\n\n<li>Secretaria Executiva: Marjorie Marona (UFMG &#8211; Universidade Federal de Minas Gerais)<\/li>\n\n\n\n<li>Secretaria Executiva Adjunta: Bruno Bolognesi (UFPR &#8211; Universidade Federal do Paran\u00e1)<\/li>\n\n\n\n<li>Diretoria de Projetos: Rog\u00e9rio Arantes (USP &#8211; Universidade de S\u00e3o Paulo)<\/li>\n\n\n\n<li>Diretoria de Ensino de P\u00f3s-gradua\u00e7\u00e3o: Vanessa Elias de Oliveira (UFABC &#8211; Universidade Federal do ABC)<\/li>\n\n\n\n<li>Diretoria de Ensino de Gradua\u00e7\u00e3o: Vitor Eduardo Veras de Sandes Freitas (UFPI &#8211; Universidade Federal do Piau\u00ed)<\/li>\n\n\n\n<li>Diretoria de Coopera\u00e7\u00e3o Internacional: Mariana Batista (UFPE &#8211; Universidade Federal de Pernambuco)<\/li>\n\n\n\n<li>Diretoria de Pesquisa: Fabiano Pellin Mielniczuk (UFRGS &#8211; Universidade Federal do Rio Grande do Sul)<\/li>\n\n\n\n<li>Diretoria de Publica\u00e7\u00f5es: D\u00e9bora Rezende de Almeida (UnB &#8211; Universidade de Bras\u00edlia)<\/li>\n<\/ul>\n\n\n\n<ul style=\"font-size:15px\" class=\"wp-block-list\">\n<li>Conselho Fiscal\n<ul class=\"wp-block-list\">\n<li>Soraia Marcelino Vieira (UFF &#8211; Universidade Federal Fluminense)<\/li>\n\n\n\n<li>Francisco Mata Machado Tavares (UFG &#8211; Universidade Federal de Goi\u00e1s)<\/li>\n\n\n\n<li>Maria Dolores Lima da Silva (UFPA &#8211; Universidade Federal do Par\u00e1)<\/li>\n<\/ul>\n<\/li>\n<\/ul>\n\n\n\n<h2 class=\"wp-block-heading has-text-align-center\">Gest\u00e3o 2018-2020<\/h2>\n\n\n\n<div class=\"wp-block-group is-layout-constrained wp-block-group-is-layout-constrained\" style=\"font-size:15px\">\n<p><a href=\"https:\/\/cienciapolitica.org.br\/web\/wp-content\/uploads\/2024\/01\/relatorio-gestao-abcp-2018-2020-2508.pdf\" target=\"_blank\" rel=\"noreferrer noopener\">Baixe aqui o relat\u00f3rio<\/a>&nbsp;de atividades da gest\u00e3o 2018 &#8211; 2020.<\/p>\n\n\n\n<ul class=\"wp-block-list\">\n<li>Presid\u00eancia: Flavia Biroli &#8211; UnB &#8211; Universidade de Bras\u00edlia<\/li>\n\n\n\n<li>Secretaria Executiva: Fernando Guarnieri &#8211; IESP-UERJ &#8211; Instituto de Estudos Sociais e Pol\u00edticos<\/li>\n\n\n\n<li>Secretaria Executiva Adjunta: Luciana Tatagiba &#8211; UNICAMP &#8211; Universidade Estadual de Campinas<\/li>\n\n\n\n<li>Diretoria de Ensino de P\u00f3s-gradua\u00e7\u00e3o: Rog\u00e9rio Arantes &#8211; USP &#8211; Universidade de S\u00e3o Paulo<\/li>\n\n\n\n<li>Diretoria de Ensino de Gradua\u00e7\u00e3o: Mariana Batista &#8211; UFPE &#8211; Universidade Federal de Pernambuco<\/li>\n\n\n\n<li>Diretoria de Coopera\u00e7\u00e3o Internacional: Ricardo Fabrino Mendon\u00e7a &#8211; UFMG &#8211; Universidade Federal de Minas Gerais<\/li>\n\n\n\n<li>Diretoria de Projetos: Monique Menezes &#8211; UFPI &#8211; Universidade Federal do Piau\u00ed<\/li>\n\n\n\n<li>Diretoria de Pesquisa: Fabiano Engelmann &#8211; UFRGS &#8211; Universidade Federal do Rio Grande do Sul<\/li>\n\n\n\n<li>Diretoria de Publica\u00e7\u00f5es: Ednaldo Ribeiro &#8211; UEM &#8211; Universidade Estadual de Maring\u00e1<\/li>\n<\/ul>\n\n\n\n<ul class=\"wp-block-list\">\n<li>Conselho Fiscal\n<ul class=\"wp-block-list\">\n<li>Luciana Ballestrin &#8211; UFPel &#8211; Universidade Federal de Pelotas<\/li>\n\n\n\n<li>Maria Dolores Lima da Silva &#8211; <a href=\"https:\/\/cienciapolitica.org.br\/web\/index.php\/pt-br\/organizacao\/ufpa-universidade-federal-para\"><\/a>UFPA &#8211; Universidade Federal do Par\u00e1<\/li>\n\n\n\n<li>Vanessa Elias de Oliveira &#8211; UFABC &#8211; Universidade Federal do ABC<\/li>\n<\/ul>\n<\/li>\n<\/ul>\n\n\n\n<ul class=\"wp-block-list\">\n<li>Comit\u00ea de G\u00eanero, Ra\u00e7a e Diversidade Sexual\n<ul class=\"wp-block-list\">\n<li>Cristiano Rodrigues &#8211; UFMG &#8211; Universidade Federal de Minas Gerais<\/li>\n\n\n\n<li>Danusa Marques &#8211; UnB &#8211; Universidade de Bras\u00edlia<\/li>\n\n\n\n<li>Layla Daniele Pedreira de Carvalho &#8211; USP &#8211; Universidade de S\u00e3o Paulo<\/li>\n<\/ul>\n<\/li>\n<\/ul>\n<\/div>\n\n\n\n<h2 class=\"wp-block-heading has-text-align-center\">2016-2018<\/h2>\n\n\n\n<ul style=\"font-size:15px\" class=\"wp-block-list\">\n<li>Presid\u00eancia: Renato Perissinotto &#8211; UFPR &#8211; Universidade Federal do Paran\u00e1<\/li>\n\n\n\n<li>Secretaria Executiva: Cristina Buarque de Hollanda &#8211; IESP-UERJ &#8211; Instituto de Estudos Sociais e Pol\u00edticos<\/li>\n\n\n\n<li>Secretaria Executiva Adjunta: Cl\u00e1udia Faria &#8211; UFMG &#8211; Universidade Federal de Minas Gerais<\/li>\n\n\n\n<li>Diretoria de Coopera\u00e7\u00e3o Internacional: Marcelo Medeiros &#8211; UFPE &#8211; Universidade Federal de Pernambuco<\/li>\n\n\n\n<li>Diretoria de Publica\u00e7\u00f5es: Oswaldo Amaral &#8211; UNICAMP<\/li>\n\n\n\n<li>Diretoria de Projetos: Luciana Veiga &#8211; UNIRIO &#8211; Universidade Federal do Estado do Rio de Janeiro<\/li>\n\n\n\n<li>Diretoria de Pesquisa: Wagner Mancuso &#8211; USP &#8211; Universidade de S\u00e3o Paulo<\/li>\n\n\n\n<li>Diretoria de Ensino de Gradua\u00e7\u00e3o: L\u00edgia Madeira &#8211; UFRGS &#8211; Universidade Federal do Rio Grande do Sul<\/li>\n\n\n\n<li>Diretoria de Ensino de P\u00f3s-gradua\u00e7\u00e3o: Andr\u00e9 Borges &#8211; UnB &#8211; Universidade de Bras\u00edlia<\/li>\n<\/ul>\n\n\n\n<ul style=\"font-size:15px\" class=\"wp-block-list\">\n<li>Conselho Fiscal\n<ul class=\"wp-block-list\">\n<li>Pedro Mundim &#8211; UFG &#8211; Universidade Federal de Goi\u00e1s<\/li>\n\n\n\n<li>B\u00e1rbara Dias &#8211; UFPA &#8211; Universidade Federal do Par\u00e1<\/li>\n\n\n\n<li>Henrique Menezes &#8211; UFPB &#8211; Universidade Federal da Para\u00edba<\/li>\n<\/ul>\n<\/li>\n<\/ul>\n\n\n\n<h2 class=\"wp-block-heading has-text-align-center\">2014\u20132016<\/h2>\n\n\n\n<ul style=\"font-size:15px\" class=\"wp-block-list\">\n<li>Presid\u00eancia: Leonardo Avritzer &#8211; UFMG &#8211; Universidade Federal de Minas Gerais<\/li>\n\n\n\n<li>Secretaria Executiva: Carlos R. S. Milani &#8211; IESP-UERJ &#8211; Instituto de Estudos Sociais e Pol\u00edticos<\/li>\n\n\n\n<li>Secretaria Executiva Adjunta: Maria do Socorro Braga &#8211; <a href=\"https:\/\/cienciapolitica.org.br\/web\/index.php\/pt-br\/organizacao\/ufscar-universidade-federal-sao-carlos\"><\/a><a href=\"https:\/\/www.ppgpol.ufscar.br\/pt-br\" target=\"_blank\" rel=\"noreferrer noopener\"><\/a><a href=\"https:\/\/www.ppgpol.ufscar.br\/pt-br\" target=\"_blank\" rel=\"noreferrer noopener\"><\/a>UFSCar &#8211; Universidade Federal de S\u00e3o Carlos<\/li>\n\n\n\n<li>Diretoria de Ensino de Gradua\u00e7\u00e3o: Celso A. Vaz &#8211; UFPA &#8211; Universidade Federal do Par\u00e1<\/li>\n\n\n\n<li>Diretoria de Ensino de P\u00f3s-gradua\u00e7\u00e3o: Rachel Meneguello &#8211; UNICAMP<\/li>\n\n\n\n<li>Diretoria de Pesquisa: Ricardo Borges &#8211; UFPE &#8211; Universidade Federal de Pernambuco<\/li>\n\n\n\n<li>Diretoria de Coopera\u00e7\u00e3o Internacional: Silvana Krause &#8211; UFRGS &#8211; Universidade Federal do Rio Grande do Sul<\/li>\n\n\n\n<li>Diretoria de Projetos: Rebecca N. Abers &#8211; UnB &#8211; Universidade de Bras\u00edlia<\/li>\n\n\n\n<li>Diretoria de Publica\u00e7\u00f5es: Renato Perissinotto &#8211; UFPR &#8211; Universidade Federal do Paran\u00e1<\/li>\n<\/ul>\n\n\n\n<ul style=\"font-size:15px\" class=\"wp-block-list\">\n<li>Conselho Fiscal\n<ul class=\"wp-block-list\">\n<li>Alvino Sanches &#8211; UFBA &#8211; Universidade Federal da Bahia<\/li>\n\n\n\n<li>Henrique Menezes &#8211; UFPB &#8211; Universidade Federal da Para\u00edba<\/li>\n\n\n\n<li>Patricia F. F. Arienti &#8211; UFSC &#8211; Universidade Federal de Santa Catarina<\/li>\n<\/ul>\n<\/li>\n<\/ul>\n\n\n\n<h2 class=\"wp-block-heading has-text-align-center\">2012\u20132014<\/h2>\n\n\n\n<ul style=\"font-size:15px\" class=\"wp-block-list\">\n<li>Presid\u00eancia: Leonardo Avritzer &#8211; UFMG &#8211; Universidade Federal de Minas Gerais<\/li>\n\n\n\n<li>Secretaria Executiva: Carlos R. S. Milani &#8211; IESP-UERJ &#8211; Instituto de Estudos Sociais e Pol\u00edticos<\/li>\n\n\n\n<li>Secretaria Executiva Adjunta: Rachel Meneguello &#8211; UNICAMP<\/li>\n\n\n\n<li>Diretoria de Ensino de Gradua\u00e7\u00e3o: Maria do Socorro Braga &#8211; UFSCar &#8211; Universidade Federal de S\u00e3o Carlos<\/li>\n\n\n\n<li>Diretoria de Pesquisa: Ricardo Borges &#8211; UFPE &#8211; Universidade Federal de Pernambuco<\/li>\n\n\n\n<li>Diretoria de Coopera\u00e7\u00e3o Internacional: Rodrigo Stumpf Gonz\u00e1lez &#8211; UFRGS &#8211; Universidade Federal do Rio Grande do Sul<\/li>\n\n\n\n<li>Diretoria de Projetos: Rebecca N. Abers &#8211; UnB &#8211; Universidade de Bras\u00edlia<\/li>\n\n\n\n<li>Diretoria de Publica\u00e7\u00f5es: Renato Perissinotto &#8211; UFPR &#8211; Universidade Federal do Paran\u00e1<\/li>\n<\/ul>\n\n\n\n<ul style=\"font-size:15px\" class=\"wp-block-list\">\n<li>Conselho Fiscal\n<ul class=\"wp-block-list\">\n<li>Daniel M. C. de Arag\u00e3o<\/li>\n\n\n\n<li>Raquel B. C. Leal de Melo<\/li>\n\n\n\n<li>Celso A. Vaz &#8211; UFPA &#8211; Universidade Federal do Par\u00e1<\/li>\n<\/ul>\n<\/li>\n<\/ul>\n\n\n\n<h2 class=\"wp-block-heading has-text-align-center\">2010-2012<\/h2>\n\n\n\n<ul class=\"wp-block-list\">\n<li style=\"font-size:15px\">Presid\u00eancia: Fabiano Guilherme Santos &#8211; UERJ &#8211; Universidade do Estado do Rio de Janeiro<\/li>\n\n\n\n<li style=\"font-size:15px\">Secretaria Executiva: Am\u00e2ncio Jorge de Oliveira &#8211; USP &#8211; Universidade de S\u00e3o Paulo<\/li>\n\n\n\n<li style=\"font-size:15px\">Secretaria Adjunta: Luciana Fernandes Veiga &#8211; UFPR &#8211; Universidade Federal do Paran\u00e1<\/li>\n\n\n\n<li style=\"font-size:15px\">Secretaria Adjunta: Bruno Wanderley Reis -UFMG &#8211; Universidade Federal de Minas Gerais<\/li>\n\n\n\n<li style=\"font-size:15px\">Diretoria: Eduardo Noronha &#8211; UFSCar &#8211; Universidade Federal de S\u00e3o Carlos<\/li>\n\n\n\n<li style=\"font-size:15px\">Diretoria: Marcelo Medeiros &#8211; UFPE &#8211; Universidade Federal de Pernambuco<\/li>\n\n\n\n<li style=\"font-size:15px\">Diretoria: Isabel Noll &#8211; UFRGS &#8211; Universidade Federal do Rio Grande do Sul<\/li>\n\n\n\n<li style=\"font-size:15px\">Diretoria: Maria Helena de Castro Santos &#8211; UnB &#8211; Universidade de Bras\u00edlia<\/li>\n\n\n\n<li style=\"font-size:15px\">Conselho Fiscal\n<ul class=\"wp-block-list\">\n<li>Janaina Onuki &#8211; USP &#8211; Universidade de S\u00e3o Paulo<\/li>\n\n\n\n<li>Paulo F\u00e1bio Dantas &#8211; UFBA &#8211; Universidade Federal da Bahia<\/li>\n\n\n\n<li>Luzia Miranda Alvarez &#8211; UFPA &#8211; Universidade Federal do Par\u00e1<\/li>\n<\/ul>\n<\/li>\n<\/ul>\n\n\n\n<h2 class=\"wp-block-heading has-text-align-center\">2008-2010<\/h2>\n\n\n\n<ul class=\"wp-block-list\">\n<li style=\"font-size:15px\">Presid\u00eancia: Fabiano Guilherme Santos &#8211; UERJ &#8211; Universidade do Estado do Rio de Janeiro<\/li>\n\n\n\n<li style=\"font-size:15px\">Secretaria Executiva: Am\u00e2ncio Jorge de Oliveira &#8211; USP &#8211; Universidade de S\u00e3o Paulo<\/li>\n\n\n\n<li style=\"font-size:15px\">Secretaria Adjunta: Andrei Koerner &#8211; UNICAMP<\/li>\n\n\n\n<li style=\"font-size:15px\">Secretaria Adjunta: Bruno Wanderley Reis -UFMG &#8211; Universidade Federal de Minas Gerais<\/li>\n\n\n\n<li style=\"font-size:15px\">Diretoria: Eduardo Noronha &#8211; UFSCar &#8211; Universidade Federal de S\u00e3o Carlos<\/li>\n\n\n\n<li style=\"font-size:15px\">Diretoria: Marcelo Medeiros &#8211; UFPE &#8211; Universidade Federal de Pernambuco<\/li>\n\n\n\n<li style=\"font-size:15px\">Diretoria: Isabel Noll &#8211; UFRGS &#8211; Universidade Federal do Rio Grande do Sul<\/li>\n\n\n\n<li style=\"font-size:15px\">Diretoria: Maria Helena de Castro Santos &#8211; UnB &#8211; Universidade de Bras\u00edlia<\/li>\n\n\n\n<li style=\"font-size:15px\">Conselho Fiscal\n<ul class=\"wp-block-list\">\n<li style=\"font-size:15px\">Luciana Fernandes Veiga &#8211; UFPR &#8211; Universidade Federal do Paran\u00e1<\/li>\n\n\n\n<li style=\"font-size:15px\">Paulo F\u00e1bio Dantas &#8211; UFBA &#8211; Universidade Federal da Bahia<\/li>\n\n\n\n<li style=\"font-size:15px\">Luzia Miranda Alvarez &#8211; UFPA &#8211; Universidade Federal do Par\u00e1<\/li>\n<\/ul>\n<\/li>\n<\/ul>\n\n\n\n<h2 class=\"wp-block-heading has-text-align-center\">2006-2008<\/h2>\n\n\n\n<ul class=\"wp-block-list\">\n<li style=\"font-size:15px\">Presid\u00eancia: Maria Herm\u00ednia Tavares de Almeida &#8211; CEBRAP &#8211; Centro Brasileiro de An\u00e1lise e Planejamento<\/li>\n\n\n\n<li style=\"font-size:15px\">Secretaria Executiva: Leticia Pinheiro &#8211; UERJ &#8211; Universidade do Estado do Rio de Janeiro<\/li>\n<\/ul>\n\n\n\n<h2 class=\"wp-block-heading has-text-align-center\">2004-2006<\/h2>\n\n\n\n<ul class=\"wp-block-list\">\n<li style=\"font-size:15px\">Presid\u00eancia: Maria Herm\u00ednia Tavares de Almeida &#8211; CEBRAP &#8211; Centro Brasileiro de An\u00e1lise e Planejamento<\/li>\n\n\n\n<li style=\"font-size:15px\">Secretaria Executiva: Marcus Figueiredo<\/li>\n<\/ul>\n\n\n\n<h2 class=\"wp-block-heading has-text-align-center\">2002-2004<\/h2>\n\n\n\n<ul class=\"wp-block-list\">\n<li style=\"font-size:15px\">Presid\u00eancia: Gl\u00e1ucio Soares<\/li>\n\n\n\n<li style=\"font-size:15px\">Secretaria Executiva: S\u00f4nia Miriam Draibe<\/li>\n<\/ul>\n\n\n\n<h2 class=\"wp-block-heading has-text-align-center\">2000-2002<\/h2>\n\n\n\n<ul class=\"wp-block-list\">\n<li style=\"font-size:15px\">Presid\u00eancia: Gl\u00e1ucio Soares<\/li>\n\n\n\n<li style=\"font-size:15px\">Secretaria Executiva: S\u00f4nia Miriam Draibe<\/li>\n<\/ul>\n\n\n\n<h2 class=\"wp-block-heading has-text-align-center\">1998-2000<\/h2>\n\n\n\n<ul class=\"wp-block-list\">\n<li style=\"font-size:15px\">Presid\u00eancia: Lourdes Sola<\/li>\n\n\n\n<li style=\"font-size:15px\">Secretaria Executiva: Renato Lessa &#8211; UFF &#8211; Universidade Federal Fluminense<\/li>\n<\/ul>\n\n\n\n<h2 class=\"wp-block-heading has-text-align-center\">1996-1998<\/h2>\n\n\n\n<ul class=\"wp-block-list\">\n<li style=\"font-size:15px\">Presid\u00eancia: Lourdes Sola<\/li>\n\n\n\n<li style=\"font-size:15px\">Secretaria Executiva: Renato Lessa &#8211; UFF &#8211; Universidade Federal Fluminense<\/li>\n<\/ul>\n\n\n\n<h2 class=\"wp-block-heading has-text-align-center\">1986-1996<\/h2>\n\n\n\n<ul class=\"wp-block-list\">\n<li style=\"font-size:15px\">Presid\u00eancia: Olavo Brasil de Lima J\u00fanior<\/li>\n\n\n\n<li style=\"font-size:15px\">Secretaria Executiva: Maria Teresa Sadek<\/li>\n<\/ul>\n\n\n\n<p><\/p>\n\n\n\n<p><\/p>\n","protected":false},"excerpt":{"rendered":"<p>Nesta p\u00e1gina \u00e9 apresentada a diretoria atual e ainda breves informa\u00e7\u00f5es das diretorias anteriores da Associa\u00e7\u00e3o. Nossa Diretoria \u00e9 composta por 9 membros eleitos diretamente, em conjunto com outros tr\u00eas membros do Conselho Fiscal, mandatos de dois anos.<\/p>\n","protected":false},"author":2,"featured_media":0,"parent":70,"menu_order":0,"comment_status":"closed","ping_status":"closed","template":"elementor_header_footer","meta":{"footnotes":""},"class_list":["post-77","page","type-page","status-publish","hentry"],"_links":{"self":[{"href":"https:\/\/cienciapolitica.org.br\/web\/wp-json\/wp\/v2\/pages\/77","targetHints":{"allow":["GET"]}}],"collection":[{"href":"https:\/\/cienciapolitica.org.br\/web\/wp-json\/wp\/v2\/pages"}],"about":[{"href":"https:\/\/cienciapolitica.org.br\/web\/wp-json\/wp\/v2\/types\/page"}],"author":[{"embeddable":true,"href":"https:\/\/cienciapolitica.org.br\/web\/wp-json\/wp\/v2\/users\/2"}],"replies":[{"embeddable":true,"href":"https:\/\/cienciapolitica.org.br\/web\/wp-json\/wp\/v2\/comments?post=77"}],"version-history":[{"count":83,"href":"https:\/\/cienciapolitica.org.br\/web\/wp-json\/wp\/v2\/pages\/77\/revisions"}],"predecessor-version":[{"id":3230,"href":"https:\/\/cienciapolitica.org.br\/web\/wp-json\/wp\/v2\/pages\/77\/revisions\/3230"}],"up":[{"embeddable":true,"href":"https:\/\/cienciapolitica.org.br\/web\/wp-json\/wp\/v2\/pages\/70"}],"wp:attachment":[{"href":"https:\/\/cienciapolitica.org.br\/web\/wp-json\/wp\/v2\/media?parent=77"}],"curies":[{"name":"wp","href":"https:\/\/api.w.org\/{rel}","templated":true}]}}