{"id":79,"date":"2023-11-25T01:54:53","date_gmt":"2023-11-25T04:54:53","guid":{"rendered":"https:\/\/cienciapolitica-abcp.online\/?page_id=79"},"modified":"2025-03-07T19:23:08","modified_gmt":"2025-03-07T19:23:08","slug":"comite-de-genero-e-raca","status":"publish","type":"page","link":"https:\/\/cienciapolitica.org.br\/web\/institucional\/comite-de-genero-e-raca\/","title":{"rendered":"Comit\u00ea de G\u00eanero, Ra\u00e7a e Diversidade Sexual"},"content":{"rendered":"\n<h2 class=\"wp-block-heading has-text-align-center\">Objetivos do Comit\u00ea<\/h2>\n\n\n\n<p class=\"has-medium-font-size\">O objetivo do Comit\u00ea \u00e9 subsidiar iniciativas para a promo\u00e7\u00e3o da igualdade e o respeito \u00e0 diversidade na Ci\u00eancia Pol\u00edtica brasileira. Para tanto, ter\u00e1 como fun\u00e7\u00f5es:<\/p>\n\n\n\n<p class=\"has-medium-font-size\" style=\"font-style:normal;font-weight:400\">i) Agregar ou produzir dados que possam fundamentar iniciativas para a promo\u00e7\u00e3o da igualdade e o respeito \u00e0 diversidade na \u00e1rea de Ci\u00eancia Pol\u00edtica;<\/p>\n\n\n\n<p class=\"has-medium-font-size\" style=\"font-style:normal;font-weight:400\">ii) Buscar parcerias para o incentivo \u00e0 pesquisa e para a produ\u00e7\u00e3o de material did\u00e1tico sobre os obst\u00e1culos \u00e0 igualdade de g\u00eanero e ao respeito \u00e0 diversidade sexual na pol\u00edtica;<\/p>\n\n\n\n<p class=\"has-medium-font-size\" style=\"font-style:normal;font-weight:400\">iii) Estabelecer rela\u00e7\u00f5es com outras associa\u00e7\u00f5es da \u00e1rea de Ci\u00eancia Pol\u00edtica e de \u00e1reas afins, para melhor conhecer experi\u00eancias j\u00e1 existentes e para a busca de parcerias em iniciativas para a promo\u00e7\u00e3o da igualdade e do respeito \u00e0 diversidade na \u00e1rea de Ci\u00eancia Pol\u00edtica.<\/p>\n\n\n\n<p><\/p>\n\n\n\n<h2 class=\"wp-block-heading has-text-align-center\">2024-2026<\/h2>\n\n\n\n<ul class=\"wp-block-list\">\n<li class=\"has-medium-font-size\">Andr\u00e9a Lopes da Costa &#8211; UniRio (Universidade Federal do Estado do Rio de Janeiro)<\/li>\n\n\n\n<li class=\"has-medium-font-size\">Maira Kubik Taveira Mano &#8211; UFBA (Universidade Federal da Bahia)<\/li>\n\n\n\n<li class=\"has-medium-font-size\">Leonardo Barros Soares &#8211; UFV (Universidade Federal de Vi\u00e7osa)<\/li>\n<\/ul>\n\n\n\n<p><\/p>\n\n\n\n<h2 class=\"wp-block-heading has-text-align-center\">2022-2024<\/h2>\n\n\n\n<ul class=\"wp-block-list\">\n<li style=\"font-size:16px\">Monique Menezes &#8211; UFPI (Universidade Federal do Piau\u00ed)<\/li>\n\n\n\n<li style=\"font-size:16px\">Rayani Mariano dos Santos &#8211; UFG (Universidade Federal de Goi\u00e1s)<\/li>\n\n\n\n<li style=\"font-size:16px\">Rayza Sarmento de Sousa &#8211; UFPA (Universidade Federal do Par\u00e1)<\/li>\n<\/ul>\n\n\n\n<p><\/p>\n\n\n\n<h2 class=\"wp-block-heading has-text-align-center\">2020-2022<\/h2>\n\n\n\n<ul class=\"wp-block-list\">\n<li style=\"font-size:16px\">Anna Carolina Venturini &#8211; CEBRAP (Centro Brasileiro de An\u00e1lise e Planejamento)<\/li>\n\n\n\n<li style=\"font-size:16px\">Teresa Sacchet<\/li>\n\n\n\n<li style=\"font-size:16px\">Cristiano dos Santos Rodrigues &#8211; (UFMG &#8211; Universidade Federal de Minas Gerais)<\/li>\n<\/ul>\n\n\n\n<p><\/p>\n","protected":false},"excerpt":{"rendered":"<p>Objetivos do Comit\u00ea O objetivo do Comit\u00ea \u00e9 subsidiar iniciativas para a promo\u00e7\u00e3o da igualdade e o respeito \u00e0 diversidade na Ci\u00eancia Pol\u00edtica brasileira. Para tanto, ter\u00e1 como fun\u00e7\u00f5es: i) Agregar ou produzir dados que possam fundamentar iniciativas para a promo\u00e7\u00e3o da igualdade e o respeito \u00e0 diversidade na \u00e1rea de Ci\u00eancia Pol\u00edtica; ii) Buscar parcerias para o incentivo \u00e0 pesquisa e para a produ\u00e7\u00e3o de material did\u00e1tico sobre os obst\u00e1culos \u00e0 igualdade de g\u00eanero e ao respeito \u00e0 diversidade sexual na pol\u00edtica; iii) Estabelecer rela\u00e7\u00f5es com outras associa\u00e7\u00f5es da \u00e1rea de Ci\u00eancia Pol\u00edtica e de \u00e1reas afins, para melhor conhecer experi\u00eancias j\u00e1 existentes e para a busca de parcerias em iniciativas para a promo\u00e7\u00e3o da igualdade e do respeito \u00e0 diversidade na \u00e1rea de Ci\u00eancia Pol\u00edtica. 2024-2026 2022-2024 2020-2022<\/p>\n","protected":false},"author":2,"featured_media":0,"parent":70,"menu_order":0,"comment_status":"closed","ping_status":"closed","template":"elementor_header_footer","meta":{"footnotes":""},"class_list":["post-79","page","type-page","status-publish","hentry"],"_links":{"self":[{"href":"https:\/\/cienciapolitica.org.br\/web\/wp-json\/wp\/v2\/pages\/79","targetHints":{"allow":["GET"]}}],"collection":[{"href":"https:\/\/cienciapolitica.org.br\/web\/wp-json\/wp\/v2\/pages"}],"about":[{"href":"https:\/\/cienciapolitica.org.br\/web\/wp-json\/wp\/v2\/types\/page"}],"author":[{"embeddable":true,"href":"https:\/\/cienciapolitica.org.br\/web\/wp-json\/wp\/v2\/users\/2"}],"replies":[{"embeddable":true,"href":"https:\/\/cienciapolitica.org.br\/web\/wp-json\/wp\/v2\/comments?post=79"}],"version-history":[{"count":14,"href":"https:\/\/cienciapolitica.org.br\/web\/wp-json\/wp\/v2\/pages\/79\/revisions"}],"predecessor-version":[{"id":3371,"href":"https:\/\/cienciapolitica.org.br\/web\/wp-json\/wp\/v2\/pages\/79\/revisions\/3371"}],"up":[{"embeddable":true,"href":"https:\/\/cienciapolitica.org.br\/web\/wp-json\/wp\/v2\/pages\/70"}],"wp:attachment":[{"href":"https:\/\/cienciapolitica.org.br\/web\/wp-json\/wp\/v2\/media?parent=79"}],"curies":[{"name":"wp","href":"https:\/\/api.w.org\/{rel}","templated":true}]}}