{"id":83,"date":"2023-11-25T02:00:00","date_gmt":"2023-11-25T05:00:00","guid":{"rendered":"https:\/\/cienciapolitica-abcp.online\/?page_id=83"},"modified":"2025-09-12T17:59:39","modified_gmt":"2025-09-12T17:59:39","slug":"projetos","status":"publish","type":"page","link":"https:\/\/cienciapolitica.org.br\/web\/projetos\/","title":{"rendered":"Projetos"},"content":{"rendered":"\t\t<div data-elementor-type=\"wp-page\" data-elementor-id=\"83\" class=\"elementor elementor-83\">\n\t\t\t\t<div class=\"elementor-element elementor-element-71c79ea6 e-flex e-con-boxed wpr-particle-no wpr-jarallax-no wpr-parallax-no wpr-sticky-section-no wpr-equal-height-no e-con e-parent\" data-id=\"71c79ea6\" data-element_type=\"container\" data-e-type=\"container\">\n\t\t\t\t\t<div class=\"e-con-inner\">\n\t\t\t\t<div class=\"elementor-element elementor-element-37503514 elementor-widget elementor-widget-text-editor\" data-id=\"37503514\" data-element_type=\"widget\" data-e-type=\"widget\" data-widget_type=\"text-editor.default\">\n\t\t\t\t<div class=\"elementor-widget-container\">\n\t\t\t\t\t\t\t\t\t\n<h3><a href=\"https:\/\/cienciapolitica.org.br\/web\/dialogos-da-regional-sudeste-entrevistas\">Di\u00e1logos da Regional Sudeste<\/a>\u00a0<\/h3>\n<p>S\u00e9rie de entrevistas, realizadas e coordenadas pela Diretoria da Regional Sudeste Gest\u00e3o 2023-25, com ex membros das Diretorias da ABCP.<\/p>\n<p>\u00a0<\/p>\n<h3 class=\"wpr-post-title\"><a href=\"https:\/\/cienciapolitica.org.br\/web\/retificacao-edital-2025-programa-de-auxilio-a-pesquisa-da-abcp-profissionalizacao-da-ciencia-politica\">Programa de Aux\u00edlio \u00e0 Pesquisa da ABCP: Profissionaliza\u00e7\u00e3o da Ci\u00eancia Pol\u00edtica<\/a><\/h3>\n<p>O presente edital visa a pesquisar a profissionaliza\u00e7\u00e3o da Ci\u00eancia Pol\u00edtica no Brasil e nos demais pa\u00edses, com foco nas maneiras como se d\u00e1 sua eventual regulamenta\u00e7\u00e3o formal.<\/p>\n\n<h3 class=\"wp-block-heading\">\u00a0<\/h3>\n<h3 class=\"wp-block-heading\"><a href=\"https:\/\/cienciapolitica.org.br\/web\/auxilio-a-pesquisa-diagnostico-da-politica-de-cotas-na-pos-graduacao-em-cp-ri-no-brasil\/\" data-type=\"link\" data-id=\"https:\/\/cienciapolitica.org.br\/web\/auxilio-a-pesquisa-diagnostico-da-politica-de-cotas-na-pos-graduacao-em-cp-ri-no-brasil\/\">Aux\u00edlio \u00e0 Pesquisa: Diagn\u00f3stico da Pol\u00edtica de Cotas na P\u00f3s-Gradua\u00e7\u00e3o em CP\/RI no Brasil<\/a><\/h3>\n\n<p>O Programa de Aux\u00edlio \u00e0 Pesquisa da ABCP deriva de compromissos institucionais assumidos pela Associa\u00e7\u00e3o na defesa e promo\u00e7\u00e3o das Ci\u00eancias Sociais brasileiras. O presente edital visa apoiar um diagn\u00f3stico sobre a pol\u00edtica de cotas nos programas de p\u00f3s-gradua\u00e7\u00e3o em Ci\u00eancia Pol\u00edtica, Rela\u00e7\u00f5es Internacionais, Defesa e Pol\u00edticas P\u00fablicas (\u00e1rea de CP\/RI na Capes) em todo o territ\u00f3rio nacional.<br \/><br \/>Link com Relat\u00f3rio final da bolsista contemplada.<\/p>\n\n<p>\u00a0<\/p>\n\n<h3 class=\"wp-block-heading\"><a href=\"https:\/\/cienciapolitica.org.br\/web\/auxilio-a-pesquisa-para-recem-doutorases\/\">Aux\u00edlio \u00e0 pesquisa para rec\u00e9m-doutoras(es)<\/a><\/h3>\n\n<p>O Programa de Aux\u00edlio \u00e0 Pesquisa da ABCP deriva de compromissos institucionais assumidos pela Associa\u00e7\u00e3o na defesa e promo\u00e7\u00e3o das Ci\u00eancias Sociais brasileiras. <br \/><br \/>Link com Relat\u00f3rios finais dos bolsistas contemplados.<\/p>\n\n<p>\u00a0<\/p>\n\n<h3 class=\"wp-block-heading\"><a href=\"https:\/\/www.youtube.com\/playlist?list=PLraHERXsG-nb7ZErr0yYvtpwR2m4_y05u\">Ci\u00eancia Pol\u00edtica Debate<\/a><\/h3>\n\n<p>Ci\u00eancia Pol\u00edtica Debate \u00e9 um projeto da ABCP com objetivo de trazer para discuss\u00e3o temas atuais e relevantes para a nossa comunidade. O formato ser\u00e3o de mesas redondas, transmitidas pelo YouTube, com convidados especialistas e espa\u00e7o para perguntas e respostas do p\u00fablico.<\/p>\n\n<p>\u00a0<\/p>\n\n<h3 class=\"wp-block-heading\"><a href=\"https:\/\/pp.nexojornal.com.br\/index\/2023\/ABCP-2023\">ABCP &amp; Nexo Pol\u00edticas P\u00fablicas<\/a><\/h3>\n\n<p>S\u00e9rie de ensaios, no \u2018Nexo Pol\u00edticas P\u00fablicas\u2019, da parceria com a ABCP (Associa\u00e7\u00e3o Brasileira de Ci\u00eancia Pol\u00edtica) sobre os desafios e prioridades do novo governo em 2023.\u00a0Os autores s\u00e3o pesquisadores associados \u00e0 ABCP. Leia todos os ensaios, com acesso livre, neste \u00edndex:\u00a0<a href=\"https:\/\/pp.nexojornal.com.br\/index\/2023\/ABCP-2023\">https:\/\/pp.nexojornal.com.br\/index\/2023\/ABCP-2023<\/a>\u00a0<\/p>\n\n<p>\u00a0<\/p>\n\n<h3 class=\"wp-block-heading\">Small Research Grants Programme<\/h3>\n\n<p>Programa de apoio a pesquisas da ABCP, voltado aos seus associados.<\/p>\n\n<p>\u00a0<\/p>\n\n<h3 class=\"wp-block-heading\"><a href=\"https:\/\/cienciapolitica.org.br\/web\/ciencia-politica-e-povos-indigenas\/\">PROJETO ABCP IND\u00cdGENA<\/a><\/h3>\n\n<p>Reposit\u00f3rio de textos sobre: CI\u00caNCIA POL\u00cdTICA E POVOS IND\u00cdGENAS<\/p>\n\n<p>\u00a0<\/p>\n\n<h3 class=\"wp-block-heading\">Boletim Ci\u00eancias Sociais Articuladas<\/h3>\n\n<p>Este boletim re\u00fane iniciativas de defesa das Ci\u00eancias Sociais brasileiras desenvolvidas pela articula\u00e7\u00e3o entre\u00a0ABA,\u00a0ABCP, ANPOCS\u00a0e\u00a0SBS.<\/p>\n\n<p>\u00a0<\/p>\n\n<h3 class=\"wp-block-heading\">ESPECIAL ABCP 5\u00aa edi\u00e7\u00e3o: Os governos estaduais e as a\u00e7\u00f5es de enfrentamento \u00e0 pandemia no Brasil<\/h3>\n\n<p>Acompanhe a 5\u00aa edi\u00e7\u00e3o do Especial ABCP &#8220;Os governos estaduais e as a\u00e7\u00f5es de enfrentamento \u00e0 pandemia no Brasil&#8221;, com an\u00e1lises atualizadas sobre o estado das 27 unidades federativas do Pa\u00eds no combate \u00e0 covid-19.\u00a0Em 27 ensaios, um para cada estado e Distrito Federal, cientistas pol\u00edticos da ABCP refletem sobre as medidas de conten\u00e7\u00e3o das contamina\u00e7\u00f5es pelo novo coronav\u00edrus a partir das a\u00e7\u00f5es locais.\u00a0<\/p>\n\n<p>\u00a0<\/p>\n\n<h3 class=\"wp-block-heading\"><a href=\"https:\/\/cienciapolitica.org.br\/web\/primeiro-semestre-governo-bolsonaro-visto-por\/\">Parceria Nexo-ABCP: cientistas pol\u00edticos analisam o governo Bolsonaro<\/a><\/h3>\n\n<p>A parceria entre a ABCP e o Nexo Jornal, iniciada em junho de 2019, deu origem a uma s\u00e9rie de ensaios que analisou, inicialmente, o primeiro semestre do governo Bolsonaro e, posteriormente, o primeiro ano de sua administra\u00e7\u00e3o.<\/p>\n\n<p>\u00a0<\/p>\n\n<h3 class=\"wp-block-heading\"><a href=\"https:\/\/www.youtube.com\/playlist?list=PLraHERXsG-nYW5O8IiFteVyC5S8W1Y5fo\">Webinars Brazilian Political Science Review<\/a><\/h3>\n\n<p>A\u00a0<a href=\"https:\/\/brazilianpoliticalsciencereview.org\/\"><em>Brazilian Political Science Review<\/em><\/a>\u00a0(BPSR), criada em 2007, \u00e9 um peri\u00f3dico da Associa\u00e7\u00e3o Brasileira de Ci\u00eancia Pol\u00edtica.<\/p>\n\n<p>\u00a0<\/p>\n\n<h3 class=\"wp-block-heading\">ESPECIAL ABCP 4\u00aa edi\u00e7\u00e3o: Os governos estaduais e as a\u00e7\u00f5es de enfrentamento \u00e0 pandemia no Brasil<\/h3>\n\n<p>Acompanhe a 4\u00aa edi\u00e7\u00e3o do Especial ABCP &#8220;Os governos estaduais e as a\u00e7\u00f5es de enfrentamento \u00e0 pandemia no Brasil&#8221;, com an\u00e1lises atualizadas sobre o estado das 27 unidades federativas do Pa\u00eds no combate \u00e0 covid-19.\u00a0Em 27 ensaios, um para cada estado e distrito federal, cientistas pol\u00edticos da ABCP refletem sobre as medidas de conten\u00e7\u00e3o das contamina\u00e7\u00f5es pelo novo coronav\u00edrus a partir das a\u00e7\u00f5es locais.\u00a0<\/p>\n\n<p>\u00a0<\/p>\n\n<h3 class=\"wp-block-heading\"><a href=\"https:\/\/cienciapolitica.org.br\/web\/curso-mulheres-rumo-ao-poder\/\">Curso Mulheres Rumo ao Poder<\/a><\/h3>\n\n<p>\u201cMulheres rumo ao poder\u201d \u00e9 uma forma\u00e7\u00e3o remota, aberta e gratuita, voltada para mulheres candidatas a cargos dos poderes Legislativo e Executivo nas pr\u00f3ximas elei\u00e7\u00f5es.\u00a0<\/p>\n\t\t\t\t\t\t\t\t<\/div>\n\t\t\t\t<\/div>\n\t\t\t\t\t<\/div>\n\t\t\t\t<\/div>\n\t\t\t\t<\/div>\n\t\t","protected":false},"excerpt":{"rendered":"<p>Di\u00e1logos da Regional Sudeste\u00a0 S\u00e9rie de entrevistas, realizadas e coordenadas pela Diretoria da Regional Sudeste Gest\u00e3o 2023-25, com ex membros das Diretorias da ABCP. \u00a0 Programa de Aux\u00edlio \u00e0 Pesquisa da ABCP: Profissionaliza\u00e7\u00e3o da Ci\u00eancia Pol\u00edtica O presente edital visa a pesquisar a profissionaliza\u00e7\u00e3o da Ci\u00eancia Pol\u00edtica no Brasil e nos demais pa\u00edses, com foco nas maneiras como se d\u00e1 sua eventual regulamenta\u00e7\u00e3o formal. \u00a0 Aux\u00edlio \u00e0 Pesquisa: Diagn\u00f3stico da Pol\u00edtica de Cotas na P\u00f3s-Gradua\u00e7\u00e3o em CP\/RI no Brasil O Programa de Aux\u00edlio \u00e0 Pesquisa da ABCP deriva de compromissos institucionais assumidos pela Associa\u00e7\u00e3o na defesa e promo\u00e7\u00e3o das Ci\u00eancias Sociais brasileiras. O presente edital visa apoiar um diagn\u00f3stico sobre a pol\u00edtica de cotas nos programas de p\u00f3s-gradua\u00e7\u00e3o em Ci\u00eancia Pol\u00edtica, Rela\u00e7\u00f5es Internacionais, Defesa e Pol\u00edticas P\u00fablicas (\u00e1rea de CP\/RI na Capes) em todo o territ\u00f3rio nacional. Link com Relat\u00f3rio final da bolsista contemplada. \u00a0 Aux\u00edlio \u00e0 pesquisa para rec\u00e9m-doutoras(es) O Programa de Aux\u00edlio \u00e0 Pesquisa da ABCP deriva de compromissos institucionais assumidos pela Associa\u00e7\u00e3o na defesa e promo\u00e7\u00e3o das Ci\u00eancias Sociais brasileiras. Link com Relat\u00f3rios finais dos bolsistas contemplados. \u00a0 Ci\u00eancia Pol\u00edtica Debate Ci\u00eancia Pol\u00edtica Debate \u00e9 um projeto da ABCP com objetivo de trazer para discuss\u00e3o temas atuais e relevantes para a nossa comunidade. O formato ser\u00e3o de mesas redondas, transmitidas pelo YouTube, com convidados especialistas e espa\u00e7o para perguntas e respostas do p\u00fablico. \u00a0 ABCP &amp; Nexo Pol\u00edticas P\u00fablicas S\u00e9rie de ensaios, no \u2018Nexo Pol\u00edticas P\u00fablicas\u2019, da parceria com a ABCP (Associa\u00e7\u00e3o Brasileira de Ci\u00eancia Pol\u00edtica) sobre os desafios e prioridades do novo governo em 2023.\u00a0Os autores s\u00e3o pesquisadores associados \u00e0 ABCP. Leia todos os ensaios, com acesso livre, neste \u00edndex:\u00a0https:\/\/pp.nexojornal.com.br\/index\/2023\/ABCP-2023\u00a0 \u00a0 Small Research Grants Programme Programa de apoio a pesquisas da ABCP, voltado aos seus associados. \u00a0 PROJETO ABCP IND\u00cdGENA Reposit\u00f3rio de textos sobre: CI\u00caNCIA POL\u00cdTICA E POVOS IND\u00cdGENAS \u00a0 Boletim Ci\u00eancias Sociais Articuladas Este boletim re\u00fane iniciativas de defesa das Ci\u00eancias Sociais brasileiras desenvolvidas pela articula\u00e7\u00e3o entre\u00a0ABA,\u00a0ABCP, ANPOCS\u00a0e\u00a0SBS. \u00a0 ESPECIAL ABCP 5\u00aa edi\u00e7\u00e3o: Os governos estaduais e as a\u00e7\u00f5es de enfrentamento \u00e0 pandemia no Brasil Acompanhe a 5\u00aa edi\u00e7\u00e3o do Especial ABCP &#8220;Os governos estaduais e as a\u00e7\u00f5es de enfrentamento \u00e0 pandemia no Brasil&#8221;, com an\u00e1lises atualizadas sobre o estado das 27 unidades federativas do Pa\u00eds no combate \u00e0 covid-19.\u00a0Em 27 ensaios, um para cada estado e Distrito Federal, cientistas pol\u00edticos da ABCP refletem sobre as medidas de conten\u00e7\u00e3o das contamina\u00e7\u00f5es pelo novo coronav\u00edrus a partir das a\u00e7\u00f5es locais.\u00a0 \u00a0 Parceria Nexo-ABCP: cientistas pol\u00edticos analisam o governo Bolsonaro A parceria entre a ABCP e o Nexo Jornal, iniciada em junho de 2019, deu origem a uma s\u00e9rie de ensaios que analisou, inicialmente, o primeiro semestre do governo Bolsonaro e, posteriormente, o primeiro ano de sua administra\u00e7\u00e3o. \u00a0 Webinars Brazilian Political Science Review A\u00a0Brazilian Political Science Review\u00a0(BPSR), criada em 2007, \u00e9 um peri\u00f3dico da Associa\u00e7\u00e3o Brasileira de Ci\u00eancia Pol\u00edtica. \u00a0 ESPECIAL ABCP 4\u00aa edi\u00e7\u00e3o: Os governos estaduais e as a\u00e7\u00f5es de enfrentamento \u00e0 pandemia no Brasil Acompanhe a 4\u00aa edi\u00e7\u00e3o do Especial ABCP &#8220;Os governos estaduais e as a\u00e7\u00f5es de enfrentamento \u00e0 pandemia no Brasil&#8221;, com an\u00e1lises atualizadas sobre o estado das 27 unidades federativas do Pa\u00eds no combate \u00e0 covid-19.\u00a0Em 27 ensaios, um para cada estado e distrito federal, cientistas pol\u00edticos da ABCP refletem sobre as medidas de conten\u00e7\u00e3o das contamina\u00e7\u00f5es pelo novo coronav\u00edrus a partir das a\u00e7\u00f5es locais.\u00a0 \u00a0 Curso Mulheres Rumo ao Poder \u201cMulheres rumo ao poder\u201d \u00e9 uma forma\u00e7\u00e3o remota, aberta e gratuita, voltada para mulheres candidatas a cargos dos poderes Legislativo e Executivo nas pr\u00f3ximas elei\u00e7\u00f5es.\u00a0<\/p>\n","protected":false},"author":2,"featured_media":0,"parent":0,"menu_order":0,"comment_status":"closed","ping_status":"closed","template":"","meta":{"footnotes":""},"class_list":["post-83","page","type-page","status-publish","hentry"],"_links":{"self":[{"href":"https:\/\/cienciapolitica.org.br\/web\/wp-json\/wp\/v2\/pages\/83","targetHints":{"allow":["GET"]}}],"collection":[{"href":"https:\/\/cienciapolitica.org.br\/web\/wp-json\/wp\/v2\/pages"}],"about":[{"href":"https:\/\/cienciapolitica.org.br\/web\/wp-json\/wp\/v2\/types\/page"}],"author":[{"embeddable":true,"href":"https:\/\/cienciapolitica.org.br\/web\/wp-json\/wp\/v2\/users\/2"}],"replies":[{"embeddable":true,"href":"https:\/\/cienciapolitica.org.br\/web\/wp-json\/wp\/v2\/comments?post=83"}],"version-history":[{"count":12,"href":"https:\/\/cienciapolitica.org.br\/web\/wp-json\/wp\/v2\/pages\/83\/revisions"}],"predecessor-version":[{"id":3561,"href":"https:\/\/cienciapolitica.org.br\/web\/wp-json\/wp\/v2\/pages\/83\/revisions\/3561"}],"wp:attachment":[{"href":"https:\/\/cienciapolitica.org.br\/web\/wp-json\/wp\/v2\/media?parent=83"}],"curies":[{"name":"wp","href":"https:\/\/api.w.org\/{rel}","templated":true}]}}